{"id":1778,"date":"2015-11-20T05:04:53","date_gmt":"2015-11-20T05:04:53","guid":{"rendered":"https:\/\/passagehi.com\/nuestro-equipo\/"},"modified":"2025-10-07T15:01:29","modified_gmt":"2025-10-07T15:01:29","slug":"nuestro-equipo","status":"publish","type":"page","link":"https:\/\/passagehi.com\/es\/nuestro-equipo\/","title":{"rendered":"Nuestro equipo"},"content":{"rendered":"<div class=\"wpb-content-wrapper\"><p>[vc_row css=\u00bb.vc_custom_1449143045313{margin-bottom: 20px !important;}\u00bb][vc_column width=\u00bb1\/3&#8243;][vc_custom_heading text=\u00bbConoce a nuestro personal\u00bb use_theme_fonts=\u00bbyes\u00bb css=\u00bb.vc_custom_1729461687663{margin-bottom: 40px !important;}\u00bb][\/vc_column][vc_column width=\u00bb2\/3&#8243; css=\u00bb.vc_custom_1449143050295{margin-bottom: 30px !important;}\u00bb][vc_column_text css=\u00bb\u00bb]En Passage Health International, nuestro \u00e9xito est\u00e1 impulsado por un equipo de profesionales dedicados con un profundo conocimiento de las reclamaciones m\u00e9dicas internacionales. Nuestros expertos se comprometen a prestar un servicio excepcional, garantizando que el ciclo de ingresos de tu hospital est\u00e9 optimizado y que tus pacientes reciban la atenci\u00f3n que necesitan sin complicaciones financieras.<\/p>\n<p><strong>Nuestro liderazgo:<\/strong><\/p>\n<p>Nuestro equipo directivo aporta d\u00e9cadas de experiencia en asistencia sanitaria, finanzas y conocimientos jur\u00eddicos. Gu\u00edan nuestra visi\u00f3n estrat\u00e9gica y garantizan que nuestros servicios cumplen las normas m\u00e1s estrictas de calidad y fiabilidad.<\/p>\n<p><strong>Nuestros especialistas:<\/strong><\/p>\n<p>Nuestros especialistas conocen bien los entresijos de las p\u00f3lizas de seguros internacionales y la facturaci\u00f3n m\u00e9dica. Trabajan con diligencia para verificar las prestaciones, realizar auditor\u00edas exhaustivas y gestionar las reclamaciones con eficacia para garantizar los mejores resultados a nuestros clientes.[\/vc_column_text][\/vc_column][\/vc_row][vc_row css=\u00bb.vc_custom_1734315181631{margin-bottom: 65px !important;}\u00bb][vc_column width=\u00bb1\/4&#8243;][vc_single_image image=\u00bb1509&#8243; img_size=\u00bb200&#215;200&#8243; onclick=\u00bbcustom_link\u00bb css_animation=\u00bbnone\u00bb css=\u00bb\u00bb link=\u00bbhttps:\/\/passagehi.com\/our-team\/eindar-khant\/\u00bb][vc_column_text css=\u00bb\u00bb]<strong>Eindar Khant, MBA<\/strong><br \/>\nDirector Ejecutivo[\/vc_column_text][\/vc_column][vc_column width=\u00bb1\/4&#8243;][vc_single_image image=\u00bb1508&#8243; img_size=\u00bb200&#215;200&#8243; onclick=\u00bbcustom_link\u00bb css=\u00bb\u00bb link=\u00bbhttps:\/\/passagehi.com\/our-team\/dixan-gonzalez\u00bb][vc_column_text css=\u00bb\u00bb]<strong>Dixan Gonzalez, MBA<\/strong><br \/>\nDirector de Operaciones[\/vc_column_text][\/vc_column][vc_column width=\u00bb1\/4&#8243;][vc_single_image image=\u00bb1564&#8243; img_size=\u00bb200&#215;200&#8243; onclick=\u00bbcustom_link\u00bb css=\u00bb\u00bb link=\u00bbhttps:\/\/passagehi.com\/our-team\/anibal-basualdo\/\u00bb][vc_column_text css=\u00bb\u00bb]<strong>Anibal Basualdo, CPA<\/strong><br \/>\nDirector Financiero[\/vc_column_text][\/vc_column][vc_column width=\u00bb1\/4&#8243;][vc_single_image image=\u00bb2019&#8243; img_size=\u00bb200&#215;200&#8243; onclick=\u00bbcustom_link\u00bb css=\u00bb\u00bb link=\u00bbhttps:\/\/passagehi.com\/our-team\/jose-campins\/\u00bb][vc_column_text css=\u00bb\u00bb]<strong>Jose Campins, Abogado<\/strong><br \/>\nConsejero General[\/vc_column_text][\/vc_column][\/vc_row][vc_row css=\u00bb.vc_custom_1734315192035{margin-bottom: 65px !important;}\u00bb][vc_column width=\u00bb1\/4&#8243;][vc_single_image image=\u00bb1566&#8243; img_size=\u00bb200&#215;200&#8243; onclick=\u00bbcustom_link\u00bb css=\u00bb\u00bb link=\u00bbhttps:\/\/passagehi.com\/our-team\/ronald-lizardo\/\u00bb][vc_column_text css=\u00bb\u00bb]<strong>Ronaldo Lizardo<\/strong><br \/>\nDirector de Relaciones con los Clientes y Desarrollo Empresarial[\/vc_column_text][\/vc_column][vc_column width=\u00bb1\/4&#8243;][vc_single_image image=\u00bb1510&#8243; img_size=\u00bb200&#215;200&#8243; onclick=\u00bbcustom_link\u00bb css=\u00bb\u00bb link=\u00bbhttps:\/\/passagehi.com\/our-team\/martha-ruiz-duenas\/\u00bb][vc_column_text css=\u00bb\u00bb]<strong>Martha P. Ruiz-Duenas, RN, BSN<\/strong><br \/>\nDirectora de Auditor\u00eda y Educaci\u00f3n para la Revisi\u00f3n de Facturas M\u00e9dicas[\/vc_column_text][\/vc_column][vc_column width=\u00bb1\/4&#8243;][vc_single_image image=\u00bb1569&#8243; img_size=\u00bb200&#215;200&#8243; onclick=\u00bbcustom_link\u00bb css=\u00bb\u00bb link=\u00bbhttps:\/\/passagehi.com\/our-team\/giancarlo-castellanos\/\u00bb][vc_column_text css=\u00bb\u00bb]<strong>Giancarlo Castellanos<\/strong><br \/>\nAnalista de Negocio y Control Interno[\/vc_column_text][\/vc_column][vc_column width=\u00bb1\/4&#8243;][vc_single_image image=\u00bb1573&#8243; img_size=\u00bb200&#215;200&#8243; onclick=\u00bbcustom_link\u00bb css=\u00bb\u00bb link=\u00bbhttps:\/\/passagehi.com\/our-team\/joanne-sierra\/\u00bb][vc_column_text css=\u00bb\u00bb]<strong>Joanne Sierra<\/strong><br \/>\nJefa de Reclamaciones[\/vc_column_text][\/vc_column][\/vc_row]<\/p>\n<\/div>","protected":false},"excerpt":{"rendered":"<p>[vc_row css=\u00bb.vc_custom_1449143045313{margin-bottom: 20px !important;}\u00bb][vc_column width=\u00bb1\/3&#8243;][vc_custom_heading text=\u00bbConoce a nuestro personal\u00bb use_theme_fonts=\u00bbyes\u00bb css=\u00bb.vc_custom_1729461687663{margin-bottom: 40px !important;}\u00bb][\/vc_column][vc_column width=\u00bb2\/3&#8243; css=\u00bb.vc_custom_1449143050295{margin-bottom: 30px !important;}\u00bb][vc_column_text css=\u00bb\u00bb]En Passage Health International, nuestro \u00e9xito est\u00e1 impulsado por un equipo de profesionales dedicados con un&#8230;<\/p>\n","protected":false},"author":1,"featured_media":0,"parent":0,"menu_order":0,"comment_status":"closed","ping_status":"closed","template":"","meta":{"footnotes":""},"class_list":["post-1778","page","type-page","status-publish","hentry"],"_links":{"self":[{"href":"https:\/\/passagehi.com\/es\/wp-json\/wp\/v2\/pages\/1778","targetHints":{"allow":["GET"]}}],"collection":[{"href":"https:\/\/passagehi.com\/es\/wp-json\/wp\/v2\/pages"}],"about":[{"href":"https:\/\/passagehi.com\/es\/wp-json\/wp\/v2\/types\/page"}],"author":[{"embeddable":true,"href":"https:\/\/passagehi.com\/es\/wp-json\/wp\/v2\/users\/1"}],"replies":[{"embeddable":true,"href":"https:\/\/passagehi.com\/es\/wp-json\/wp\/v2\/comments?post=1778"}],"version-history":[{"count":7,"href":"https:\/\/passagehi.com\/es\/wp-json\/wp\/v2\/pages\/1778\/revisions"}],"predecessor-version":[{"id":2046,"href":"https:\/\/passagehi.com\/es\/wp-json\/wp\/v2\/pages\/1778\/revisions\/2046"}],"wp:attachment":[{"href":"https:\/\/passagehi.com\/es\/wp-json\/wp\/v2\/media?parent=1778"}],"curies":[{"name":"wp","href":"https:\/\/api.w.org\/{rel}","templated":true}]}}