{"id":1784,"date":"2024-12-16T01:43:09","date_gmt":"2024-12-16T01:43:09","guid":{"rendered":"https:\/\/passagehi.com\/nuestro-equipo\/dixan-gonzalez\/"},"modified":"2025-05-06T16:56:41","modified_gmt":"2025-05-06T16:56:41","slug":"dixan-gonzalez","status":"publish","type":"page","link":"https:\/\/passagehi.com\/es\/nuestro-equipo\/dixan-gonzalez\/","title":{"rendered":"Dixan Gonz\u00e1lez"},"content":{"rendered":"<div class=\"wpb-content-wrapper\"><p>[vc_row][vc_column][vc_column_text css=\u00bb.vc_custom_1734313343000{margin-bottom: 45px !important;}\u00bb]<\/p>\n<h2>Dixan Gonz\u00e1lez, MBA <small>Director de Operaciones<\/small><\/h2>\n<p>[\/vc_column_text][\/vc_column][\/vc_row][vc_row][vc_column width=\u00bb1\/4&#8243;][vc_single_image image=\u00bb1508&#8243; img_size=\u00bb450&#215;450&#8243; css=\u00bb\u00bb][\/vc_column][vc_column width=\u00bb3\/4&#8243;][vc_column_text css=\u00bb\u00bb]<\/p>\n<p style=\"text-align: left;\">Dixan Gonz\u00e1lez es un ejecutivo experimentado y un l\u00edder consumado, que actualmente ocupa el cargo de Director de Operaciones de Passage Health International. En este papel fundamental, asume la supervisi\u00f3n integral de las operaciones de la empresa, gestionando todas las facetas, desde la atenci\u00f3n al cliente y las transacciones de seguros hasta los entresijos de las operaciones m\u00e9dicas. Con gran ojo para los detalles y dedicaci\u00f3n a la excelencia, Dixan se asegura de que Passage Health International preste un servicio inigualable y mantenga la eficacia operativa.<\/p>\n<p style=\"text-align: left;\">Empresario visionario, Dixan cofund\u00f3 Passage Health International en 2013 y desde entonces ha desempe\u00f1ado un papel decisivo en su crecimiento y \u00e9xito. Su perspicacia estrat\u00e9gica y su enfoque pr\u00e1ctico han sido fundamentales para posicionar a la empresa como l\u00edder en el sector sanitario.<\/p>\n<p style=\"text-align: left;\">Antes de trabajar en Passage Health International, Dixan se distingui\u00f3 como Presidente y Propietario de World Graphic Equipment. Como tal, dirigi\u00f3 un pr\u00f3spero negocio especializado en impresoras industriales y equipos relacionados, atendiendo las necesidades de empresas de toda Am\u00e9rica Central y del Sur.<\/p>\n<p style=\"text-align: left;\">El compromiso de Dixan con el servicio va m\u00e1s all\u00e1 del \u00e1mbito empresarial. Sirvi\u00f3 con orgullo como miembro de la Marina estadounidense de 2002 a 2006, donde desempe\u00f1\u00f3 el cargo de Especialista en Log\u00edstica. Durante su tiempo en la Marina, Dixan demostr\u00f3 una dedicaci\u00f3n y profesionalidad inquebrantables, gan\u00e1ndose la distinci\u00f3n y el respeto de sus compa\u00f1eros. Fue licenciado con honores y sigue siendo un orgulloso veterano de guerra, que lleva consigo los valores de integridad, disciplina y servicio a los dem\u00e1s.<\/p>\n<p style=\"text-align: left;\">Los logros acad\u00e9micos de Dixan subrayan su compromiso con el aprendizaje continuo y el crecimiento profesional. Es licenciado por el Columbia College, donde sent\u00f3 las bases de su carrera con una s\u00f3lida formaci\u00f3n acad\u00e9mica. Adem\u00e1s, persigui\u00f3 su pasi\u00f3n por los negocios obteniendo un M\u00e1ster en Administraci\u00f3n de Empresas por la Universidad de Phoenix en 2014, equip\u00e1ndose con habilidades y conocimientos avanzados para sobresalir en el competitivo panorama empresarial.<\/p>\n<p style=\"text-align: left;\">Con un rico tapiz de experiencias que abarcan el servicio militar, el esp\u00edritu empresarial y el liderazgo corporativo, Dixan Gonz\u00e1lez encarna la esencia del \u00e9xito a trav\u00e9s de la dedicaci\u00f3n, la resiliencia y la b\u00fasqueda incesante de la excelencia.<\/p>\n<p>[\/vc_column_text][vc_btn title=\u00bbVolver a Nuestro Equipo\u00bb style=\u00bbflat\u00bb color=\u00bbtheme_style_3&#8243; i_icon_fontawesome=\u00bbfas fa-arrow-left\u00bb css=\u00bb\u00bb add_icon=\u00bbtrue\u00bb link=\u00bburl:https%3A%2F%2Fpassagehi.com%2Four-team%2F|title:Nuestro%20equipo|\u00bb][\/vc_column][\/vc_row]<\/p>\n<\/div>","protected":false},"excerpt":{"rendered":"<p>[vc_row][vc_column][vc_column_text css=\u00bb.vc_custom_1734313343000{margin-bottom: 45px !important;}\u00bb] Dixan Gonz\u00e1lez, MBA Director de Operaciones [\/vc_column_text][\/vc_column][\/vc_row][vc_row][vc_column width=\u00bb1\/4&#8243;][vc_single_image image=\u00bb1508&#8243; img_size=\u00bb450&#215;450&#8243; css=\u00bb\u00bb][\/vc_column][vc_column width=\u00bb3\/4&#8243;][vc_column_text css=\u00bb\u00bb] Dixan Gonz\u00e1lez es un ejecutivo experimentado y un l\u00edder consumado, que actualmente ocupa el cargo de&#8230;<\/p>\n","protected":false},"author":1,"featured_media":0,"parent":1778,"menu_order":0,"comment_status":"closed","ping_status":"closed","template":"","meta":{"footnotes":""},"class_list":["post-1784","page","type-page","status-publish","hentry"],"_links":{"self":[{"href":"https:\/\/passagehi.com\/es\/wp-json\/wp\/v2\/pages\/1784","targetHints":{"allow":["GET"]}}],"collection":[{"href":"https:\/\/passagehi.com\/es\/wp-json\/wp\/v2\/pages"}],"about":[{"href":"https:\/\/passagehi.com\/es\/wp-json\/wp\/v2\/types\/page"}],"author":[{"embeddable":true,"href":"https:\/\/passagehi.com\/es\/wp-json\/wp\/v2\/users\/1"}],"replies":[{"embeddable":true,"href":"https:\/\/passagehi.com\/es\/wp-json\/wp\/v2\/comments?post=1784"}],"version-history":[{"count":2,"href":"https:\/\/passagehi.com\/es\/wp-json\/wp\/v2\/pages\/1784\/revisions"}],"predecessor-version":[{"id":1790,"href":"https:\/\/passagehi.com\/es\/wp-json\/wp\/v2\/pages\/1784\/revisions\/1790"}],"up":[{"embeddable":true,"href":"https:\/\/passagehi.com\/es\/wp-json\/wp\/v2\/pages\/1778"}],"wp:attachment":[{"href":"https:\/\/passagehi.com\/es\/wp-json\/wp\/v2\/media?parent=1784"}],"curies":[{"name":"wp","href":"https:\/\/api.w.org\/{rel}","templated":true}]}}