{"id":1785,"date":"2024-12-16T01:19:57","date_gmt":"2024-12-16T01:19:57","guid":{"rendered":"https:\/\/passagehi.com\/nuestro-equipo\/eindar-khant\/"},"modified":"2025-05-14T03:33:36","modified_gmt":"2025-05-14T03:33:36","slug":"eindar-khant","status":"publish","type":"page","link":"https:\/\/passagehi.com\/es\/nuestro-equipo\/eindar-khant\/","title":{"rendered":"Eindar Khant"},"content":{"rendered":"<div class=\"wpb-content-wrapper\"><p>[vc_row][vc_column][vc_column_text css=\u00bb.vc_custom_1734312631575{margin-bottom: 40px !important;}\u00bb]<\/p>\n<h2>Eindar Khant, MBA <small>Director Ejecutivo<\/small><\/h2>\n<p>[\/vc_column_text][\/vc_column][\/vc_row][vc_row][vc_column width=\u00bb1\/4&#8243;][vc_single_image image=\u00bb1509&#8243; img_size=\u00bb450&#215;450&#8243; css=\u00bb\u00bb][\/vc_column][vc_column width=\u00bb3\/4&#8243;][vc_column_text css=\u00bb\u00bb]<\/p>\n<p style=\"text-align: left;\">Eindar es el visionario propietario y fundador de PHI, con una ilustre carrera de casi tres d\u00e9cadas en el sector sanitario. Con un rico tapiz de experiencias y un profundo conocimiento de las complejidades del sector, se ha erigido en pionero de la gesti\u00f3n sanitaria y las soluciones de externalizaci\u00f3n. <\/p>\n<p style=\"text-align: left;\">La trayectoria de Eindar en el sector sanitario comenz\u00f3 en 1993, cuando se embarc\u00f3 en su odisea profesional como facturador m\u00e9dico en una destacada consulta de neonatolog\u00eda. Fue aqu\u00ed donde cultiv\u00f3 un profundo conocimiento de la din\u00e1mica operativa de la facturaci\u00f3n m\u00e9dica y la gesti\u00f3n del ciclo de ingresos, sentando las bases para sus futuros proyectos. <\/p>\n<p style=\"text-align: left;\">Impulsado por una insaciable sed de conocimientos y una b\u00fasqueda incesante de la excelencia, Eindar pas\u00f3 a desempe\u00f1ar un papel fundamental en una importante compa\u00f1\u00eda de seguros, donde desempe\u00f1\u00f3 un papel decisivo en el desarrollo de una red nacional de contenci\u00f3n de costes. Su paso por el gigante de los seguros le proporcion\u00f3 valios\u00edsimos conocimientos sobre las complejidades de la financiaci\u00f3n de la asistencia sanitaria y la importancia de las soluciones rentables para prestar una asistencia de calidad. <\/p>\n<p style=\"text-align: left;\">La trayectoria de Eindar alcanz\u00f3 nuevas cotas cuando fue elegido para dirigir el departamento de reclamaciones de un prestigioso administrador internacional de reclamaciones. Aqu\u00ed perfeccion\u00f3 su experiencia en la gesti\u00f3n de reclamaciones internacionales, navegando por el intrincado panorama del reembolso sanitario mundial con delicadeza y precisi\u00f3n. <\/p>\n<p style=\"text-align: left;\">En 2001, impulsado por su esp\u00edritu emprendedor y el deseo de revolucionar el sector sanitario, Eindar cofund\u00f3 HAA Preferred Partners, un Administrador de Terceros (TPA) internacional. Bajo su liderazgo visionario, la empresa prosper\u00f3, estableci\u00e9ndose como socio de confianza en soluciones de gesti\u00f3n sanitaria. <\/p>\n<p style=\"text-align: left;\">La destreza empresarial de Eindar llam\u00f3 la atenci\u00f3n del gigante del sector AXA Assistance USA, lo que condujo a la adquisici\u00f3n de HAA Preferred Partners en 2007. Posteriormente, Eindar asumi\u00f3 el cargo de Director General de Asistencia Sanitaria en AXA Assistance USA, donde encabez\u00f3 iniciativas transformadoras y ciment\u00f3 su reputaci\u00f3n como l\u00edder en el sector. <\/p>\n<p style=\"text-align: left;\">Bas\u00e1ndose en su amplia y variada experiencia en los sectores de proveedores m\u00e9dicos, aseguradoras y administraci\u00f3n de reclamaciones, Eindar ha sido pionero en un modelo innovador de externalizaci\u00f3n que trasciende los l\u00edmites convencionales. Su enfoque hol\u00edstico de la gesti\u00f3n sanitaria prioriza la eficacia, la transparencia y la satisfacci\u00f3n del cliente, fomentando asociaciones mutuamente beneficiosas que impulsan resultados positivos para todas las partes implicadas. <\/p>\n<p style=\"text-align: left;\">El inquebrantable compromiso de Eindar con la excelencia y su incesante b\u00fasqueda de la innovaci\u00f3n siguen impulsando a PHI a nuevas cotas de \u00e9xito, reafirmando su posici\u00f3n como pionero en el panorama en constante evoluci\u00f3n de la gesti\u00f3n sanitaria y las soluciones de externalizaci\u00f3n.<\/p>\n<p>[\/vc_column_text][vc_btn title=\u00bbVolver a Nuestro Equipo\u00bb style=\u00bbflat\u00bb color=\u00bbtheme_style_3&#8243; i_icon_fontawesome=\u00bbfas fa-arrow-left\u00bb css=\u00bb\u00bb add_icon=\u00bbtrue\u00bb link=\u00bburl:https%3A%2F%2Fpassagehi.com%2Four-team%2F|title:Nuestro%20equipo|\u00bb][\/vc_column][\/vc_row]<\/p>\n<\/div>","protected":false},"excerpt":{"rendered":"<p>[vc_row][vc_column][vc_column_text css=\u00bb.vc_custom_1734312631575{margin-bottom: 40px !important;}\u00bb] Eindar Khant, MBA Director Ejecutivo [\/vc_column_text][\/vc_column][\/vc_row][vc_row][vc_column width=\u00bb1\/4&#8243;][vc_single_image image=\u00bb1509&#8243; img_size=\u00bb450&#215;450&#8243; css=\u00bb\u00bb][\/vc_column][vc_column width=\u00bb3\/4&#8243;][vc_column_text css=\u00bb\u00bb] Eindar es el visionario propietario y fundador de PHI, con una ilustre carrera de casi tres d\u00e9cadas&#8230;<\/p>\n","protected":false},"author":1,"featured_media":0,"parent":1778,"menu_order":0,"comment_status":"closed","ping_status":"closed","template":"","meta":{"footnotes":""},"class_list":["post-1785","page","type-page","status-publish","hentry"],"_links":{"self":[{"href":"https:\/\/passagehi.com\/es\/wp-json\/wp\/v2\/pages\/1785","targetHints":{"allow":["GET"]}}],"collection":[{"href":"https:\/\/passagehi.com\/es\/wp-json\/wp\/v2\/pages"}],"about":[{"href":"https:\/\/passagehi.com\/es\/wp-json\/wp\/v2\/types\/page"}],"author":[{"embeddable":true,"href":"https:\/\/passagehi.com\/es\/wp-json\/wp\/v2\/users\/1"}],"replies":[{"embeddable":true,"href":"https:\/\/passagehi.com\/es\/wp-json\/wp\/v2\/comments?post=1785"}],"version-history":[{"count":11,"href":"https:\/\/passagehi.com\/es\/wp-json\/wp\/v2\/pages\/1785\/revisions"}],"predecessor-version":[{"id":1938,"href":"https:\/\/passagehi.com\/es\/wp-json\/wp\/v2\/pages\/1785\/revisions\/1938"}],"up":[{"embeddable":true,"href":"https:\/\/passagehi.com\/es\/wp-json\/wp\/v2\/pages\/1778"}],"wp:attachment":[{"href":"https:\/\/passagehi.com\/es\/wp-json\/wp\/v2\/media?parent=1785"}],"curies":[{"name":"wp","href":"https:\/\/api.w.org\/{rel}","templated":true}]}}