{"id":1789,"date":"2024-12-16T01:52:55","date_gmt":"2024-12-16T01:52:55","guid":{"rendered":"https:\/\/passagehi.com\/nuestro-equipo\/anibal-basualdo\/"},"modified":"2025-05-06T16:56:41","modified_gmt":"2025-05-06T16:56:41","slug":"anibal-basualdo","status":"publish","type":"page","link":"https:\/\/passagehi.com\/es\/nuestro-equipo\/anibal-basualdo\/","title":{"rendered":"An\u00edbal Basualdo"},"content":{"rendered":"<div class=\"wpb-content-wrapper\"><p>[vc_row][vc_column][vc_column_text css=\u00bb.vc_custom_1734313963895{margin-bottom: 45px !important;}\u00bb]<\/p>\n<h2>Anibal Basualdo, CPA <small>Director Financiero<\/small><\/h2>\n<p>[\/vc_column_text][\/vc_column][\/vc_row][vc_row][vc_column width=\u00bb1\/4&#8243;][vc_single_image image=\u00bb1564&#8243; img_size=\u00bb450&#215;450&#8243; css=\u00bb\u00bb][\/vc_column][vc_column width=\u00bb3\/4&#8243;][vc_column_text css=\u00bb\u00bb]<\/p>\n<p style=\"text-align: left;\">An\u00edbal Basualdo es Director Financiero de Passage Health International LLC (PHI), y aporta m\u00e1s de 20 a\u00f1os de experiencia en contabilidad y finanzas. A lo largo de su carrera, ha desempe\u00f1ado funciones fundamentales en organizaciones multinacionales, desarrollando una profunda experiencia en gesti\u00f3n financiera, cumplimiento normativo y planificaci\u00f3n estrat\u00e9gica. <u><\/u><u><\/u><\/p>\n<p style=\"text-align: left;\">Antes de incorporarse a PHI, An\u00edbal fue Director Financiero para Norteam\u00e9rica de Prosegur, una empresa l\u00edder mundial en seguridad con sede en Espa\u00f1a, donde desempe\u00f1\u00f3 un papel decisivo en el impulso de estrategias financieras y eficiencias operativas en toda la regi\u00f3n. Anteriormente, fue Controller Regional de Marsh McLennan, una de las principales corredur\u00edas de seguros del mundo. An\u00edbal tambi\u00e9n ocup\u00f3 el cargo de Director Regional de Planificaci\u00f3n y Control de LATAM en G4S, una renombrada multinacional brit\u00e1nica de seguridad, donde racionaliz\u00f3 los procesos financieros y contribuy\u00f3 al crecimiento regional del negocio. Anteriormente en su carrera, pas\u00f3 nueve a\u00f1os en AXA Assistance US, destacando en diversas funciones financieras y contables.   <u><\/u><u><\/u><\/p>\n<p style=\"text-align: left;\">La experiencia de An\u00edbal abarca una amplia gama de disciplinas financieras, como contabilidad, planificaci\u00f3n y an\u00e1lisis financieros (FP&amp;A), contabilidad t\u00e9cnica, cumplimiento, auditor\u00edas internas, tesorer\u00eda, fiscalidad e implantaci\u00f3n de sistemas. Su liderazgo ha sido fundamental para garantizar unas operaciones financieras s\u00f3lidas y alinear los procesos financieros con los objetivos de la organizaci\u00f3n. <u><\/u><u><\/u><\/p>\n<p style=\"text-align: left;\">En PHI, An\u00edbal supervisa las operaciones contables y financieras diarias de la organizaci\u00f3n. Es responsable de garantizar la exactitud, integridad y puntualidad de los informes financieros, al tiempo que mantiene rigurosos controles internos para cumplir las pol\u00edticas y procedimientos. Su visi\u00f3n estrat\u00e9gica y su perspicacia financiera permiten a PHI alcanzar la excelencia operativa y un crecimiento sostenido.  <u><\/u><u><\/u><\/p>\n<p style=\"text-align: left;\">Originario de Paraguay, An\u00edbal es licenciado en Administraci\u00f3n de Empresas y Contabilidad por la Universidad Cat\u00f3lica. Es censor jurado de cuentas de Florida (CPA) y censor jurado de cuentas de gesti\u00f3n (CMA). An\u00edbal tambi\u00e9n tiene un MBA en Finanzas por la Universidad Estatal de Kansas y un m\u00e1ster en Contabilidad por la Universidad Internacional de Florida.  <\/p>\n<p>[\/vc_column_text][vc_btn title=\u00bbVolver a Nuestro Equipo\u00bb style=\u00bbflat\u00bb color=\u00bbtheme_style_3&#8243; i_icon_fontawesome=\u00bbfas fa-arrow-left\u00bb css=\u00bb\u00bb add_icon=\u00bbtrue\u00bb link=\u00bburl:https%3A%2F%2Fpassagehi.com%2Four-team%2F|title:Nuestro%20equipo|\u00bb][\/vc_column][\/vc_row]<\/p>\n<\/div>","protected":false},"excerpt":{"rendered":"<p>[vc_row][vc_column][vc_column_text css=\u00bb.vc_custom_1734313963895{margin-bottom: 45px !important;}\u00bb] Anibal Basualdo, CPA Director Financiero [\/vc_column_text][\/vc_column][\/vc_row][vc_row][vc_column width=\u00bb1\/4&#8243;][vc_single_image image=\u00bb1564&#8243; img_size=\u00bb450&#215;450&#8243; css=\u00bb\u00bb][\/vc_column][vc_column width=\u00bb3\/4&#8243;][vc_column_text css=\u00bb\u00bb] An\u00edbal Basualdo es Director Financiero de Passage Health International LLC (PHI), y aporta m\u00e1s de 20 a\u00f1os&#8230;<\/p>\n","protected":false},"author":1,"featured_media":0,"parent":1778,"menu_order":0,"comment_status":"closed","ping_status":"closed","template":"","meta":{"footnotes":""},"class_list":["post-1789","page","type-page","status-publish","hentry"],"_links":{"self":[{"href":"https:\/\/passagehi.com\/es\/wp-json\/wp\/v2\/pages\/1789","targetHints":{"allow":["GET"]}}],"collection":[{"href":"https:\/\/passagehi.com\/es\/wp-json\/wp\/v2\/pages"}],"about":[{"href":"https:\/\/passagehi.com\/es\/wp-json\/wp\/v2\/types\/page"}],"author":[{"embeddable":true,"href":"https:\/\/passagehi.com\/es\/wp-json\/wp\/v2\/users\/1"}],"replies":[{"embeddable":true,"href":"https:\/\/passagehi.com\/es\/wp-json\/wp\/v2\/comments?post=1789"}],"version-history":[{"count":2,"href":"https:\/\/passagehi.com\/es\/wp-json\/wp\/v2\/pages\/1789\/revisions"}],"predecessor-version":[{"id":1799,"href":"https:\/\/passagehi.com\/es\/wp-json\/wp\/v2\/pages\/1789\/revisions\/1799"}],"up":[{"embeddable":true,"href":"https:\/\/passagehi.com\/es\/wp-json\/wp\/v2\/pages\/1778"}],"wp:attachment":[{"href":"https:\/\/passagehi.com\/es\/wp-json\/wp\/v2\/media?parent=1789"}],"curies":[{"name":"wp","href":"https:\/\/api.w.org\/{rel}","templated":true}]}}