{"id":1801,"date":"2024-12-16T02:11:12","date_gmt":"2024-12-16T02:11:12","guid":{"rendered":"https:\/\/passagehi.com\/nuestro-equipo\/ronald-lizardo\/"},"modified":"2025-05-06T16:56:42","modified_gmt":"2025-05-06T16:56:42","slug":"ronald-lizardo","status":"publish","type":"page","link":"https:\/\/passagehi.com\/es\/nuestro-equipo\/ronald-lizardo\/","title":{"rendered":"Ronald Lizardo"},"content":{"rendered":"<div class=\"wpb-content-wrapper\"><p>[vc_row][vc_column][vc_column_text css=\u00bb.vc_custom_1734314987511{margin-bottom: 45px !important;}\u00bb]<\/p>\n<h2>Ronald Lizardo<small> Director de Relaciones con los Clientes y Desarrollo Empresarial<\/small><\/h2>\n<p>[\/vc_column_text][\/vc_column][\/vc_row][vc_row][vc_column width=\u00bb1\/4&#8243;][vc_single_image image=\u00bb1566&#8243; img_size=\u00bb450&#215;450&#8243; css=\u00bb\u00bb][\/vc_column][vc_column width=\u00bb3\/4&#8243;][vc_column_text css=\u00bb\u00bb]<\/p>\n<p style=\"text-align: left;\">Ronald desempe\u00f1a un papel fundamental como Director de Relaciones con los Clientes y Desarrollo Empresarial en Passage Health International (PHI), donde orquesta la prestaci\u00f3n de un servicio y apoyo excepcionales a los clientes, al tiempo que encabeza la expansi\u00f3n de asociaciones estrat\u00e9gicas con partes interesadas de todo el mundo. Con m\u00e1s de dos d\u00e9cadas de experiencia diversa que abarca el periodismo, el servicio diplom\u00e1tico y la gesti\u00f3n de las comunicaciones, Ronald aporta una gran experiencia y un enfoque din\u00e1mico a su funci\u00f3n en PHI. <\/p>\n<p style=\"text-align: left;\">En PHI, Ronald se centra principalmente en garantizar que los clientes reciban un servicio y una asistencia inigualables, fomentando relaciones duraderas basadas en la confianza y la fiabilidad. Gracias a su h\u00e1bil liderazgo y a su visi\u00f3n estrat\u00e9gica, Ronald se asegura de que PHI se mantenga a la vanguardia de la satisfacci\u00f3n del cliente, ofreciendo constantemente soluciones innovadoras adaptadas a las necesidades \u00fanicas de los proveedores m\u00e9dicos internacionales. <\/p>\n<p style=\"text-align: left;\">Adem\u00e1s de sus responsabilidades en las relaciones con los clientes, Ronald se encarga de cultivar y alimentar las asociaciones con las partes interesadas, ofreciendo soluciones empresariales eficaces que impulsen el crecimiento y el \u00e9xito mutuos. Su capacidad para forjar conexiones significativas y negociar alianzas estrat\u00e9gicas posiciona a PHI como un socio de confianza en el panorama sanitario mundial. <\/p>\n<p style=\"text-align: left;\">La trayectoria profesional de Ronald se caracteriza por un rico tapiz de experiencias en diversos sectores. Antes de incorporarse a PHI, fue Vicec\u00f3nsul para la Rep\u00fablica Dominicana en el Consulado General de California, donde desempe\u00f1\u00f3 un papel fundamental en la facilitaci\u00f3n del comercio y las oportunidades comerciales entre la Costa Oeste y el Caribe. Su perspicacia diplom\u00e1tica y su profundo conocimiento de las relaciones internacionales fueron decisivos para fomentar la colaboraci\u00f3n y promover el desarrollo econ\u00f3mico.  <\/p>\n<p style=\"text-align: left;\">Antes de su cargo diplom\u00e1tico, Ronald se distingui\u00f3 como corresponsal de noticias para NBC\/Telemundo News Networks, donde fue aclamado por su convincente narrativa y sus perspicaces reportajes. Sus contribuciones al periodismo, nominadas a los Emmy, subrayan su talento para atraer al p\u00fablico y ofrecer contenidos impactantes que resuenan a escala mundial. <\/p>\n<p style=\"text-align: left;\">Los logros acad\u00e9micos de Ronald subrayan a\u00fan m\u00e1s su dedicaci\u00f3n a la excelencia. Es licenciado por la Universidad Adventista del Sur, donde sent\u00f3 las bases de su carrera con una s\u00f3lida formaci\u00f3n acad\u00e9mica. Adem\u00e1s, obtuvo un m\u00e1ster en la Universidad Andrews, que mejor\u00f3 a\u00fan m\u00e1s sus conocimientos y habilidades en gesti\u00f3n de comunicaciones y liderazgo estrat\u00e9gico.  <\/p>\n<p style=\"text-align: left;\">A trav\u00e9s de su liderazgo din\u00e1mico, su compromiso inquebrantable con la satisfacci\u00f3n del cliente y su probado historial de \u00e9xitos, Ronald sigue desempe\u00f1ando un papel fundamental en el impulso del crecimiento y el \u00e9xito de Passage Health International, reafirmando su posici\u00f3n como l\u00edder en el sector sanitario mundial.<\/p>\n<p>[\/vc_column_text][vc_btn title=\u00bbVolver a Nuestro Equipo\u00bb style=\u00bbflat\u00bb color=\u00bbtheme_style_3&#8243; i_icon_fontawesome=\u00bbfas fa-arrow-left\u00bb css=\u00bb\u00bb add_icon=\u00bbtrue\u00bb link=\u00bburl:https%3A%2F%2Fpassagehi.com%2Four-team%2F|title:Nuestro%20equipo|\u00bb][\/vc_column][\/vc_row]<\/p>\n<\/div>","protected":false},"excerpt":{"rendered":"<p>[vc_row][vc_column][vc_column_text css=\u00bb.vc_custom_1734314987511{margin-bottom: 45px !important;}\u00bb] Ronald Lizardo Director de Relaciones con los Clientes y Desarrollo Empresarial [\/vc_column_text][\/vc_column][\/vc_row][vc_row][vc_column width=\u00bb1\/4&#8243;][vc_single_image image=\u00bb1566&#8243; img_size=\u00bb450&#215;450&#8243; css=\u00bb\u00bb][\/vc_column][vc_column width=\u00bb3\/4&#8243;][vc_column_text css=\u00bb\u00bb] Ronald desempe\u00f1a un papel fundamental como Director de Relaciones con los&#8230;<\/p>\n","protected":false},"author":1,"featured_media":0,"parent":1778,"menu_order":0,"comment_status":"closed","ping_status":"closed","template":"","meta":{"footnotes":""},"class_list":["post-1801","page","type-page","status-publish","hentry"],"_links":{"self":[{"href":"https:\/\/passagehi.com\/es\/wp-json\/wp\/v2\/pages\/1801","targetHints":{"allow":["GET"]}}],"collection":[{"href":"https:\/\/passagehi.com\/es\/wp-json\/wp\/v2\/pages"}],"about":[{"href":"https:\/\/passagehi.com\/es\/wp-json\/wp\/v2\/types\/page"}],"author":[{"embeddable":true,"href":"https:\/\/passagehi.com\/es\/wp-json\/wp\/v2\/users\/1"}],"replies":[{"embeddable":true,"href":"https:\/\/passagehi.com\/es\/wp-json\/wp\/v2\/comments?post=1801"}],"version-history":[{"count":2,"href":"https:\/\/passagehi.com\/es\/wp-json\/wp\/v2\/pages\/1801\/revisions"}],"predecessor-version":[{"id":1809,"href":"https:\/\/passagehi.com\/es\/wp-json\/wp\/v2\/pages\/1801\/revisions\/1809"}],"up":[{"embeddable":true,"href":"https:\/\/passagehi.com\/es\/wp-json\/wp\/v2\/pages\/1778"}],"wp:attachment":[{"href":"https:\/\/passagehi.com\/es\/wp-json\/wp\/v2\/media?parent=1801"}],"curies":[{"name":"wp","href":"https:\/\/api.w.org\/{rel}","templated":true}]}}