{"id":1802,"date":"2024-12-16T02:06:16","date_gmt":"2024-12-16T02:06:16","guid":{"rendered":"https:\/\/passagehi.com\/nuestro-equipo\/andrea-greenblatt\/"},"modified":"2025-05-06T16:56:42","modified_gmt":"2025-05-06T16:56:42","slug":"andrea-greenblatt","status":"publish","type":"page","link":"https:\/\/passagehi.com\/es\/nuestro-equipo\/andrea-greenblatt\/","title":{"rendered":"Andrea Greenblatt"},"content":{"rendered":"<div class=\"wpb-content-wrapper\"><p>[vc_row][vc_column][vc_column_text css=\u00bb.vc_custom_1734314685355{margin-bottom: 45px !important;}\u00bb]<\/p>\n<h2>Andrea Greenblatt, <small>Esq Directora Jur\u00eddica<\/small><\/h2>\n<p>[\/vc_column_text][\/vc_column][\/vc_row][vc_row][vc_column width=\u00bb1\/4&#8243;][vc_single_image image=\u00bb1568&#8243; img_size=\u00bb450&#215;450&#8243; css=\u00bb\u00bb][\/vc_column][vc_column width=\u00bb3\/4&#8243;][vc_column_text css=\u00bb\u00bb]<\/p>\n<p style=\"text-align: left;\">Andrea Greenblatt es Asesora Jur\u00eddica General de Passage Health International LLC, donde representa a proveedores internacionales de asistencia sanitaria. Con amplia experiencia en derecho sanitario, gestiona reclamaciones m\u00e9dicas complejas y garantiza el cumplimiento de la normativa internacional sobre reembolsos, recuperando directamente millones en ingresos perdidos para los clientes. Con licencia para ejercer en Florida, Andrea aporta a su funci\u00f3n una gran riqueza de conocimientos jur\u00eddicos, en particular sobre la complejidad de los reembolsos de terceros pagadores.  <\/p>\n<p style=\"text-align: left;\">Andrea tambi\u00e9n dirige las iniciativas de cumplimiento de la HIPAA, realizando programas de formaci\u00f3n de los empleados para mantener la confidencialidad de los pacientes y la seguridad de los datos, fomentando al mismo tiempo una cultura de responsabilidad y gesti\u00f3n de riesgos.<\/p>\n<p style=\"text-align: left;\">Es licenciada en Biolog\u00eda por la Florida Atlantic University y doctora en Derecho con especializaci\u00f3n en Derecho Sanitario por la Nova Southeastern University, donde se gradu\u00f3 entre el 2% de los mejores de su promoci\u00f3n. Andrea habla espa\u00f1ol y franc\u00e9s con fluidez, y es experta en relacionarse con diversos interlocutores internacionales. <\/p>\n<p style=\"text-align: left;\"><strong>Publicaciones<\/strong><\/p>\n<ul style=\"text-align: left;\">\n<li>MedCity News (2024): \u00abM\u00e1s all\u00e1 de la fe: \u00bfPueden los hospitales cobrar cuando los pacientes conf\u00edan en los ministerios que comparten?\u00bb<\/li>\n<li>Bloomberg Law (2023): \u00abLa norma de resoluci\u00f3n de conflictos de los CMS hace algunos progresos, pero carece de dientes\u00bb<\/li>\n<li>Asuntos de Salud (2023): \u00abLa Ley Sin Sorpresas: \u00bfLograr\u00e1n los proveedores el home run en el arbitraje IDR al estilo del b\u00e9isbol?\u00bb.<\/li>\n<\/ul>\n<p style=\"text-align: left;\"><strong>Asociaciones profesionales<\/strong><\/p>\n<ul>\n<li style=\"text-align: left;\">Secci\u00f3n de Derecho Sanitario del Colegio de Abogados de Florida<\/li>\n<li style=\"text-align: left;\">Asociaci\u00f3n Nacional de Integridad de los Ingresos Sanitarios (NAHRI)<\/li>\n<\/ul>\n<p>[\/vc_column_text][vc_btn title=\u00bbVolver a Nuestro Equipo\u00bb style=\u00bbflat\u00bb color=\u00bbtheme_style_3&#8243; i_icon_fontawesome=\u00bbfas fa-arrow-left\u00bb css=\u00bb\u00bb add_icon=\u00bbtrue\u00bb link=\u00bburl:https%3A%2F%2Fpassagehi.com%2Four-team%2F|title:Nuestro%20equipo|\u00bb][\/vc_column][\/vc_row]<\/p>\n<\/div>","protected":false},"excerpt":{"rendered":"<p>[vc_row][vc_column][vc_column_text css=\u00bb.vc_custom_1734314685355{margin-bottom: 45px !important;}\u00bb] Andrea Greenblatt, Esq Directora Jur\u00eddica [\/vc_column_text][\/vc_column][\/vc_row][vc_row][vc_column width=\u00bb1\/4&#8243;][vc_single_image image=\u00bb1568&#8243; img_size=\u00bb450&#215;450&#8243; css=\u00bb\u00bb][\/vc_column][vc_column width=\u00bb3\/4&#8243;][vc_column_text css=\u00bb\u00bb] Andrea Greenblatt es Asesora Jur\u00eddica General de Passage Health International LLC, donde representa a proveedores internacionales de&#8230;<\/p>\n","protected":false},"author":1,"featured_media":0,"parent":1778,"menu_order":0,"comment_status":"closed","ping_status":"closed","template":"","meta":{"footnotes":""},"class_list":["post-1802","page","type-page","status-publish","hentry"],"_links":{"self":[{"href":"https:\/\/passagehi.com\/es\/wp-json\/wp\/v2\/pages\/1802","targetHints":{"allow":["GET"]}}],"collection":[{"href":"https:\/\/passagehi.com\/es\/wp-json\/wp\/v2\/pages"}],"about":[{"href":"https:\/\/passagehi.com\/es\/wp-json\/wp\/v2\/types\/page"}],"author":[{"embeddable":true,"href":"https:\/\/passagehi.com\/es\/wp-json\/wp\/v2\/users\/1"}],"replies":[{"embeddable":true,"href":"https:\/\/passagehi.com\/es\/wp-json\/wp\/v2\/comments?post=1802"}],"version-history":[{"count":2,"href":"https:\/\/passagehi.com\/es\/wp-json\/wp\/v2\/pages\/1802\/revisions"}],"predecessor-version":[{"id":1810,"href":"https:\/\/passagehi.com\/es\/wp-json\/wp\/v2\/pages\/1802\/revisions\/1810"}],"up":[{"embeddable":true,"href":"https:\/\/passagehi.com\/es\/wp-json\/wp\/v2\/pages\/1778"}],"wp:attachment":[{"href":"https:\/\/passagehi.com\/es\/wp-json\/wp\/v2\/media?parent=1802"}],"curies":[{"name":"wp","href":"https:\/\/api.w.org\/{rel}","templated":true}]}}