{"id":1817,"date":"2024-12-16T02:19:41","date_gmt":"2024-12-16T02:19:41","guid":{"rendered":"https:\/\/passagehi.com\/nuestro-equipo\/giancarlo-castellanos\/"},"modified":"2025-05-06T16:56:45","modified_gmt":"2025-05-06T16:56:45","slug":"giancarlo-castellanos","status":"publish","type":"page","link":"https:\/\/passagehi.com\/es\/nuestro-equipo\/giancarlo-castellanos\/","title":{"rendered":"Giancarlo Castellanos"},"content":{"rendered":"<div class=\"wpb-content-wrapper\"><p>[vc_row][vc_column][vc_column_text css=\u00bb.vc_custom_1734315525836{margin-bottom: 45px !important;}\u00bb]<\/p>\n<h2>Giancarlo Castellanos <small>Analista de Negocio y Control Interno<\/small><\/h2>\n<p>[\/vc_column_text][\/vc_column][\/vc_row][vc_row][vc_column width=\u00bb1\/4&#8243;][vc_single_image image=\u00bb1569&#8243; img_size=\u00bb450&#215;450&#8243; css=\u00bb\u00bb][\/vc_column][vc_column width=\u00bb3\/4&#8243;][vc_column_text css=\u00bb\u00bb]<\/p>\n<p style=\"text-align: left;\">Giancarlo Castellanos es el Director de Calidad y Control Interno de Passage Health International LLC, cargo que ocupa desde 2019. Con m\u00e1s de 15 a\u00f1os de experiencia en el sector de la gesti\u00f3n del ciclo de ingresos, Giancarlo es un profesional orientado a los resultados especializado en reclamaciones de seguros m\u00e9dicos, facturaci\u00f3n y excelencia operativa. Su liderazgo ha sido decisivo para optimizar los procesos de control de calidad y mejorar la satisfacci\u00f3n del cliente, garantizando que Passage Health se mantenga a la vanguardia de los servicios sanitarios globales.  <\/p>\n<p style=\"text-align: left;\">Antes de unirse a Passage Health, Giancarlo fue Director de Relaciones con Proveedores en Global Medical Management Inc. (2016-2018), donde supervis\u00f3 el departamento de negociaci\u00f3n. En este puesto, garantiz\u00f3 la consecuci\u00f3n de indicadores clave de rendimiento (KPI), maximiz\u00f3 la contenci\u00f3n de costes mediante negociaciones eficaces y gestion\u00f3 con \u00e9xito los recursos y las comunicaciones con clientes y proveedores de servicios. <\/p>\n<p style=\"text-align: left;\">Anteriormente en su carrera, Giancarlo trabaj\u00f3 como Supervisor de Reclamaciones PPO\/TPA en AXA Assistance USA (2012-2016), dirigiendo un equipo de m\u00e1s de 25 empleados en EE.UU. y gestionando a m\u00e1s de 20 empleados en Panam\u00e1 e India. Encabez\u00f3 la tramitaci\u00f3n de siniestros, las negociaciones y las resoluciones oportunas, todo ello respetando las pol\u00edticas de la empresa. Su capacidad para colaborar con socios y proveedores garantiz\u00f3 la resoluci\u00f3n sin problemas de las reclamaciones y fortaleci\u00f3 las relaciones entre las partes interesadas.  <\/p>\n<p style=\"text-align: left;\">Giancarlo comenz\u00f3 su andadura en el sector sanitario como Examinador Senior de Reclamaciones en HAA Preferred Partners\/AXA Assistance USA (2008-2012). Durante este tiempo, se centr\u00f3 en obtener los m\u00e1ximos descuentos a trav\u00e9s de las redes HMO\/PPO y garantiz\u00f3 la tramitaci\u00f3n precisa y eficaz de las reclamaciones para las compa\u00f1\u00edas de seguros de todo el mundo. <\/p>\n<p style=\"text-align: left;\">En Passage Health International, Giancarlo aprovecha su amplia experiencia para implantar s\u00f3lidas medidas de control de calidad y controles internos que mejoren la eficacia operativa y el cumplimiento. Su compromiso con la excelencia desempe\u00f1a un papel fundamental para impulsar el crecimiento de la organizaci\u00f3n y mantener su reputaci\u00f3n como l\u00edder en el sector sanitario mundial. <\/p>\n<p>[\/vc_column_text][vc_btn title=\u00bbVolver a Nuestro Equipo\u00bb style=\u00bbflat\u00bb color=\u00bbtheme_style_3&#8243; i_icon_fontawesome=\u00bbfas fa-arrow-left\u00bb css=\u00bb\u00bb add_icon=\u00bbtrue\u00bb link=\u00bburl:https%3A%2F%2Fpassagehi.com%2Four-team%2F|title:Nuestro%20equipo|\u00bb][\/vc_column][\/vc_row]<\/p>\n<\/div>","protected":false},"excerpt":{"rendered":"<p>[vc_row][vc_column][vc_column_text css=\u00bb.vc_custom_1734315525836{margin-bottom: 45px !important;}\u00bb] Giancarlo Castellanos Analista de Negocio y Control Interno [\/vc_column_text][\/vc_column][\/vc_row][vc_row][vc_column width=\u00bb1\/4&#8243;][vc_single_image image=\u00bb1569&#8243; img_size=\u00bb450&#215;450&#8243; css=\u00bb\u00bb][\/vc_column][vc_column width=\u00bb3\/4&#8243;][vc_column_text css=\u00bb\u00bb] Giancarlo Castellanos es el Director de Calidad y Control Interno de Passage Health International&#8230;<\/p>\n","protected":false},"author":1,"featured_media":0,"parent":1778,"menu_order":0,"comment_status":"closed","ping_status":"closed","template":"","meta":{"footnotes":""},"class_list":["post-1817","page","type-page","status-publish","hentry"],"_links":{"self":[{"href":"https:\/\/passagehi.com\/es\/wp-json\/wp\/v2\/pages\/1817","targetHints":{"allow":["GET"]}}],"collection":[{"href":"https:\/\/passagehi.com\/es\/wp-json\/wp\/v2\/pages"}],"about":[{"href":"https:\/\/passagehi.com\/es\/wp-json\/wp\/v2\/types\/page"}],"author":[{"embeddable":true,"href":"https:\/\/passagehi.com\/es\/wp-json\/wp\/v2\/users\/1"}],"replies":[{"embeddable":true,"href":"https:\/\/passagehi.com\/es\/wp-json\/wp\/v2\/comments?post=1817"}],"version-history":[{"count":2,"href":"https:\/\/passagehi.com\/es\/wp-json\/wp\/v2\/pages\/1817\/revisions"}],"predecessor-version":[{"id":1821,"href":"https:\/\/passagehi.com\/es\/wp-json\/wp\/v2\/pages\/1817\/revisions\/1821"}],"up":[{"embeddable":true,"href":"https:\/\/passagehi.com\/es\/wp-json\/wp\/v2\/pages\/1778"}],"wp:attachment":[{"href":"https:\/\/passagehi.com\/es\/wp-json\/wp\/v2\/media?parent=1817"}],"curies":[{"name":"wp","href":"https:\/\/api.w.org\/{rel}","templated":true}]}}