{"id":1824,"date":"2024-12-16T02:23:09","date_gmt":"2024-12-16T02:23:09","guid":{"rendered":"https:\/\/passagehi.com\/nuestro-equipo\/joanne-sierra\/"},"modified":"2025-05-06T16:56:45","modified_gmt":"2025-05-06T16:56:45","slug":"joanne-sierra","status":"publish","type":"page","link":"https:\/\/passagehi.com\/es\/nuestro-equipo\/joanne-sierra\/","title":{"rendered":"Joanne Sierra"},"content":{"rendered":"<div class=\"wpb-content-wrapper\"><p>[vc_row][vc_column][vc_column_text css=\u00bb.vc_custom_1734364185263{margin-bottom: 45px !important;}\u00bb]<\/p>\n<h2>Joanne Sierra <small>Jefa de Reclamaciones<\/small><\/h2>\n<p>[\/vc_column_text][\/vc_column][\/vc_row][vc_row][vc_column width=\u00bb1\/4&#8243;][vc_single_image image=\u00bb1573&#8243; img_size=\u00bb450&#215;450&#8243; css=\u00bb\u00bb][\/vc_column][vc_column width=\u00bb3\/4&#8243;][vc_column_text css=\u00bb\u00bb]Joanne Sierra es la Jefa de Reclamaciones de Passage Health International, y dirige los esfuerzos de la empresa para ofrecer una gesti\u00f3n de reclamaciones sin fisuras a los proveedores sanitarios internacionales. Se incorpor\u00f3 a Passage en 2023 como Especialista Senior en Reclamaciones Internacionales y fue ascendida a Jefa de Reclamaciones en 2024, gracias a su excepcional experiencia y capacidad de liderazgo. <\/p>\n<p>Con m\u00e1s de ocho a\u00f1os de experiencia en reclamaciones y facturaci\u00f3n de seguros m\u00e9dicos, Joanne ha desarrollado un profundo conocimiento del sector sanitario. Su carrera incluye tambi\u00e9n cinco a\u00f1os en ventas y gesti\u00f3n de proyectos, lo que demuestra su capacidad para dirigir distintos sectores y gestionar equipos diversos. <\/p>\n<p>Antes de incorporarse a Passage, Joanne desempe\u00f1\u00f3 funciones de liderazgo en atenci\u00f3n al cliente y gesti\u00f3n de reclamaciones, supervisando equipos que prestaban apoyo a proveedores de asistencia sanitaria con sede en Estados Unidos. Tambi\u00e9n gestion\u00f3 con \u00e9xito operaciones de ventas y proyectos en el sector de la construcci\u00f3n, donde estableci\u00f3 s\u00f3lidas relaciones con los clientes y negoci\u00f3 contratos en los mercados comercial y residencial. <\/p>\n<p>El compromiso de Joanne con la excelencia y su variada experiencia profesional la convierten en una pieza clave del equipo de Passage Health International, garantizando que los clientes reciban un apoyo de primer nivel a la hora de navegar por complejos procesos de reclamaci\u00f3n.[\/vc_column_text][vc_btn title=\u00bbVolver a Nuestro Equipo\u00bb style=\u00bbflat\u00bb color=\u00bbtheme_style_3&#8243; i_icon_fontawesome=\u00bbfas fa-arrow-left\u00bb css=\u00bb\u00bb add_icon=\u00bbtrue\u00bb link=\u00bburl:https%3A%2F%2Fpassagehi.com%2Four-team%2F|title:Nuestro%20equipo|\u00bb][\/vc_column][\/vc_row]<\/p>\n<\/div>","protected":false},"excerpt":{"rendered":"<p>[vc_row][vc_column][vc_column_text css=\u00bb.vc_custom_1734364185263{margin-bottom: 45px !important;}\u00bb] Joanne Sierra Jefa de Reclamaciones [\/vc_column_text][\/vc_column][\/vc_row][vc_row][vc_column width=\u00bb1\/4&#8243;][vc_single_image image=\u00bb1573&#8243; img_size=\u00bb450&#215;450&#8243; css=\u00bb\u00bb][\/vc_column][vc_column width=\u00bb3\/4&#8243;][vc_column_text css=\u00bb\u00bb]Joanne Sierra es la Jefa de Reclamaciones de Passage Health International, y dirige los esfuerzos de la empresa&#8230;<\/p>\n","protected":false},"author":1,"featured_media":0,"parent":1778,"menu_order":0,"comment_status":"closed","ping_status":"closed","template":"","meta":{"footnotes":""},"class_list":["post-1824","page","type-page","status-publish","hentry"],"_links":{"self":[{"href":"https:\/\/passagehi.com\/es\/wp-json\/wp\/v2\/pages\/1824","targetHints":{"allow":["GET"]}}],"collection":[{"href":"https:\/\/passagehi.com\/es\/wp-json\/wp\/v2\/pages"}],"about":[{"href":"https:\/\/passagehi.com\/es\/wp-json\/wp\/v2\/types\/page"}],"author":[{"embeddable":true,"href":"https:\/\/passagehi.com\/es\/wp-json\/wp\/v2\/users\/1"}],"replies":[{"embeddable":true,"href":"https:\/\/passagehi.com\/es\/wp-json\/wp\/v2\/comments?post=1824"}],"version-history":[{"count":2,"href":"https:\/\/passagehi.com\/es\/wp-json\/wp\/v2\/pages\/1824\/revisions"}],"predecessor-version":[{"id":1829,"href":"https:\/\/passagehi.com\/es\/wp-json\/wp\/v2\/pages\/1824\/revisions\/1829"}],"up":[{"embeddable":true,"href":"https:\/\/passagehi.com\/es\/wp-json\/wp\/v2\/pages\/1778"}],"wp:attachment":[{"href":"https:\/\/passagehi.com\/es\/wp-json\/wp\/v2\/media?parent=1824"}],"curies":[{"name":"wp","href":"https:\/\/api.w.org\/{rel}","templated":true}]}}