{"id":1825,"date":"2024-12-16T02:17:15","date_gmt":"2024-12-16T02:17:15","guid":{"rendered":"https:\/\/passagehi.com\/nuestro-equipo\/martha-p-ruiz-duenas\/"},"modified":"2025-05-06T16:56:45","modified_gmt":"2025-05-06T16:56:45","slug":"martha-p-ruiz-duenas","status":"publish","type":"page","link":"https:\/\/passagehi.com\/es\/nuestro-equipo\/martha-p-ruiz-duenas\/","title":{"rendered":"Martha P. Ruiz-Duenas"},"content":{"rendered":"<div class=\"wpb-content-wrapper\"><p>[vc_row][vc_column][vc_column_text css=\u00bb.vc_custom_1734315334907{margin-bottom: 45px !important;}\u00bb]<\/p>\n<h2>Martha P. Ruiz-Duenas, RN, BSN<small> Directora de Auditor\u00eda y Educaci\u00f3n para la Revisi\u00f3n de Facturas M\u00e9dicas<\/small><\/h2>\n<p>[\/vc_column_text][\/vc_column][\/vc_row][vc_row][vc_column width=\u00bb1\/4&#8243;][vc_single_image image=\u00bb1510&#8243; img_size=\u00bb450&#215;450&#8243; css=\u00bb\u00bb][\/vc_column][vc_column width=\u00bb3\/4&#8243;][vc_column_text css=\u00bb\u00bb]Martha es una profesional altamente cualificada, reconocida por su experiencia en la atenci\u00f3n a pacientes agudos y la realizaci\u00f3n meticulosa de auditor\u00edas de historiales concurrentes y retrospectivas. Con una amplia experiencia en la revisi\u00f3n de auditor\u00edas m\u00e9dicas, adquirida durante su permanencia en una de las principales aseguradoras del pa\u00eds y en estimados sistemas sanitarios, Martha desempe\u00f1a un papel fundamental en el mantenimiento del ejemplar nivel de servicio de PHI. <\/p>\n<p>Gracias a su amplia experiencia y conocimientos especializados, Martha aporta una combinaci\u00f3n \u00fanica de perspicacia y precisi\u00f3n a su funci\u00f3n en PHI. Su competencia en la realizaci\u00f3n de auditor\u00edas exhaustivas de historiales garantiza el cumplimiento de las normas reglamentarias y la optimizaci\u00f3n de los protocolos de atenci\u00f3n al paciente. La dedicaci\u00f3n de Martha a la excelencia es evidente en su capacidad para identificar \u00e1reas de mejora y aplicar estrategias para mejorar la eficacia operativa y la calidad de la atenci\u00f3n.  <\/p>\n<p>La trayectoria acad\u00e9mica de Martha sent\u00f3 unas bases s\u00f3lidas para su ilustre carrera en la asistencia sanitaria. Se licenci\u00f3 en Enfermer\u00eda en la prestigiosa Universidad Nacional de Bogot\u00e1 (Colombia), donde demostr\u00f3 una dedicaci\u00f3n excepcional a sus estudios y una pasi\u00f3n por mejorar la atenci\u00f3n al paciente. Posteriormente, Martha obtuvo su licencia de enfermera titulada en Florida en 2005, consolidando su compromiso de prestar servicios sanitarios compasivos y de alta calidad.  <\/p>\n<p>Los clientes de PHI se benefician enormemente de la combinaci\u00f3n \u00fanica de experiencia de Martha, que trabaja tanto en el sector m\u00e9dico como en el de los seguros. Su profundo conocimiento de los entresijos de los procesos de facturaci\u00f3n de pacientes le permite realizar auditor\u00edas exhaustivas, comparando meticulosamente las facturas de los pacientes con los historiales m\u00e9dicos, los documentos auxiliares y los protocolos hospitalarios para garantizar la exactitud y adecuaci\u00f3n de los cargos. La aguda atenci\u00f3n de Martha a los detalles y su inquebrantable compromiso con la precisi\u00f3n infunden confianza en los clientes, garantizando la transparencia y la integridad en todos los aspectos de la facturaci\u00f3n y el reembolso.  <\/p>\n<p>Las contribuciones de Martha a PHI ejemplifican su dedicaci\u00f3n al avance de la atenci\u00f3n centrada en el paciente y a la optimizaci\u00f3n de los procesos operativos dentro del sector sanitario. Su inestimable experiencia y su firme compromiso con la excelencia siguen elevando la reputaci\u00f3n de PHI como l\u00edder de confianza en servicios sanitarios.[\/vc_column_text][vc_btn title=\u00bbVolver a Nuestro Equipo\u00bb style=\u00bbflat\u00bb color=\u00bbtheme_style_3&#8243; i_icon_fontawesome=\u00bbfas fa-arrow-left\u00bb css=\u00bb\u00bb add_icon=\u00bbtrue\u00bb link=\u00bburl:https%3A%2F%2Fpassagehi.com%2Four-team%2F|title:Nuestro%20equipo|\u00bb][\/vc_column][\/vc_row]<\/p>\n<\/div>","protected":false},"excerpt":{"rendered":"<p>[vc_row][vc_column][vc_column_text css=\u00bb.vc_custom_1734315334907{margin-bottom: 45px !important;}\u00bb] Martha P. Ruiz-Duenas, RN, BSN Directora de Auditor\u00eda y Educaci\u00f3n para la Revisi\u00f3n de Facturas M\u00e9dicas [\/vc_column_text][\/vc_column][\/vc_row][vc_row][vc_column width=\u00bb1\/4&#8243;][vc_single_image image=\u00bb1510&#8243; img_size=\u00bb450&#215;450&#8243; css=\u00bb\u00bb][\/vc_column][vc_column width=\u00bb3\/4&#8243;][vc_column_text css=\u00bb\u00bb]Martha es una profesional altamente cualificada, reconocida&#8230;<\/p>\n","protected":false},"author":1,"featured_media":0,"parent":1778,"menu_order":0,"comment_status":"closed","ping_status":"closed","template":"","meta":{"footnotes":""},"class_list":["post-1825","page","type-page","status-publish","hentry"],"_links":{"self":[{"href":"https:\/\/passagehi.com\/es\/wp-json\/wp\/v2\/pages\/1825","targetHints":{"allow":["GET"]}}],"collection":[{"href":"https:\/\/passagehi.com\/es\/wp-json\/wp\/v2\/pages"}],"about":[{"href":"https:\/\/passagehi.com\/es\/wp-json\/wp\/v2\/types\/page"}],"author":[{"embeddable":true,"href":"https:\/\/passagehi.com\/es\/wp-json\/wp\/v2\/users\/1"}],"replies":[{"embeddable":true,"href":"https:\/\/passagehi.com\/es\/wp-json\/wp\/v2\/comments?post=1825"}],"version-history":[{"count":2,"href":"https:\/\/passagehi.com\/es\/wp-json\/wp\/v2\/pages\/1825\/revisions"}],"predecessor-version":[{"id":1831,"href":"https:\/\/passagehi.com\/es\/wp-json\/wp\/v2\/pages\/1825\/revisions\/1831"}],"up":[{"embeddable":true,"href":"https:\/\/passagehi.com\/es\/wp-json\/wp\/v2\/pages\/1778"}],"wp:attachment":[{"href":"https:\/\/passagehi.com\/es\/wp-json\/wp\/v2\/media?parent=1825"}],"curies":[{"name":"wp","href":"https:\/\/api.w.org\/{rel}","templated":true}]}}