{"id":1835,"date":"2015-11-17T04:19:36","date_gmt":"2015-11-17T04:19:36","guid":{"rendered":"https:\/\/passagehi.com\/quienes-somos\/"},"modified":"2025-05-06T17:16:48","modified_gmt":"2025-05-06T17:16:48","slug":"quienes-somos","status":"publish","type":"page","link":"https:\/\/passagehi.com\/es\/quienes-somos\/","title":{"rendered":"Qui\u00e9nes somos"},"content":{"rendered":"<div class=\"wpb-content-wrapper\"><p>[vc_row][vc_column width=\u00bb1\/4&#8243;][vc_single_image image=\u00bb1412&#8243; img_size=\u00bblarge\u00bb css=\u00bb\u00bb][\/vc_column][vc_column width=\u00bb3\/4&#8243;][vc_column_text css=\u00bb\u00bb]Passage Health International, L.L.C. es un socio l\u00edder en facturaci\u00f3n m\u00e9dica que presta apoyo a cl\u00ednicas y hospitales que atienden a pacientes internacionales. Nuestros servicios integrales incluyen la verificaci\u00f3n de prestaciones y elegibilidad, auditor\u00edas m\u00e9dicas, coordinaci\u00f3n de la asistencia y mucho m\u00e1s, lo que permite a los proveedores de asistencia sanitaria concentrarse en ofrecer una atenci\u00f3n excepcional al paciente. <\/p>\n<p>Con sede en Fort Lauderdale, Florida, operamos con una red global de socios de confianza, reconocidos por nuestro compromiso con la excelencia, nuestra profunda experiencia en el sector y nuestra profesionalidad. Descubre c\u00f3mo nuestro equipo puede mejorar tu experiencia de atenci\u00f3n al paciente y agilizar tus procesos de facturaci\u00f3n. <\/p>\n<p>&nbsp;<\/p>\n<p>[\/vc_column_text][\/vc_column][\/vc_row][vc_row full_width=\u00bbstretch_row\u00bb el_class=\u00bbsecondary_bg_color\u00bb css=\u00bb.vc_custom_1447734480631{margin-bottom: 0px !important;}\u00bb][vc_column][vc_cta h2=\u00bb\u00bfQuieres saber c\u00f3mo se adaptan nuestras soluciones a las necesidades de tu empresa?\u00bb shape=\u00bbsquare\u00bb add_button=\u00bbright\u00bb btn_title=\u00bbContacta con nosotros\u00bb btn_style=\u00bboutline\u00bb btn_shape=\u00bbround\u00bb btn_color=\u00bbwhite\u00bb btn_i_align=\u00bbright\u00bb btn_i_icon_fontawesome=\u00bbstm-arrow-next\u00bb css=\u00bb\u00bb btn_add_icon=\u00bbtrue\u00bb el_class=\u00bbsecondary_bg_color\u00bb btn_link=\u00bburl:https%3A%2F%2Fphi.vantivsystems.io%2Fcontact%2F|title:Contacta%20con%20nosotros|\u00bb][\/vc_cta][\/vc_column][\/vc_row]<\/p>\n<\/div>","protected":false},"excerpt":{"rendered":"<p>[vc_row][vc_column width=\u00bb1\/4&#8243;][vc_single_image image=\u00bb1412&#8243; img_size=\u00bblarge\u00bb css=\u00bb\u00bb][\/vc_column][vc_column width=\u00bb3\/4&#8243;][vc_column_text css=\u00bb\u00bb]Passage Health International, L.L.C. es un socio l\u00edder en facturaci\u00f3n m\u00e9dica que presta apoyo a cl\u00ednicas y hospitales que atienden a pacientes internacionales. Nuestros servicios integrales incluyen&#8230;<\/p>\n","protected":false},"author":1,"featured_media":0,"parent":0,"menu_order":0,"comment_status":"closed","ping_status":"closed","template":"","meta":{"footnotes":""},"class_list":["post-1835","page","type-page","status-publish","hentry"],"_links":{"self":[{"href":"https:\/\/passagehi.com\/es\/wp-json\/wp\/v2\/pages\/1835","targetHints":{"allow":["GET"]}}],"collection":[{"href":"https:\/\/passagehi.com\/es\/wp-json\/wp\/v2\/pages"}],"about":[{"href":"https:\/\/passagehi.com\/es\/wp-json\/wp\/v2\/types\/page"}],"author":[{"embeddable":true,"href":"https:\/\/passagehi.com\/es\/wp-json\/wp\/v2\/users\/1"}],"replies":[{"embeddable":true,"href":"https:\/\/passagehi.com\/es\/wp-json\/wp\/v2\/comments?post=1835"}],"version-history":[{"count":2,"href":"https:\/\/passagehi.com\/es\/wp-json\/wp\/v2\/pages\/1835\/revisions"}],"predecessor-version":[{"id":1838,"href":"https:\/\/passagehi.com\/es\/wp-json\/wp\/v2\/pages\/1835\/revisions\/1838"}],"wp:attachment":[{"href":"https:\/\/passagehi.com\/es\/wp-json\/wp\/v2\/media?parent=1835"}],"curies":[{"name":"wp","href":"https:\/\/api.w.org\/{rel}","templated":true}]}}