{"id":1848,"date":"2015-11-24T05:41:19","date_gmt":"2015-11-24T05:41:19","guid":{"rendered":"https:\/\/passagehi.com\/nuestros-servicios\/"},"modified":"2025-05-14T13:19:38","modified_gmt":"2025-05-14T13:19:38","slug":"nuestros-servicios","status":"publish","type":"page","link":"https:\/\/passagehi.com\/es\/nuestros-servicios\/","title":{"rendered":"Nuestros servicios"},"content":{"rendered":"<div class=\"wpb-content-wrapper\"><p>[vc_row css=\u00bb.vc_custom_1448347192284{margin-bottom: 70px !important;}\u00bb][vc_column offset=\u00bbvc_col-lg-4 vc_col-md-4&#8243;][vc_column_text css=\u00bb.vc_custom_1729473541924{margin-bottom: 40px !important;}\u00bb]<\/p>\n<h2>Calidad y excelencia en cada paso<\/h2>\n<p>[\/vc_column_text][\/vc_column][vc_column width=\u00bb1\/2&#8243; offset=\u00bbvc_col-lg-4 vc_col-md-4&#8243;][vc_column_text css=\u00bb\u00bb]En Passage Health International, transformamos las complejidades de la facturaci\u00f3n m\u00e9dica internacional en procesos fluidos que mejoran el rendimiento financiero de tu hospital. Nuestro completo conjunto de servicios, que incluye la verificaci\u00f3n de prestaciones, la revisi\u00f3n de facturas m\u00e9dicas y la gesti\u00f3n del ciclo de ingresos, garantiza que recibas pagos puntuales y precisos.[\/vc_column_text][\/vc_column][vc_column width=\u00bb1\/2&#8243; offset=\u00bbvc_col-lg-4 vc_col-md-4&#8243;][vc_column_text css=\u00bb\u00bb]Con una red global y un equipo de profesionales dedicados, estamos equipados para gestionar los retos \u00fanicos de las reclamaciones internacionales, permiti\u00e9ndote centrarte en ofrecer una atenci\u00f3n excepcional a los pacientes. Explora c\u00f3mo nuestras soluciones expertas pueden contribuir al \u00e9xito de tu hospital.[\/vc_column_text][\/vc_column][\/vc_row][vc_row full_width=\u00bbstretch_row\u00bb css=\u00bb.vc_custom_1448346440762{margin-bottom: 0px !important;padding-top: 80px !important;padding-bottom: 60px !important;background-color: #1b4562 !important;}\u00bb][vc_column][vc_row_inner css=\u00bb.vc_custom_1449136946410{margin-bottom: 0px !important;}\u00bb][vc_column_inner width=\u00bb1\/2&#8243; css=\u00bb.vc_custom_1449136957585{margin-bottom: 35px !important;}\u00bb][stm_icon icon_size=\u00bb73&#8243; icon_height=\u00bb100&#8243; title_font_size=\u00bb24&#8243; title_font_weight=\u00bb700&#8243; icon=\u00bbfas fa-user-friends\u00bb title=\u00bbVerificaci\u00f3n de admisibilidad y prestaciones\u00bb text=\u00bbTe ayudamos a verificar r\u00e1pidamente los detalles de la cobertura, asegur\u00e1ndonos de que dispones de la informaci\u00f3n esencial antes de que comience el tratamiento. Este servicio mitiga los riesgos asociados a errores de facturaci\u00f3n y cargos inesperados al paciente.\u00bb title_color=\u00bb#ffffff\u00bb text_color=\u00bb#ffffff\u00bb][\/vc_column_inner][vc_column_inner width=\u00bb1\/2&#8243; css=\u00bb.vc_custom_1449136961602{margin-bottom: 35px !important;}\u00bb][stm_icon icon_size=\u00bb89&#8243; icon_height=\u00bb100&#8243; title_font_size=\u00bb24&#8243; title_font_weight=\u00bb700&#8243; icon=\u00bbfas fa-user-md\u00bb title=\u00bbAuditor\u00edas de facturaci\u00f3n m\u00e9dica\u00bb text=\u00bbNuestro minucioso proceso de auditor\u00eda identifica errores y optimiza las facturas, facilitando cobros m\u00e1s r\u00e1pidos y minimizando las disputas con las aseguradoras.\u00bb title_color=\u00bb#ffffff\u00bb text_color=\u00bb#ffffff\u00bb][\/vc_column_inner][\/vc_row_inner][vc_row_inner css=\u00bb.vc_custom_1449136951770{margin-bottom: 0px !important;}\u00bb][vc_column_inner width=\u00bb1\/2&#8243; css=\u00bb.vc_custom_1449136966415{margin-bottom: 35px !important;}\u00bb][stm_icon icon_size=\u00bb89&#8243; icon_height=\u00bb100&#8243; title_font_size=\u00bb24&#8243; title_font_weight=\u00bb700&#8243; icon=\u00bbfas fa-headset\u00bb title=\u00bbSeguimiento y cobro de siniestros\u00bb text=\u00bbNuestro equipo especializado gestiona las reclamaciones desde la presentaci\u00f3n hasta el pago, garantizando que recibas el reembolso a tiempo y manteniendo una comunicaci\u00f3n clara con los pacientes.\u00bb title_color=\u00bb#ffffff\u00bb text_color=\u00bb#ffffff\u00bb][\/vc_column_inner][vc_column_inner width=\u00bb1\/2&#8243; css=\u00bb.vc_custom_1449136971250{margin-bottom: 35px !important;}\u00bb][stm_icon icon_size=\u00bb89&#8243; icon_height=\u00bb100&#8243; title_font_size=\u00bb24&#8243; title_font_weight=\u00bb700&#8243; icon=\u00bbfas fa-balance-scale\u00bb title=\u00bbApoyo y Orientaci\u00f3n Jur\u00eddica\u00bb text=\u00bbTe ayudamos a navegar por las complejidades de los litigios sobre reclamaciones, proporcion\u00e1ndote estrategias jur\u00eddicas para mejorar tus esfuerzos de cobro, salvaguardando al mismo tiempo tus intereses.\u00bb title_color=\u00bb#ffffff\u00bb text_color=\u00bb#ffffff\u00bb][\/vc_column_inner][\/vc_row_inner][\/vc_column][\/vc_row][vc_row full_width=\u00bbstretch_row\u00bb el_class=\u00bbsecondary_bg_color\u00bb css=\u00bb.vc_custom_1448346766847{margin-bottom: 80px !important;}\u00bb][vc_column][vc_cta h2=\u00bbExplora nuestras soluciones\u00bb shape=\u00bbsquare\u00bb add_button=\u00bbright\u00bb btn_title=\u00bbContacta con nosotros\u00bb btn_style=\u00bboutline\u00bb btn_shape=\u00bbround\u00bb btn_color=\u00bbwhite\u00bb btn_i_align=\u00bbright\u00bb btn_i_icon_fontawesome=\u00bbstm-arrow-next\u00bb css=\u00bb\u00bb btn_add_icon=\u00bbtrue\u00bb el_class=\u00bbsecondary_bg_color\u00bb btn_link=\u00bburl:https%3A%2F%2Fpassagehi.com%2Fcontact%2F|title:Contacta%20con%20nosotros|\u00bb][\/vc_cta][\/vc_column][\/vc_row][vc_row css=\u00bb.vc_custom_1449137019491{margin-bottom: 40px !important;}\u00bb][vc_column width=\u00bb1\/2&#8243;][vc_column_text css=\u00bb.vc_custom_1729463022236{margin-bottom: 30px !important;}\u00bb]<\/p>\n<h3>Soluciones eficaces<\/h3>\n<p>Passage Health International (PHI) es un socio global para proveedores m\u00e9dicos que tratan regularmente a pacientes internacionales.<\/p>\n<p><strong>Nuestra funci\u00f3n distintiva es convertir los riesgos y retos de nuestros clientes en oportunidades para generar ingresos.<\/strong><\/p>\n<p>Lo conseguimos prestando servicios de facturaci\u00f3n m\u00e9dica del m\u00e1s alto nivel para sus reclamaciones internacionales.<\/p>\n<p>Esto les permite centrarse en lo que mejor saben hacer: prestar servicios sanitarios excelentes.[\/vc_column_text][\/vc_column][vc_column width=\u00bb1\/2&#8243;][vc_single_image image=\u00bb1424&#8243; img_size=\u00bbfull\u00bb alignment=\u00bbright\u00bb css=\u00bb\u00bb][\/vc_column][\/vc_row][vc_row full_width=\u00bbstretch_row_content_no_spaces\u00bb equal_height=\u00bbyes\u00bb content_placement=\u00bbtop\u00bb el_class=\u00bbsecondary_bg_color services_icons reset-sm-paddings\u00bb css=\u00bb.vc_custom_1450671531930{margin-bottom: 0px !important;}\u00bb][vc_column css=\u00bb.vc_custom_1449204255225{padding-top: 75px !important;padding-right: 115px !important;padding-bottom: 75px !important;padding-left: 115px !important;}\u00bb offset=\u00bbvc_col-lg-4 vc_col-md-4&#8243;][stm_icon icon_size=\u00bb67&#8243; icon_height=\u00bb90&#8243; title_font_size=\u00bb24&#8243; title_font_weight=\u00bb700&#8243; align=\u00bbcenter\u00bb icon=\u00bbstm-security\u00bb title=\u00bbAmplia experiencia\u00bb text=\u00bbTe beneficias de nuestra amplia experiencia en la gesti\u00f3n de siniestros m\u00e9dicos internacionales, que garantiza soluciones precisas y eficaces adaptadas a las complejas necesidades de los proveedores sanitarios mundiales.\u00bb icon_color=\u00bb#ffffff\u00bb title_color=\u00bb#ffffff\u00bb text_color=\u00bb#ffffff\u00bb][\/vc_column][vc_column css=\u00bb.vc_custom_1449204260881{padding-top: 75px !important;padding-right: 115px !important;padding-bottom: 75px !important;padding-left: 115px !important;background-color: rgba(0,0,0,0.1) !important;*background-color: rgb(0,0,0) !important;}\u00bb offset=\u00bbvc_col-lg-4 vc_col-md-4&#8243;][stm_icon icon_size=\u00bb67&#8243; icon_height=\u00bb90&#8243; title_font_size=\u00bb24&#8243; title_font_weight=\u00bb700&#8243; align=\u00bbcenter\u00bb icon=\u00bbstm-fast-delivery\u00bb title=\u00bbProcesos racionalizados\u00bb text=\u00bbNuestro enfoque innovador de la facturaci\u00f3n y los cobros agiliza tu ciclo de ingresos, minimizando los retrasos y maximizando los reembolsos, para que puedas centrarte en ofrecer una atenci\u00f3n excepcional al paciente.\u00bb icon_color=\u00bb#ffffff\u00bb title_color=\u00bb#ffffff\u00bb text_color=\u00bb#ffffff\u00bb][\/vc_column][vc_column css=\u00bb.vc_custom_1449204266169{padding-top: 75px !important;padding-right: 115px !important;padding-bottom: 75px !important;padding-left: 115px !important;background-color: rgba(0,0,0,0.2) !important;*background-color: rgb(0,0,0) !important;}\u00bb offset=\u00bbvc_col-lg-4 vc_col-md-4&#8243;][stm_icon icon_size=\u00bb67&#8243; icon_height=\u00bb90&#8243; title_font_size=\u00bb24&#8243; title_font_weight=\u00bb700&#8243; align=\u00bbcenter\u00bb icon=\u00bbstm-support\u00bb title=\u00bbSoporte dedicado\u00bb text=\u00bbNuestro equipo especializado est\u00e1 disponible 24 horas al d\u00eda, 7 d\u00edas a la semana, y te ofrece asistencia personalizada y experiencia para superar los retos de las reclamaciones de seguros internacionales, proporcion\u00e1ndote tranquilidad y resultados fiables.\u00bb icon_color=\u00bb#ffffff\u00bb title_color=\u00bb#ffffff\u00bb text_color=\u00bb#ffffff\u00bb][\/vc_column][\/vc_row]<\/p>\n<\/div>","protected":false},"excerpt":{"rendered":"<p>[vc_row css=\u00bb.vc_custom_1448347192284{margin-bottom: 70px !important;}\u00bb][vc_column offset=\u00bbvc_col-lg-4 vc_col-md-4&#8243;][vc_column_text css=\u00bb.vc_custom_1729473541924{margin-bottom: 40px !important;}\u00bb] Calidad y excelencia en cada paso [\/vc_column_text][\/vc_column][vc_column width=\u00bb1\/2&#8243; offset=\u00bbvc_col-lg-4 vc_col-md-4&#8243;][vc_column_text css=\u00bb\u00bb]En Passage Health International, transformamos las complejidades de la facturaci\u00f3n m\u00e9dica internacional en procesos&#8230;<\/p>\n","protected":false},"author":1,"featured_media":0,"parent":0,"menu_order":0,"comment_status":"closed","ping_status":"closed","template":"","meta":{"footnotes":""},"class_list":["post-1848","page","type-page","status-publish","hentry"],"_links":{"self":[{"href":"https:\/\/passagehi.com\/es\/wp-json\/wp\/v2\/pages\/1848","targetHints":{"allow":["GET"]}}],"collection":[{"href":"https:\/\/passagehi.com\/es\/wp-json\/wp\/v2\/pages"}],"about":[{"href":"https:\/\/passagehi.com\/es\/wp-json\/wp\/v2\/types\/page"}],"author":[{"embeddable":true,"href":"https:\/\/passagehi.com\/es\/wp-json\/wp\/v2\/users\/1"}],"replies":[{"embeddable":true,"href":"https:\/\/passagehi.com\/es\/wp-json\/wp\/v2\/comments?post=1848"}],"version-history":[{"count":8,"href":"https:\/\/passagehi.com\/es\/wp-json\/wp\/v2\/pages\/1848\/revisions"}],"predecessor-version":[{"id":1971,"href":"https:\/\/passagehi.com\/es\/wp-json\/wp\/v2\/pages\/1848\/revisions\/1971"}],"wp:attachment":[{"href":"https:\/\/passagehi.com\/es\/wp-json\/wp\/v2\/media?parent=1848"}],"curies":[{"name":"wp","href":"https:\/\/api.w.org\/{rel}","templated":true}]}}