{"id":1855,"date":"2015-10-21T07:42:32","date_gmt":"2015-10-21T07:42:32","guid":{"rendered":"https:\/\/passagehi.com\/inicio\/"},"modified":"2025-05-14T14:03:01","modified_gmt":"2025-05-14T14:03:01","slug":"inicio","status":"publish","type":"page","link":"https:\/\/passagehi.com\/es\/","title":{"rendered":"Inicio"},"content":{"rendered":"<div class=\"wpb-content-wrapper\"><p>[vc_row][vc_column]\n\t\t\t\t<p class=\"rs-p-wp-fix\"><\/p>\n\t\t\t\t<sr7-module data-alias=\"main_slider\" data-id=\"1\" id=\"SR7_1_1\" class=\"rs-ov-hidden\" data-version=\"6.7.16\">\n\t\t\t\t\t<sr7-adjuster><\/sr7-adjuster>\n\t\t\t\t\t<sr7-content>\n\t\t\t\t\t\t<sr7-slide id=\"SR7_1_1-9\" data-key=\"9\">\n\t\t\t\t\t\t\t<sr7-bg id=\"SR7_1_1-9-10\" class=\"sr7-layer\"><noscript><img decoding=\"async\" src=\"https:\/\/phi.vantivsystems.io\/wp-content\/uploads\/2024\/10\/medical-staff-in-white-coat-and-scrubs-discussing-2023-11-27-04-49-44-utc-1-scaled.jpg\" alt=\"\" title=\"Inicio\"><\/noscript><\/sr7-bg>\n\t\t\t\t\t\t\t<sr7-txt id=\"SR7_1_1-9-2\" class=\"sr7-layer\">EXPERIENCIA <br \/>GLOBAL<\/sr7-txt>\n\t\t\t\t\t\t\t<sr7-txt id=\"SR7_1_1-9-6\" class=\"sr7-layer\">Somos sus socios internacionales<br \/>\nLe ayudamos a centrarse en brindar una atenci\u00f3n excepcional.<br \/>\nConf\u00ede en nuestra experiencia y trayectoria comprobada.<\/sr7-txt>\n\t\t\t\t\t\t<\/sr7-slide>\n\t\t\t\t\t\t<sr7-slide class=\"overlay\" id=\"SR7_1_1-10\" data-key=\"10\">\n\t\t\t\t\t\t\t<sr7-bg id=\"SR7_1_1-10-10\" class=\"sr7-layer\"><noscript><img decoding=\"async\" src=\"https:\/\/phi.vantivsystems.io\/wp-content\/uploads\/2024\/10\/business-team-talking-planning-analyze-investment-2024-05-02-15-10-21-utc-scaled.jpg\" alt=\"\" title=\"Inicio\"><\/noscript><\/sr7-bg>\n\t\t\t\t\t\t\t<sr7-txt id=\"SR7_1_1-10-2\" class=\"sr7-layer\">SOPORTE <br\/>\nINIGUALABLE<\/sr7-txt>\n\t\t\t\t\t\t\t<p id=\"SR7_1_1-10-6\" class=\"sr7-layer\">Con un enfoque en el profesionalismo y la capacidad de <br \/>respuesta,\nGarantizamos que sus necesidades se satisfagan <br \/>con rapidez y eficacia. Experimente el soporte que nos <br \/>distingue.<\/p>\n\t\t\t\t\t\t<\/sr7-slide>\n\t\t\t\t\t\t<sr7-slide class=\"overlay\" id=\"SR7_1_1-11\" data-key=\"11\">\n\t\t\t\t\t\t\t<sr7-bg id=\"SR7_1_1-11-10\" class=\"sr7-layer\"><noscript><img decoding=\"async\" src=\"https:\/\/phi.vantivsystems.io\/wp-content\/uploads\/2024\/10\/high-speed-ambulance-on-a-new-york-city-street-2023-11-27-05-21-24-utc.jpg\" alt=\"\" title=\"Inicio\"><\/noscript><\/sr7-bg>\n\t\t\t\t\t\t\t<sr7-txt id=\"SR7_1_1-11-2\" class=\"sr7-layer\">TRANQUILIDAD<br\/>TOTAL<\/sr7-txt>\n\t\t\t\t\t\t\t<p id=\"SR7_1_1-11-6\" class=\"sr7-layer\">Desde la gesti\u00f3n de la evaluaci\u00f3n de beneficios hasta la <br \/>coordinaci\u00f3n de la atenci\u00f3n transfronteriza, eliminamos <br \/>las complicaciones.\nConf\u00ede en nosotros para apoyar a sus <br \/>pacientes dondequiera que est\u00e9n.<\/p>\n\t\t\t\t\t\t<\/sr7-slide>\n\t\t\t\t\t\t<sr7-slide class=\"overlay\" id=\"SR7_1_1-12\" data-key=\"12\">\n\t\t\t\t\t\t\t<sr7-bg id=\"SR7_1_1-12-10\" class=\"sr7-layer\"><noscript><img decoding=\"async\" src=\"https:\/\/phi.vantivsystems.io\/wp-content\/uploads\/2024\/10\/medical-staff-walking-through-busy-hospital-with-m-2023-11-27-05-17-42-utc-scaled.jpg\" alt=\"\" title=\"Inicio\"><\/noscript><\/sr7-bg>\n\t\t\t\t\t\t\t<sr7-txt id=\"SR7_1_1-12-2\" class=\"sr7-layer\">RED<br\/>GLOBAL<\/sr7-txt>\n\t\t\t\t\t\t\t<p id=\"SR7_1_1-12-6\" class=\"sr7-layer\">Con m\u00e1s de 30 socios internacionales, gestionamos los <br \/>desaf\u00edos transfronterizos y garantizamos que los pacientes <br \/>reciban la mejor atenci\u00f3n y apoyo mientras viajan al extranjero.<\/p>\n\t\t\t\t\t\t<\/sr7-slide>\n\t\t\t\t\t\t<sr7-slide id=\"SR7_1_1-5\" data-key=\"5\">\n\t\t\t\t\t\t<\/sr7-slide>\n\t\t\t\t\t<\/sr7-content>\n\t\t\t\t\t<image_lists style=\"display:none\">\n\t\t\t\t\t\t<img data-src=\"\/\/phi.vantivsystems.io\/wp-content\/uploads\/2024\/10\/medical-staff-in-white-coat-and-scrubs-discussing-2023-11-27-04-49-44-utc-1-scaled.jpg\" data-lib=\"medialibrary\" width=\"0\" height=\"0\" data-dbsrc=\"Ly9waGkudmFudGl2c3lzdGVtcy5pby93cC1jb250ZW50L3VwbG9hZHMvMjAyNC8xMC9tZWRpY2FsLXN0YWZmLWluLXdoaXRlLWNvYXQtYW5kLXNjcnVicy1kaXNjdXNzaW5nLTIwMjMtMTEtMjctMDQtNDktNDQtdXRjLTEtc2NhbGVkLmpwZw==\"\/>\n\t\t\t\t\t\t<img data-src=\"\/\/phi.vantivsystems.io\/wp-content\/uploads\/2024\/10\/business-team-talking-planning-analyze-investment-2024-05-02-15-10-21-utc-scaled.jpg\" data-lib=\"medialibrary\" width=\"0\" height=\"0\" data-dbsrc=\"Ly9waGkudmFudGl2c3lzdGVtcy5pby93cC1jb250ZW50L3VwbG9hZHMvMjAyNC8xMC9idXNpbmVzcy10ZWFtLXRhbGtpbmctcGxhbm5pbmctYW5hbHl6ZS1pbnZlc3RtZW50LTIwMjQtMDUtMDItMTUtMTAtMjEtdXRjLXNjYWxlZC5qcGc=\"\/>\n\t\t\t\t\t\t<img data-src=\"\/\/phi.vantivsystems.io\/wp-content\/uploads\/2024\/10\/high-speed-ambulance-on-a-new-york-city-street-2023-11-27-05-21-24-utc.jpg\" data-lib=\"medialibrary\" width=\"0\" height=\"0\" data-dbsrc=\"Ly9waGkudmFudGl2c3lzdGVtcy5pby93cC1jb250ZW50L3VwbG9hZHMvMjAyNC8xMC9oaWdoLXNwZWVkLWFtYnVsYW5jZS1vbi1hLW5ldy15b3JrLWNpdHktc3RyZWV0LTIwMjMtMTEtMjctMDUtMjEtMjQtdXRjLmpwZw==\"\/>\n\t\t\t\t\t\t<img data-src=\"\/\/phi.vantivsystems.io\/wp-content\/uploads\/2024\/10\/medical-staff-walking-through-busy-hospital-with-m-2023-11-27-05-17-42-utc-scaled.jpg\" data-lib=\"medialibrary\" width=\"0\" height=\"0\" data-dbsrc=\"Ly9waGkudmFudGl2c3lzdGVtcy5pby93cC1jb250ZW50L3VwbG9hZHMvMjAyNC8xMC9tZWRpY2FsLXN0YWZmLXdhbGtpbmctdGhyb3VnaC1idXN5LWhvc3BpdGFsLXdpdGgtbS0yMDIzLTExLTI3LTA1LTE3LTQyLXV0Yy1zY2FsZWQuanBn\"\/>\n\t\t\t\t\t<\/image_lists>\n\t\t\t\t<\/sr7-module>\n\t\t\t\t<script>\n\t\t\t\t\tSR7.PMH ??={}; SR7.PMH[\"SR7_1_1\"] = {cn:0,state:false,fn: function() { if (_tpt!==undefined && _tpt.prepareModuleHeight !== undefined) {  _tpt.prepareModuleHeight({id:\"SR7_1_1\",el:[900,900,768,960,720],type:'standard',shdw:'0',gh:[900,900,808,614,379],gw:[1140,1140,1024,778,480],vpt:['100px'],size:{fullWidth:true, fullHeight:false},mh:'0',onh:0,onw:0,bg:{color:'{\"type\":\"solid\",\"orig\":\"#ffffff\",\"string\":\"rgba(255, 255, 255, 1)\"}'},plType:'2',plColor:'#34ccff'});   SR7.PMH[\"SR7_1_1\"].state=true;} else if((SR7.PMH[\"SR7_1_1\"].cn++)<100)\tsetTimeout( SR7.PMH[\"SR7_1_1\"].fn,19);}};SR7.PMH[\"SR7_1_1\" ].fn();\n\t\t\t\t<\/script>\n[\/vc_column][\/vc_row][vc_row full_width=\u00bbstretch_row\u00bb el_class=\u00bbbase_bg_color no_overflow_hidden\u00bb css=\u00bb.vc_custom_1448432556856{margin-bottom: 80px !important;}\u00bb][vc_column width=\u00bb1\/4&#8243; offset=\u00bbvc_hidden-xs\u00bb][stm_rev_slider_nav title=\u00bbExperiencia global\u00bb icon=\u00bbstm-clients-worldwide\u00bb slide_number=\u00bb1&#8243;][\/vc_column][vc_column width=\u00bb1\/4&#8243; offset=\u00bbvc_hidden-xs\u00bb][stm_rev_slider_nav title=\u00bbApoyo inigualable\u00bb icon=\u00bbstm-support\u00bb slide_number=\u00bb2&#8243;][\/vc_column][vc_column width=\u00bb1\/4&#8243; offset=\u00bbvc_hidden-xs\u00bb][stm_rev_slider_nav title=\u00bbTranquilidad\u00bb icon=\u00bbstm-transport839&#8243; slide_number=\u00bb3&#8243;][\/vc_column][vc_column width=\u00bb1\/4&#8243; offset=\u00bbvc_hidden-xs\u00bb][stm_rev_slider_nav title=\u00bbRed mundial\u00bb icon=\u00bbstm-people-in-team\u00bb slide_number=\u00bb4&#8243;][\/vc_column][\/vc_row][vc_row full_height=\u00bbyes\u00bb css=\u00bb.vc_custom_1449213766351{margin-bottom: 60px !important;background-image: url(https:\/\/phi.vantivsystems.io\/wp-content\/uploads\/2015\/11\/placeholder.gif) !important;background-position: center !important;background-repeat: no-repeat !important;background-size: cover !important;}\u00bb el_class=\u00bbvc_hidden-lg vc_hidden-md vc_hidden-sm\u00bb][vc_column offset=\u00bbvc_hidden-lg vc_hidden-md vc_hidden-sm\u00bb css=\u00bb.vc_custom_1449213666600{padding-top: 40px !important;padding-bottom: 40px !important;}\u00bb][vc_custom_heading text=\u00bbNosotros nos encargamos\u00bb font_container=\u00bbtag:h1|text_align:left|color:%23ffffff\u00bb use_theme_fonts=\u00bbyes\u00bb css=\u00bb\u00bb el_class=\u00bbwhite_stripe\u00bb][vc_column_text css=\u00bb\u00bb]<span style=\"color: #ffffff;\">Nos encargamos de la selecci\u00f3n de prestaciones y requisitos, las auditor\u00edas m\u00e9dicas, la coordinaci\u00f3n de la asistencia y mucho m\u00e1s.<\/span>[\/vc_column_text][vc_btn title=\u00bbSaber m\u00e1s\u00bb style=\u00bboutline\u00bb shape=\u00bbround\u00bb color=\u00bbtheme_style_3&#8243; i_align=\u00bbright\u00bb i_icon_fontawesome=\u00bbstm-arrow-next\u00bb css=\u00bb\u00bb add_icon=\u00bbtrue\u00bb link=\u00bburl:https%3A%2F%2Fphi.vantivsystems.io%2Fabout-us%2F|title:Qui%C3%A9nes%20somos|\u00bb][\/vc_column][\/vc_row][vc_row css=\u00bb.vc_custom_1450264294682{margin-bottom: 80px !important;}\u00bb][vc_column offset=\u00bbvc_col-lg-6 vc_col-md-6&#8243;][vc_column_text css=\u00bb\u00bb]<\/p>\n<h2><span style=\"font-weight: 300;\">BIENVENIDO A PASSAGE HEALTH INTERNATIONAL<\/span><\/h2>\n<p>Passage Health International hace que el negocio fluya. Como una de las principales empresas de facturaci\u00f3n m\u00e9dica del mundo, dise\u00f1amos e implantamos soluciones l\u00edderes en el sector para el procesamiento de reclamaciones y la optimizaci\u00f3n de ingresos.<\/p>\n<p>Nuestros dedicados empleados, que trabajan las 24 horas del d\u00eda, ofrecen excelencia operativa para proporcionar soluciones y servicios viables a tus necesidades del ciclo de ingresos.[\/vc_column_text][vc_row_inner][vc_column_inner width=\u00bb1\/2&#8243;][vc_column_text css=\u00bb\u00bb]<strong>EINDAR KHANT<br \/>\n<\/strong><small>Presidente y Director Ejecutivo<\/small>[\/vc_column_text][\/vc_column_inner][\/vc_row_inner][\/vc_column][vc_column offset=\u00bbvc_col-lg-6 vc_col-md-6 vc_hidden-sm vc_hidden-xs\u00bb][stm_video_popup image=\u00bb1352&#8243; video=\u00bbhttps:\/\/phi.vantivsystems.io\/wp-content\/uploads\/2024\/10\/PHiX-720p.mp4&#8243;][\/vc_column][\/vc_row][vc_row full_width=\u00bbstretch_row\u00bb equal_height=\u00bbyes\u00bb parallax=\u00bbcontent-moving\u00bb parallax_image=\u00bb258&#8243; el_class=\u00bbconvert_to_table overlay\u00bb css=\u00bb.vc_custom_1450765517736{margin-bottom: 80px !important;}\u00bb][vc_column width=\u00bb2\/3&#8243; css=\u00bb.vc_custom_1450330273622{padding-top: 60px !important;padding-right: 0px !important;padding-bottom: 60px !important;}\u00bb][vc_custom_heading text=\u00bbAseg\u00farate de que tus reclamaciones se gestionan de forma 100% segura y eficaz\u00bb use_theme_fonts=\u00bbyes\u00bb css=\u00bb\u00bb el_class=\u00bbbase_font_color heading_without_line\u00bb][vc_column_text css=\u00bb\u00bb]Hemos dise\u00f1ado nuestros servicios para satisfacer las necesidades de cualquier proveedor sanitario internacional, garantizando que tus reclamaciones m\u00e9dicas se tramiten con precisi\u00f3n y rapidez, proporcion\u00e1ndote tranquilidad y reembolsos puntuales.[\/vc_column_text][\/vc_column][vc_column width=\u00bb1\/3&#8243;][vc_btn title=\u00bbContactar ahora\u00bb style=\u00bbflat\u00bb shape=\u00bbround\u00bb color=\u00bbtheme_style_3&#8243; align=\u00bbcenter\u00bb i_align=\u00bbright\u00bb i_icon_fontawesome=\u00bbstm-arrow-next\u00bb css=\u00bb.vc_custom_1734300104264{margin-top: 55px !important;}\u00bb add_icon=\u00bbtrue\u00bb link=\u00bburl:https%3A%2F%2Fpassagehi.com%2Fcontact%2F|title:Contacta%20con%20nosotros|\u00bb][\/vc_column][\/vc_row][vc_row][vc_column][vc_custom_heading text=\u00bb\u00bfQu\u00e9 nos hace \u00fanicos?\u00bb use_theme_fonts=\u00bbyes\u00bb css=\u00bb\u00bb][vc_column_text css=\u00bb\u00bb]Con un equipo especializado de expertos del sector, Passage Health International opera sin problemas en m\u00faltiples regiones, garantizando una gesti\u00f3n eficaz de las reclamaciones m\u00e9dicas internacionales.[\/vc_column_text][\/vc_column][\/vc_row][vc_row css=\u00bb.vc_custom_1734301664885{margin-bottom: 20px !important;}\u00bb][vc_column width=\u00bb1\/4&#8243;][stm_icon icon_position=\u00bbicon_position_left\u00bb icon_size=\u00bb50&#8243; icon_width=\u00bb95&#8243; title_font_size=\u00bb14&#8243; title_font_weight=\u00bb600&#8243; title=\u00bbSoluciones integrales de facturaci\u00f3n\u00bb icon=\u00bbfas fa-money-check-alt\u00bb][\/vc_column][vc_column width=\u00bb1\/4&#8243;][stm_icon icon_position=\u00bbicon_position_left\u00bb icon_size=\u00bb50&#8243; icon_width=\u00bb95&#8243; title_font_size=\u00bb14&#8243; title_font_weight=\u00bb600&#8243; title=\u00bbVerificaci\u00f3n de prestaciones\u00bb icon=\u00bbfas fa-user-check\u00bb][\/vc_column][vc_column width=\u00bb1\/4&#8243;][stm_icon icon_position=\u00bbicon_position_left\u00bb icon_size=\u00bb51&#8243; icon_width=\u00bb95&#8243; title_font_size=\u00bb14&#8243; title_font_weight=\u00bb600&#8243; title=\u00bbApoyo jur\u00eddico\u00bb icon=\u00bbfas fa-balance-scale\u00bb][\/vc_column][vc_column width=\u00bb1\/4&#8243;][stm_icon icon_position=\u00bbicon_position_left\u00bb icon_size=\u00bb50&#8243; icon_width=\u00bb95&#8243; title_font_size=\u00bb14&#8243; title_font_weight=\u00bb600&#8243; title=\u00bbRed mundial\u00bb icon=\u00bbfas fa-globe\u00bb][\/vc_column][\/vc_row][vc_row full_width=\u00bbstretch_row\u00bb css=\u00bb.vc_custom_1734370304830{margin-top: 75px !important;margin-bottom: 75px !important;}\u00bb][vc_column][vc_column_text css=\u00bb\u00bb]<\/p>\n<h2>Testimonios de clientes<\/h2>\n<p>[\/vc_column_text][stm_testimonials posts_per_page=\u00bb4&#8243; autoplay=\u00bbyes\u00bb][\/vc_column][\/vc_row][vc_row full_width=\u00bbstretch_row_content_no_spaces\u00bb css=\u00bb.vc_custom_1446716672180{margin-bottom: 0px !important;}\u00bb][vc_column][stm_gmap map_zoom=\u00bb12&#8243; disable_mouse_whell=\u00bbdisable\u00bb marker=\u00bb1241&#8243;][stm_gmap_address title=\u00bbEstados Unidos &#8211; Sede Central\u00bb address=\u00bb5900 N Andrews Ave. Suite 802, Fort Lauderdale, FL 33309, USA\u00bb phone=\u00bb+1 (954) 526-9751&#8243; email=\u00bbinfo@passagehi.com\u00bb lat=\u00bb26.201110&#8243; lng=\u00bb-80.148180&#8243;][\/stm_gmap][\/vc_column][\/vc_row]<\/p>\n<\/div>","protected":false},"excerpt":{"rendered":"<p>[vc_row][vc_column][\/vc_column][\/vc_row][vc_row full_width=\u00bbstretch_row\u00bb el_class=\u00bbbase_bg_color no_overflow_hidden\u00bb css=\u00bb.vc_custom_1448432556856{margin-bottom: 80px !important;}\u00bb][vc_column width=\u00bb1\/4&#8243; offset=\u00bbvc_hidden-xs\u00bb][stm_rev_slider_nav title=\u00bbExperiencia global\u00bb icon=\u00bbstm-clients-worldwide\u00bb slide_number=\u00bb1&#8243;][\/vc_column][vc_column width=\u00bb1\/4&#8243; offset=\u00bbvc_hidden-xs\u00bb][stm_rev_slider_nav title=\u00bbApoyo inigualable\u00bb icon=\u00bbstm-support\u00bb slide_number=\u00bb2&#8243;][\/vc_column][vc_column width=\u00bb1\/4&#8243; offset=\u00bbvc_hidden-xs\u00bb][stm_rev_slider_nav title=\u00bbTranquilidad\u00bb icon=\u00bbstm-transport839&#8243; slide_number=\u00bb3&#8243;][\/vc_column][vc_column width=\u00bb1\/4&#8243; offset=\u00bbvc_hidden-xs\u00bb][stm_rev_slider_nav title=\u00bbRed mundial\u00bb icon=\u00bbstm-people-in-team\u00bb slide_number=\u00bb4&#8243;][\/vc_column][\/vc_row][vc_row full_height=\u00bbyes\u00bb css=\u00bb.vc_custom_1449213766351{margin-bottom: 60px&#8230;<\/p>\n","protected":false},"author":1,"featured_media":0,"parent":0,"menu_order":0,"comment_status":"closed","ping_status":"open","template":"","meta":{"footnotes":""},"class_list":["post-1855","page","type-page","status-publish","hentry"],"_links":{"self":[{"href":"https:\/\/passagehi.com\/es\/wp-json\/wp\/v2\/pages\/1855","targetHints":{"allow":["GET"]}}],"collection":[{"href":"https:\/\/passagehi.com\/es\/wp-json\/wp\/v2\/pages"}],"about":[{"href":"https:\/\/passagehi.com\/es\/wp-json\/wp\/v2\/types\/page"}],"author":[{"embeddable":true,"href":"https:\/\/passagehi.com\/es\/wp-json\/wp\/v2\/users\/1"}],"replies":[{"embeddable":true,"href":"https:\/\/passagehi.com\/es\/wp-json\/wp\/v2\/comments?post=1855"}],"version-history":[{"count":27,"href":"https:\/\/passagehi.com\/es\/wp-json\/wp\/v2\/pages\/1855\/revisions"}],"predecessor-version":[{"id":1975,"href":"https:\/\/passagehi.com\/es\/wp-json\/wp\/v2\/pages\/1855\/revisions\/1975"}],"wp:attachment":[{"href":"https:\/\/passagehi.com\/es\/wp-json\/wp\/v2\/media?parent=1855"}],"curies":[{"name":"wp","href":"https:\/\/api.w.org\/{rel}","templated":true}]}}