{"id":2034,"date":"2025-09-23T18:07:53","date_gmt":"2025-09-23T18:07:53","guid":{"rendered":"https:\/\/passagehi.com\/jose-campins\/"},"modified":"2025-10-07T15:00:04","modified_gmt":"2025-10-07T15:00:04","slug":"jose-campins","status":"publish","type":"page","link":"https:\/\/passagehi.com\/es\/nuestro-equipo\/jose-campins\/","title":{"rendered":"Jos\u00e9 Campins"},"content":{"rendered":"<div class=\"wpb-content-wrapper\"><p>[vc_row][vc_column][vc_column_text css=\u00bb.vc_custom_1758650690841{margin-bottom: 45px !important;}\u00bb]<\/p>\n<h2><strong>Jose Campins<\/strong>, <small>Esq Consejero General<\/small><\/h2>\n<p>[\/vc_column_text][\/vc_column][\/vc_row][vc_row][vc_column width=\u00bb1\/4&#8243;][vc_single_image image=\u00bb2019&#8243; img_size=\u00bb450&#215;450&#8243; css=\u00bb\u00bb][\/vc_column][vc_column width=\u00bb3\/4&#8243;][vc_column_text css=\u00bb\u00bb]Jos\u00e9 Campins trabaja como Consejero General en Passage Health International, aportando tanto conocimientos jur\u00eddicos como casi una d\u00e9cada de experiencia pr\u00e1ctica en el sector sanitario. Se licenci\u00f3 en Derecho por la Facultad de Derecho de la FIU, donde obtuvo la prestigiosa beca C.A.M.P. 4 Justice Human Rights en reconocimiento a su compromiso con la justicia y la defensa de los derechos humanos. <\/p>\n<p>Antes de incorporarse a Passage, Jos\u00e9 trabaj\u00f3 extensamente en el sector sanitario, adquiriendo un profundo conocimiento de su marco normativo y de los complejos retos a los que se enfrentan tanto los pacientes como los proveedores para conseguir resoluciones justas de las reclamaciones. Su formaci\u00f3n combinada en derecho y sanidad le permite desenvolverse en intrincados asuntos legales y de cumplimiento, al tiempo que protege los intereses de los proveedores y garantiza la integridad en la gesti\u00f3n de las reclamaciones. <\/p>\n<p>En Passage Health International, Jos\u00e9 desempe\u00f1a un papel clave en el avance de la misi\u00f3n de la empresa de ofrecer soluciones de gesti\u00f3n de siniestros internacionales transparentes, \u00e9ticas y eficaces.[\/vc_column_text][vc_btn title=\u00bbVolver a Nuestro Equipo\u00bb style=\u00bbflat\u00bb color=\u00bbtheme_style_3&#8243; i_icon_fontawesome=\u00bbfas fa-arrow-left\u00bb css=\u00bb\u00bb add_icon=\u00bbtrue\u00bb link=\u00bburl:https%3A%2F%2Fpassagehi.com%2Four-team%2F|title:Nuestro%20equipo|\u00bb][\/vc_column][\/vc_row]<\/p>\n<\/div>","protected":false},"excerpt":{"rendered":"<p>[vc_row][vc_column][vc_column_text css=\u00bb.vc_custom_1758650690841{margin-bottom: 45px !important;}\u00bb] Jose Campins, Esq Consejero General [\/vc_column_text][\/vc_column][\/vc_row][vc_row][vc_column width=\u00bb1\/4&#8243;][vc_single_image image=\u00bb2019&#8243; img_size=\u00bb450&#215;450&#8243; css=\u00bb\u00bb][\/vc_column][vc_column width=\u00bb3\/4&#8243;][vc_column_text css=\u00bb\u00bb]Jos\u00e9 Campins trabaja como Consejero General en Passage Health International, aportando tanto conocimientos jur\u00eddicos como casi una d\u00e9cada&#8230;<\/p>\n","protected":false},"author":2,"featured_media":0,"parent":1778,"menu_order":0,"comment_status":"closed","ping_status":"closed","template":"","meta":{"footnotes":""},"class_list":["post-2034","page","type-page","status-publish","hentry"],"_links":{"self":[{"href":"https:\/\/passagehi.com\/es\/wp-json\/wp\/v2\/pages\/2034","targetHints":{"allow":["GET"]}}],"collection":[{"href":"https:\/\/passagehi.com\/es\/wp-json\/wp\/v2\/pages"}],"about":[{"href":"https:\/\/passagehi.com\/es\/wp-json\/wp\/v2\/types\/page"}],"author":[{"embeddable":true,"href":"https:\/\/passagehi.com\/es\/wp-json\/wp\/v2\/users\/2"}],"replies":[{"embeddable":true,"href":"https:\/\/passagehi.com\/es\/wp-json\/wp\/v2\/comments?post=2034"}],"version-history":[{"count":6,"href":"https:\/\/passagehi.com\/es\/wp-json\/wp\/v2\/pages\/2034\/revisions"}],"predecessor-version":[{"id":2044,"href":"https:\/\/passagehi.com\/es\/wp-json\/wp\/v2\/pages\/2034\/revisions\/2044"}],"up":[{"embeddable":true,"href":"https:\/\/passagehi.com\/es\/wp-json\/wp\/v2\/pages\/1778"}],"wp:attachment":[{"href":"https:\/\/passagehi.com\/es\/wp-json\/wp\/v2\/media?parent=2034"}],"curies":[{"name":"wp","href":"https:\/\/api.w.org\/{rel}","templated":true}]}}