{"id":1780,"date":"2015-11-20T05:04:53","date_gmt":"2015-11-20T05:04:53","guid":{"rendered":"https:\/\/passagehi.com\/nossa-equipe\/"},"modified":"2025-10-07T15:02:51","modified_gmt":"2025-10-07T15:02:51","slug":"nossa-equipe","status":"publish","type":"page","link":"https:\/\/passagehi.com\/pt-br\/nossa-equipe\/","title":{"rendered":"Nossa equipe"},"content":{"rendered":"<div class=\"wpb-content-wrapper\"><p>[vc_row css=&#8221;.vc_custom_1449143045313{margin-bottom: 20px !important;}&#8221;][vc_column width=&#8221;1\/3&#8243;][vc_custom_heading text=&#8221;Conhe\u00e7a nossa equipe&#8221; use_theme_fonts=&#8221;yes&#8221; css=&#8221;.vc_custom_1729461687663{margin-bottom: 40px !important;}&#8221;][\/vc_column][vc_column width=&#8221;2\/3&#8243; css=&#8221;.vc_custom_1449143050295{margin-bottom: 30px !important;}&#8221;][vc_column_text css=&#8221;&#8221;]Na Passage Health International, nosso sucesso \u00e9 impulsionado por uma equipe de profissionais dedicados com um profundo conhecimento de sinistros m\u00e9dicos internacionais. Nossos especialistas t\u00eam o compromisso de prestar um servi\u00e7o excepcional, garantindo que o ciclo de receita do seu hospital seja otimizado e que seus pacientes recebam o atendimento de que precisam sem complica\u00e7\u00f5es financeiras. <\/p>\n<p><strong>Nossa lideran\u00e7a:<\/strong><\/p>\n<p>Nossa equipe de lideran\u00e7a traz d\u00e9cadas de experi\u00eancia em sa\u00fade, finan\u00e7as e conhecimento jur\u00eddico. Eles orientam nossa vis\u00e3o estrat\u00e9gica e garantem que nossos servi\u00e7os atendam aos mais altos padr\u00f5es de qualidade e confiabilidade. <\/p>\n<p><strong>Nossos especialistas:<\/strong><\/p>\n<p>Nossos especialistas est\u00e3o bem familiarizados com as complexidades das ap\u00f3lices de seguro internacionais e do faturamento m\u00e9dico. Eles trabalham diligentemente para verificar os benef\u00edcios, realizar auditorias completas e gerenciar os sinistros com efici\u00eancia para garantir os melhores resultados para nossos clientes.[\/vc_column_text][\/vc_column][\/vc_row][vc_row css=&#8221;.vc_custom_1734315181631{margin-bottom: 65px !important;}&#8221;][vc_column width=&#8221;1\/4&#8243;][vc_single_image image=&#8221;1509&#8243; img_size=&#8221;200&#215;200&#8243; onclick=&#8221;custom_link&#8221; css_animation=&#8221;none&#8221; css=&#8221;&#8221; link=&#8221;https:\/\/passagehi.com\/our-team\/eindar-khant\/&#8221;][vc_column_text css=&#8221;&#8221;]<strong>Eindar Khant, MBA<\/strong><br \/>\nDiretor executivo[\/vc_column_text][\/vc_column][vc_column width=&#8221;1\/4&#8243;][vc_single_image image=&#8221;1508&#8243; img_size=&#8221;200&#215;200&#8243; onclick=&#8221;custom_link&#8221; css=&#8221;&#8221; link=&#8221;https:\/\/passagehi.com\/our-team\/dixan-gonzalez&#8221;][vc_column_text css=&#8221;&#8221;]<strong>Dixan Gonzalez, MBA<\/strong><br \/>\nDiretor de Opera\u00e7\u00f5es[\/vc_column_text][\/vc_column][vc_column width=&#8221;1\/4&#8243;][vc_single_image image=&#8221;1564&#8243; img_size=&#8221;200&#215;200&#8243; onclick=&#8221;custom_link&#8221; css=&#8221;&#8221; link=&#8221;https:\/\/passagehi.com\/our-team\/anibal-basualdo\/&#8221;][vc_column_text css=&#8221;&#8221;]<strong>Anibal Basualdo, CPA<\/strong><br \/>\nDiretor financeiro[\/vc_column_text][\/vc_column][vc_column width=&#8221;1\/4&#8243;][vc_single_image image=&#8221;2019&#8243; img_size=&#8221;200&#215;200&#8243; onclick=&#8221;custom_link&#8221; css=&#8221;&#8221; link=&#8221;https:\/\/passagehi.com\/our-team\/jose-campins\/&#8221;][vc_column_text css=&#8221;&#8221;]<strong>Jose Campins, Esq.<\/strong><br \/>\nConselho Geral[\/vc_column_text][\/vc_column][\/vc_row][vc_row css=&#8221;.vc_custom_1734315192035{margin-bottom: 65px !important;}&#8221;][vc_column width=&#8221;1\/4&#8243;][vc_single_image image=&#8221;1566&#8243; img_size=&#8221;200&#215;200&#8243; onclick=&#8221;custom_link&#8221; css=&#8221;&#8221; link=&#8221;https:\/\/passagehi.com\/our-team\/ronald-lizardo\/&#8221;][vc_column_text css=&#8221;&#8221;]<strong>Ronaldo Lizardo<\/strong><br \/>\nDiretor de Rela\u00e7\u00f5es com Clientes e Desenvolvimento de Neg\u00f3cios[\/vc_column_text][\/vc_column][vc_column width=&#8221;1\/4&#8243;][vc_single_image image=&#8221;1510&#8243; img_size=&#8221;200&#215;200&#8243; onclick=&#8221;custom_link&#8221; css=&#8221;&#8221; link=&#8221;https:\/\/passagehi.com\/our-team\/martha-ruiz-duenas\/&#8221;][vc_column_text css=&#8221;&#8221;]<strong>Martha P. Ruiz-Duenas, RN, BSN<\/strong><br \/>\nDiretora, Auditoria de Revis\u00e3o de Contas M\u00e9dicas e Educa\u00e7\u00e3o[\/vc_column_text][\/vc_column][vc_column width=&#8221;1\/4&#8243;][vc_single_image image=&#8221;1569&#8243; img_size=&#8221;200&#215;200&#8243; onclick=&#8221;custom_link&#8221; css=&#8221;&#8221; link=&#8221;https:\/\/passagehi.com\/our-team\/giancarlo-castellanos\/&#8221;][vc_column_text css=&#8221;&#8221;]<strong>Giancarlo Castellanos<\/strong><br \/>\nAnalista de Neg\u00f3cios e Controle Interno[\/vc_column_text][\/vc_column][vc_column width=&#8221;1\/4&#8243;][vc_single_image image=&#8221;1573&#8243; img_size=&#8221;200&#215;200&#8243; onclick=&#8221;custom_link&#8221; css=&#8221;&#8221; link=&#8221;https:\/\/passagehi.com\/our-team\/joanne-sierra\/&#8221;][vc_column_text css=&#8221;&#8221;]<strong>Joanne Sierra<\/strong><br \/>\nChefe de reclama\u00e7\u00f5es[\/vc_column_text][\/vc_column][\/vc_row]<\/p>\n<\/div>","protected":false},"excerpt":{"rendered":"<p>[vc_row css=&#8221;.vc_custom_1449143045313{margin-bottom: 20px !important;}&#8221;][vc_column width=&#8221;1\/3&#8243;][vc_custom_heading text=&#8221;Conhe\u00e7a nossa equipe&#8221; use_theme_fonts=&#8221;yes&#8221; css=&#8221;.vc_custom_1729461687663{margin-bottom: 40px !important;}&#8221;][\/vc_column][vc_column width=&#8221;2\/3&#8243; css=&#8221;.vc_custom_1449143050295{margin-bottom: 30px !important;}&#8221;][vc_column_text css=&#8221;&#8221;]Na Passage Health International, nosso sucesso \u00e9 impulsionado por uma equipe de profissionais dedicados com um profundo&#8230;<\/p>\n","protected":false},"author":1,"featured_media":0,"parent":0,"menu_order":0,"comment_status":"closed","ping_status":"closed","template":"","meta":{"footnotes":""},"class_list":["post-1780","page","type-page","status-publish","hentry"],"_links":{"self":[{"href":"https:\/\/passagehi.com\/pt-br\/wp-json\/wp\/v2\/pages\/1780","targetHints":{"allow":["GET"]}}],"collection":[{"href":"https:\/\/passagehi.com\/pt-br\/wp-json\/wp\/v2\/pages"}],"about":[{"href":"https:\/\/passagehi.com\/pt-br\/wp-json\/wp\/v2\/types\/page"}],"author":[{"embeddable":true,"href":"https:\/\/passagehi.com\/pt-br\/wp-json\/wp\/v2\/users\/1"}],"replies":[{"embeddable":true,"href":"https:\/\/passagehi.com\/pt-br\/wp-json\/wp\/v2\/comments?post=1780"}],"version-history":[{"count":7,"href":"https:\/\/passagehi.com\/pt-br\/wp-json\/wp\/v2\/pages\/1780\/revisions"}],"predecessor-version":[{"id":2051,"href":"https:\/\/passagehi.com\/pt-br\/wp-json\/wp\/v2\/pages\/1780\/revisions\/2051"}],"wp:attachment":[{"href":"https:\/\/passagehi.com\/pt-br\/wp-json\/wp\/v2\/media?parent=1780"}],"curies":[{"name":"wp","href":"https:\/\/api.w.org\/{rel}","templated":true}]}}