{"id":1786,"date":"2024-12-16T01:43:09","date_gmt":"2024-12-16T01:43:09","guid":{"rendered":"https:\/\/passagehi.com\/nossa-equipe\/dixan-gonzalez\/"},"modified":"2025-05-06T16:56:41","modified_gmt":"2025-05-06T16:56:41","slug":"dixan-gonzalez","status":"publish","type":"page","link":"https:\/\/passagehi.com\/pt-br\/nossa-equipe\/dixan-gonzalez\/","title":{"rendered":"Dixan Gonzalez"},"content":{"rendered":"<div class=\"wpb-content-wrapper\"><p>[vc_row][vc_column][vc_column_text css=&#8221;.vc_custom_1734313343000{margin-bottom: 45px !important;}&#8221;]<\/p>\n<h2>Dixan Gonzalez, MBA <small>Diretor de Opera\u00e7\u00f5es<\/small><\/h2>\n<p>[\/vc_column_text][\/vc_column][\/vc_row][vc_row][vc_column width=&#8221;1\/4&#8243;][vc_single_image image=&#8221;1508&#8243; img_size=&#8221;450&#215;450&#8243; css=&#8221;&#8221;][\/vc_column][vc_column width=&#8221;3\/4&#8243;][vc_column_text css=&#8221;&#8221;]<\/p>\n<p style=\"text-align: left;\">Dixan Gonzalez \u00e9 um executivo experiente e l\u00edder talentoso, atualmente atuando como diretor de opera\u00e7\u00f5es da Passage Health International. Nessa fun\u00e7\u00e3o fundamental, ele assume a supervis\u00e3o abrangente das opera\u00e7\u00f5es da empresa, gerenciando todas as facetas, desde o atendimento ao cliente e as transa\u00e7\u00f5es de seguro at\u00e9 as complexidades das opera\u00e7\u00f5es m\u00e9dicas. Com um olhar atento aos detalhes e uma dedica\u00e7\u00e3o \u00e0 excel\u00eancia, Dixan garante que a Passage Health International ofere\u00e7a um servi\u00e7o inigual\u00e1vel e mantenha a efici\u00eancia operacional.<\/p>\n<p style=\"text-align: left;\">Empres\u00e1rio vision\u00e1rio, Dixan foi cofundador da Passage Health International em 2013 e, desde ent\u00e3o, tem sido fundamental para moldar seu crescimento e sucesso. Sua perspic\u00e1cia estrat\u00e9gica e abordagem pr\u00e1tica foram fundamentais para posicionar a empresa como l\u00edder no setor de sa\u00fade.<\/p>\n<p style=\"text-align: left;\">Antes de trabalhar na Passage Health International, Dixan se destacou como presidente e propriet\u00e1rio da World Graphic Equipment. Nessa fun\u00e7\u00e3o, ele liderou um pr\u00f3spero neg\u00f3cio especializado em impressoras industriais e equipamentos relacionados, atendendo \u00e0s necessidades de empresas nas Am\u00e9ricas Central e do Sul.<\/p>\n<p style=\"text-align: left;\">O compromisso da Dixan com o servi\u00e7o vai al\u00e9m do \u00e2mbito comercial. Ele serviu com orgulho como membro da Marinha dos EUA de 2002 a 2006, onde ocupou o cargo de Especialista em Log\u00edstica. Durante seu tempo na Marinha, Dixan demonstrou dedica\u00e7\u00e3o e profissionalismo inabal\u00e1veis, conquistando distin\u00e7\u00e3o e respeito entre seus colegas. Ele foi dispensado com honra e continua sendo um orgulhoso veterano de guerra, levando consigo os valores de integridade, disciplina e servi\u00e7o ao pr\u00f3ximo.<\/p>\n<p style=\"text-align: left;\">As conquistas acad\u00eamicas de Dixan ressaltam seu compromisso com o aprendizado cont\u00ednuo e o crescimento profissional. Ele \u00e9 formado pela Columbia College, onde estabeleceu a base para sua carreira com uma s\u00f3lida forma\u00e7\u00e3o acad\u00eamica. Al\u00e9m disso, ele perseguiu sua paix\u00e3o por neg\u00f3cios obtendo um Mestrado em Administra\u00e7\u00e3o de Empresas pela Universidade de Phoenix em 2014, equipando-se com habilidades e conhecimentos avan\u00e7ados para se destacar no cen\u00e1rio competitivo dos neg\u00f3cios.<\/p>\n<p style=\"text-align: left;\">Com um rico conjunto de experi\u00eancias que abrangem o servi\u00e7o militar, o empreendedorismo e a lideran\u00e7a corporativa, Dixan Gonzalez incorpora a ess\u00eancia do sucesso por meio da dedica\u00e7\u00e3o, da resili\u00eancia e da busca incessante pela excel\u00eancia.<\/p>\n<p>[\/vc_column_text][vc_btn title=&#8221;Retornar \u00e0 nossa equipe&#8221; style=&#8221;flat&#8221; color=&#8221;theme_style_3&#8243; i_icon_fontawesome=&#8221;fas fa-arrow-left&#8221; css=&#8221;&#8221; add_icon=&#8221;true&#8221; link=&#8221;url:https%3A%2F%2Fpassagehi.com%2Four-team%2F|title:Nossa%20equipe|&#8221;][\/vc_column][\/vc_row]<\/p>\n<\/div>","protected":false},"excerpt":{"rendered":"<p>[vc_row][vc_column][vc_column_text css=&#8221;.vc_custom_1734313343000{margin-bottom: 45px !important;}&#8221;] Dixan Gonzalez, MBA Diretor de Opera\u00e7\u00f5es [\/vc_column_text][\/vc_column][\/vc_row][vc_row][vc_column width=&#8221;1\/4&#8243;][vc_single_image image=&#8221;1508&#8243; img_size=&#8221;450&#215;450&#8243; css=&#8221;&#8221;][\/vc_column][vc_column width=&#8221;3\/4&#8243;][vc_column_text css=&#8221;&#8221;] Dixan Gonzalez \u00e9 um executivo experiente e l\u00edder talentoso, atualmente atuando como diretor de opera\u00e7\u00f5es da&#8230;<\/p>\n","protected":false},"author":1,"featured_media":0,"parent":1780,"menu_order":0,"comment_status":"closed","ping_status":"closed","template":"","meta":{"footnotes":""},"class_list":["post-1786","page","type-page","status-publish","hentry"],"_links":{"self":[{"href":"https:\/\/passagehi.com\/pt-br\/wp-json\/wp\/v2\/pages\/1786","targetHints":{"allow":["GET"]}}],"collection":[{"href":"https:\/\/passagehi.com\/pt-br\/wp-json\/wp\/v2\/pages"}],"about":[{"href":"https:\/\/passagehi.com\/pt-br\/wp-json\/wp\/v2\/types\/page"}],"author":[{"embeddable":true,"href":"https:\/\/passagehi.com\/pt-br\/wp-json\/wp\/v2\/users\/1"}],"replies":[{"embeddable":true,"href":"https:\/\/passagehi.com\/pt-br\/wp-json\/wp\/v2\/comments?post=1786"}],"version-history":[{"count":2,"href":"https:\/\/passagehi.com\/pt-br\/wp-json\/wp\/v2\/pages\/1786\/revisions"}],"predecessor-version":[{"id":1794,"href":"https:\/\/passagehi.com\/pt-br\/wp-json\/wp\/v2\/pages\/1786\/revisions\/1794"}],"up":[{"embeddable":true,"href":"https:\/\/passagehi.com\/pt-br\/wp-json\/wp\/v2\/pages\/1780"}],"wp:attachment":[{"href":"https:\/\/passagehi.com\/pt-br\/wp-json\/wp\/v2\/media?parent=1786"}],"curies":[{"name":"wp","href":"https:\/\/api.w.org\/{rel}","templated":true}]}}