{"id":1787,"date":"2024-12-16T01:19:57","date_gmt":"2024-12-16T01:19:57","guid":{"rendered":"https:\/\/passagehi.com\/nossa-equipe\/eindar-khant\/"},"modified":"2025-05-06T16:56:41","modified_gmt":"2025-05-06T16:56:41","slug":"eindar-khant","status":"publish","type":"page","link":"https:\/\/passagehi.com\/pt-br\/nossa-equipe\/eindar-khant\/","title":{"rendered":"Eindar Khant"},"content":{"rendered":"<div class=\"wpb-content-wrapper\"><p>[vc_row][vc_column][vc_column_text css=&#8221;.vc_custom_1734312631575{margin-bottom: 40px !important;}&#8221;]<\/p>\n<h2>Eindar Khant, MBA <small>Diretor executivo<\/small><\/h2>\n<p>[\/vc_column_text][\/vc_column][\/vc_row][vc_row][vc_column width=&#8221;1\/4&#8243;][vc_single_image image=&#8221;1509&#8243; img_size=&#8221;450&#215;450&#8243; css=&#8221;&#8221;][\/vc_column][vc_column width=&#8221;3\/4&#8243;][vc_column_text css=&#8221;&#8221;]<\/p>\n<p style=\"text-align: left;\">Eindar \u00e9 o vision\u00e1rio propriet\u00e1rio e fundador da PHI, com uma carreira ilustre que abrange quase tr\u00eas d\u00e9cadas no setor de sa\u00fade. Com uma rica variedade de experi\u00eancias e um profundo conhecimento das complexidades do setor, ele se tornou um pioneiro em solu\u00e7\u00f5es de gerenciamento e terceiriza\u00e7\u00e3o de servi\u00e7os de sa\u00fade. <\/p>\n<p style=\"text-align: left;\">A jornada de Eindar na \u00e1rea da sa\u00fade come\u00e7ou em 1993, quando ele embarcou em sua odisseia profissional como faturista m\u00e9dico em uma importante cl\u00ednica de neonatologia. Foi l\u00e1 que ele cultivou uma compreens\u00e3o profunda da din\u00e2mica operacional do faturamento m\u00e9dico e do gerenciamento do ciclo de receita, estabelecendo as bases para seus futuros empreendimentos. <\/p>\n<p style=\"text-align: left;\">Impulsionado por uma sede insaci\u00e1vel de conhecimento e uma busca incans\u00e1vel pela excel\u00eancia, Eindar fez a transi\u00e7\u00e3o para uma fun\u00e7\u00e3o essencial em uma importante seguradora, onde desempenhou um papel fundamental no desenvolvimento de uma rede nacional de conten\u00e7\u00e3o de custos. Seu cargo na gigante dos seguros lhe proporcionou uma vis\u00e3o inestim\u00e1vel das complexidades do financiamento da sa\u00fade e da import\u00e2ncia de solu\u00e7\u00f5es econ\u00f4micas para oferecer um atendimento de qualidade. <\/p>\n<p style=\"text-align: left;\">A jornada de Eindar atingiu novos patamares quando ele foi escolhido a dedo para liderar o departamento de sinistros de uma prestigiada administradora internacional de sinistros. L\u00e1, ele aprimorou sua experi\u00eancia em gerenciamento de sinistros internacionais, navegando no intrincado cen\u00e1rio do reembolso global de assist\u00eancia m\u00e9dica com sutileza e precis\u00e3o. <\/p>\n<p style=\"text-align: left;\">Em 2001, impulsionado por seu esp\u00edrito empreendedor e pelo desejo de revolucionar o setor de sa\u00fade, Eindar foi cofundador da HAA Preferred Partners, uma administradora internacional de terceiros (TPA). Sob sua lideran\u00e7a vision\u00e1ria, a empresa prosperou, estabelecendo-se como um parceiro confi\u00e1vel em solu\u00e7\u00f5es de gerenciamento de sa\u00fade. <\/p>\n<p style=\"text-align: left;\">A capacidade empreendedora de Eindar chamou a aten\u00e7\u00e3o da gigante do setor AXA Assistance USA, o que levou \u00e0 aquisi\u00e7\u00e3o da HAA Preferred Partners em 2007. Posteriormente, Eindar assumiu o cargo de Gerente Geral de Sa\u00fade na AXA Assistance USA, onde liderou iniciativas transformadoras e consolidou sua reputa\u00e7\u00e3o como l\u00edder na \u00e1rea. <\/p>\n<p style=\"text-align: left;\">Com base em sua vasta e variada experi\u00eancia nos setores de provedores m\u00e9dicos, seguradoras e administra\u00e7\u00e3o de sinistros, Eindar foi pioneiro em um modelo inovador de terceiriza\u00e7\u00e3o que transcende os limites convencionais. Sua abordagem hol\u00edstica da gest\u00e3o de sa\u00fade prioriza a efici\u00eancia, a transpar\u00eancia e a satisfa\u00e7\u00e3o do cliente, promovendo parcerias mutuamente ben\u00e9ficas que geram resultados positivos para todas as partes interessadas envolvidas. <\/p>\n<p style=\"text-align: left;\">O compromisso inabal\u00e1vel de Eindar com a excel\u00eancia e sua busca incessante por inova\u00e7\u00e3o continuam a impulsionar a PHI a novos patamares de sucesso, reafirmando sua posi\u00e7\u00e3o como pioneira no cen\u00e1rio em constante evolu\u00e7\u00e3o das solu\u00e7\u00f5es de gerenciamento e terceiriza\u00e7\u00e3o de servi\u00e7os de sa\u00fade.<\/p>\n<p>[\/vc_column_text][vc_btn title=&#8221;Retornar \u00e0 nossa equipe&#8221; style=&#8221;flat&#8221; color=&#8221;theme_style_3&#8243; i_icon_fontawesome=&#8221;fas fa-arrow-left&#8221; css=&#8221;&#8221; add_icon=&#8221;true&#8221; link=&#8221;url:https%3A%2F%2Fpassagehi.com%2Four-team%2F|title:Nossa%20equipe|&#8221;][\/vc_column][\/vc_row]<\/p>\n<\/div>","protected":false},"excerpt":{"rendered":"<p>[vc_row][vc_column][vc_column_text css=&#8221;.vc_custom_1734312631575{margin-bottom: 40px !important;}&#8221;] Eindar Khant, MBA Diretor executivo [\/vc_column_text][\/vc_column][\/vc_row][vc_row][vc_column width=&#8221;1\/4&#8243;][vc_single_image image=&#8221;1509&#8243; img_size=&#8221;450&#215;450&#8243; css=&#8221;&#8221;][\/vc_column][vc_column width=&#8221;3\/4&#8243;][vc_column_text css=&#8221;&#8221;] Eindar \u00e9 o vision\u00e1rio propriet\u00e1rio e fundador da PHI, com uma carreira ilustre que abrange quase tr\u00eas&#8230;<\/p>\n","protected":false},"author":1,"featured_media":0,"parent":1780,"menu_order":0,"comment_status":"closed","ping_status":"closed","template":"","meta":{"footnotes":""},"class_list":["post-1787","page","type-page","status-publish","hentry"],"_links":{"self":[{"href":"https:\/\/passagehi.com\/pt-br\/wp-json\/wp\/v2\/pages\/1787","targetHints":{"allow":["GET"]}}],"collection":[{"href":"https:\/\/passagehi.com\/pt-br\/wp-json\/wp\/v2\/pages"}],"about":[{"href":"https:\/\/passagehi.com\/pt-br\/wp-json\/wp\/v2\/types\/page"}],"author":[{"embeddable":true,"href":"https:\/\/passagehi.com\/pt-br\/wp-json\/wp\/v2\/users\/1"}],"replies":[{"embeddable":true,"href":"https:\/\/passagehi.com\/pt-br\/wp-json\/wp\/v2\/comments?post=1787"}],"version-history":[{"count":2,"href":"https:\/\/passagehi.com\/pt-br\/wp-json\/wp\/v2\/pages\/1787\/revisions"}],"predecessor-version":[{"id":1798,"href":"https:\/\/passagehi.com\/pt-br\/wp-json\/wp\/v2\/pages\/1787\/revisions\/1798"}],"up":[{"embeddable":true,"href":"https:\/\/passagehi.com\/pt-br\/wp-json\/wp\/v2\/pages\/1780"}],"wp:attachment":[{"href":"https:\/\/passagehi.com\/pt-br\/wp-json\/wp\/v2\/media?parent=1787"}],"curies":[{"name":"wp","href":"https:\/\/api.w.org\/{rel}","templated":true}]}}