{"id":1795,"date":"2024-12-16T01:52:55","date_gmt":"2024-12-16T01:52:55","guid":{"rendered":"https:\/\/passagehi.com\/nossa-equipe\/anibal-basualdo\/"},"modified":"2025-05-06T16:56:42","modified_gmt":"2025-05-06T16:56:42","slug":"anibal-basualdo","status":"publish","type":"page","link":"https:\/\/passagehi.com\/pt-br\/nossa-equipe\/anibal-basualdo\/","title":{"rendered":"Anibal Basualdo"},"content":{"rendered":"<div class=\"wpb-content-wrapper\"><p>[vc_row][vc_column][vc_column_text css=&#8221;.vc_custom_1734313963895{margin-bottom: 45px !important;}&#8221;]<\/p>\n<h2>Anibal Basualdo, CPA <small>Diretor Financeiro<\/small><\/h2>\n<p>[\/vc_column_text][\/vc_column][\/vc_row][vc_row][vc_column width=&#8221;1\/4&#8243;][vc_single_image image=&#8221;1564&#8243; img_size=&#8221;450&#215;450&#8243; css=&#8221;&#8221;][\/vc_column][vc_column width=&#8221;3\/4&#8243;][vc_column_text css=&#8221;&#8221;]<\/p>\n<p style=\"text-align: left;\">Anibal Basualdo atua como diretor financeiro da Passage Health International LLC (PHI), com mais de 20 anos de experi\u00eancia em contabilidade e finan\u00e7as. Ao longo de sua carreira, ele ocupou cargos importantes em organiza\u00e7\u00f5es multinacionais, desenvolvendo um profundo conhecimento em gest\u00e3o financeira, conformidade e planejamento estrat\u00e9gico. <u><\/u><u><\/u><\/p>\n<p style=\"text-align: left;\">Antes de ingressar na PHI, Anibal atuou como CFO na Am\u00e9rica do Norte da Prosegur, uma das principais empresas globais de seguran\u00e7a com sede na Espanha, onde foi fundamental na condu\u00e7\u00e3o de estrat\u00e9gias financeiras e efici\u00eancias operacionais em toda a regi\u00e3o. Antes disso, ele foi Controlador Regional da Marsh McLennan, uma das maiores empresas de corretagem de seguros do mundo. Anibal tamb\u00e9m ocupou o cargo de Gerente de Planejamento e Controle Regional da LATAM na G4S, uma renomada multinacional brit\u00e2nica de seguran\u00e7a, onde simplificou os processos financeiros e contribuiu para o crescimento dos neg\u00f3cios regionais. No in\u00edcio de sua carreira, ele passou nove anos na AXA Assistance US, destacando-se em v\u00e1rias fun\u00e7\u00f5es financeiras e cont\u00e1beis.   <u><\/u><u><\/u><\/p>\n<p style=\"text-align: left;\">A experi\u00eancia de Anibal abrange uma ampla gama de disciplinas financeiras, incluindo contabilidade, planejamento e an\u00e1lise financeira (FP&amp;A), contabilidade t\u00e9cnica, conformidade, auditorias internas, tesouraria, tributa\u00e7\u00e3o e implementa\u00e7\u00f5es de sistemas. Sua lideran\u00e7a tem sido fundamental para garantir opera\u00e7\u00f5es financeiras robustas e alinhar os processos financeiros \u00e0s metas organizacionais. <u><\/u><u><\/u><\/p>\n<p style=\"text-align: left;\">Na PHI, Anibal supervisiona as opera\u00e7\u00f5es cont\u00e1beis e financeiras di\u00e1rias da organiza\u00e7\u00e3o. Ele \u00e9 respons\u00e1vel por garantir a precis\u00e3o, a integridade e a pontualidade dos relat\u00f3rios financeiros e, ao mesmo tempo, manter controles internos rigorosos para aderir a pol\u00edticas e procedimentos. Sua vis\u00e3o estrat\u00e9gica e perspic\u00e1cia financeira permitem que a PHI alcance a excel\u00eancia operacional e o crescimento sustentado.  <u><\/u><u><\/u><\/p>\n<p style=\"text-align: left;\">Nascido no Paraguai, Anibal \u00e9 bacharel em administra\u00e7\u00e3o de empresas e contabilidade pela Universidade Cat\u00f3lica. Ele \u00e9 contador p\u00fablico certificado (CPA) e contador gerencial certificado (CMA) da Fl\u00f3rida. Anibal tamb\u00e9m possui um MBA em Finan\u00e7as pela Kansas State University e um mestrado em contabilidade pela Florida International University.  <\/p>\n<p>[\/vc_column_text][vc_btn title=&#8221;Retornar \u00e0 nossa equipe&#8221; style=&#8221;flat&#8221; color=&#8221;theme_style_3&#8243; i_icon_fontawesome=&#8221;fas fa-arrow-left&#8221; css=&#8221;&#8221; add_icon=&#8221;true&#8221; link=&#8221;url:https%3A%2F%2Fpassagehi.com%2Four-team%2F|title:Nossa%20equipe|&#8221;][\/vc_column][\/vc_row]<\/p>\n<\/div>","protected":false},"excerpt":{"rendered":"<p>[vc_row][vc_column][vc_column_text css=&#8221;.vc_custom_1734313963895{margin-bottom: 45px !important;}&#8221;] Anibal Basualdo, CPA Diretor Financeiro [\/vc_column_text][\/vc_column][\/vc_row][vc_row][vc_column width=&#8221;1\/4&#8243;][vc_single_image image=&#8221;1564&#8243; img_size=&#8221;450&#215;450&#8243; css=&#8221;&#8221;][\/vc_column][vc_column width=&#8221;3\/4&#8243;][vc_column_text css=&#8221;&#8221;] Anibal Basualdo atua como diretor financeiro da Passage Health International LLC (PHI), com mais de 20 anos&#8230;<\/p>\n","protected":false},"author":1,"featured_media":0,"parent":1780,"menu_order":0,"comment_status":"closed","ping_status":"closed","template":"","meta":{"footnotes":""},"class_list":["post-1795","page","type-page","status-publish","hentry"],"_links":{"self":[{"href":"https:\/\/passagehi.com\/pt-br\/wp-json\/wp\/v2\/pages\/1795","targetHints":{"allow":["GET"]}}],"collection":[{"href":"https:\/\/passagehi.com\/pt-br\/wp-json\/wp\/v2\/pages"}],"about":[{"href":"https:\/\/passagehi.com\/pt-br\/wp-json\/wp\/v2\/types\/page"}],"author":[{"embeddable":true,"href":"https:\/\/passagehi.com\/pt-br\/wp-json\/wp\/v2\/users\/1"}],"replies":[{"embeddable":true,"href":"https:\/\/passagehi.com\/pt-br\/wp-json\/wp\/v2\/comments?post=1795"}],"version-history":[{"count":2,"href":"https:\/\/passagehi.com\/pt-br\/wp-json\/wp\/v2\/pages\/1795\/revisions"}],"predecessor-version":[{"id":1804,"href":"https:\/\/passagehi.com\/pt-br\/wp-json\/wp\/v2\/pages\/1795\/revisions\/1804"}],"up":[{"embeddable":true,"href":"https:\/\/passagehi.com\/pt-br\/wp-json\/wp\/v2\/pages\/1780"}],"wp:attachment":[{"href":"https:\/\/passagehi.com\/pt-br\/wp-json\/wp\/v2\/media?parent=1795"}],"curies":[{"name":"wp","href":"https:\/\/api.w.org\/{rel}","templated":true}]}}