{"id":1800,"date":"2024-12-16T02:06:16","date_gmt":"2024-12-16T02:06:16","guid":{"rendered":"https:\/\/passagehi.com\/nossa-equipe\/andrea-greenblatt\/"},"modified":"2025-05-06T16:56:42","modified_gmt":"2025-05-06T16:56:42","slug":"andrea-greenblatt","status":"publish","type":"page","link":"https:\/\/passagehi.com\/pt-br\/nossa-equipe\/andrea-greenblatt\/","title":{"rendered":"Andrea Greenblatt"},"content":{"rendered":"<div class=\"wpb-content-wrapper\"><p>[vc_row][vc_column][vc_column_text css=&#8221;.vc_custom_1734314685355{margin-bottom: 45px !important;}&#8221;]<\/p>\n<h2>Andrea Greenblatt, <small>Esq Diretor Jur\u00eddico<\/small><\/h2>\n<p>[\/vc_column_text][\/vc_column][\/vc_row][vc_row][vc_column width=&#8221;1\/4&#8243;][vc_single_image image=&#8221;1568&#8243; img_size=&#8221;450&#215;450&#8243; css=&#8221;&#8221;][\/vc_column][vc_column width=&#8221;3\/4&#8243;][vc_column_text css=&#8221;&#8221;]<\/p>\n<p style=\"text-align: left;\">Andrea Greenblatt atua como assessora jur\u00eddica geral na Passage Health International LLC, onde representa prestadores de servi\u00e7os de sa\u00fade internacionais. Com ampla experi\u00eancia em direito da sa\u00fade, ela gerencia reivindica\u00e7\u00f5es m\u00e9dicas complexas e garante a conformidade com as normas internacionais de reembolso, recuperando diretamente milh\u00f5es em receitas perdidas para os clientes. Licenciada para exercer a profiss\u00e3o na Fl\u00f3rida, Andrea traz uma riqueza de conhecimentos jur\u00eddicos para sua fun\u00e7\u00e3o, especialmente para navegar pelas complexidades do reembolso de terceiros pagadores.  <\/p>\n<p style=\"text-align: left;\">Andrea tamb\u00e9m lidera iniciativas de conformidade com a HIPAA, conduzindo programas de treinamento de funcion\u00e1rios para manter a confidencialidade dos pacientes e a seguran\u00e7a dos dados, ao mesmo tempo em que promove uma cultura de responsabilidade e gerenciamento de riscos.<\/p>\n<p style=\"text-align: left;\">Ela \u00e9 bacharel em Biologia pela Florida Atlantic University e possui um J.D. com especializa\u00e7\u00e3o em Direito da Sa\u00fade pela Nova Southeastern University, onde se formou entre os 2% melhores de sua turma. Fluente em espanhol e franc\u00eas, Andrea \u00e9 h\u00e1bil em interagir com diversas partes interessadas internacionais. <\/p>\n<p style=\"text-align: left;\"><strong>Publica\u00e7\u00f5es<\/strong><\/p>\n<ul style=\"text-align: left;\">\n<li>MedCity News (2024): &#8220;Al\u00e9m da f\u00e9: Os hospitais podem cobrar quando os pacientes confiam em minist\u00e9rios de compartilhamento?&#8221;<\/li>\n<li>Bloomberg Law (2023): &#8220;A regra de resolu\u00e7\u00e3o de disputas da CMS faz algum progresso, mas n\u00e3o tem for\u00e7a&#8221;<\/li>\n<li>Health Affairs (2023): &#8220;The No Surprises Act: Os provedores conseguir\u00e3o acertar o home run na arbitragem IDR no estilo beisebol?&#8221;<\/li>\n<\/ul>\n<p style=\"text-align: left;\"><strong>Associa\u00e7\u00f5es profissionais<\/strong><\/p>\n<ul>\n<li style=\"text-align: left;\">Se\u00e7\u00e3o de Direito da Sa\u00fade da Ordem dos Advogados da Fl\u00f3rida<\/li>\n<li style=\"text-align: left;\">Associa\u00e7\u00e3o Nacional de Integridade de Receitas do Setor de Sa\u00fade (NAHRI)<\/li>\n<\/ul>\n<p>[\/vc_column_text][vc_btn title=&#8221;Retornar \u00e0 nossa equipe&#8221; style=&#8221;flat&#8221; color=&#8221;theme_style_3&#8243; i_icon_fontawesome=&#8221;fas fa-arrow-left&#8221; css=&#8221;&#8221; add_icon=&#8221;true&#8221; link=&#8221;url:https%3A%2F%2Fpassagehi.com%2Four-team%2F|title:Nossa%20equipe|&#8221;][\/vc_column][\/vc_row]<\/p>\n<\/div>","protected":false},"excerpt":{"rendered":"<p>[vc_row][vc_column][vc_column_text css=&#8221;.vc_custom_1734314685355{margin-bottom: 45px !important;}&#8221;] Andrea Greenblatt, Esq Diretor Jur\u00eddico [\/vc_column_text][\/vc_column][\/vc_row][vc_row][vc_column width=&#8221;1\/4&#8243;][vc_single_image image=&#8221;1568&#8243; img_size=&#8221;450&#215;450&#8243; css=&#8221;&#8221;][\/vc_column][vc_column width=&#8221;3\/4&#8243;][vc_column_text css=&#8221;&#8221;] Andrea Greenblatt atua como assessora jur\u00eddica geral na Passage Health International LLC, onde representa prestadores de servi\u00e7os&#8230;<\/p>\n","protected":false},"author":1,"featured_media":0,"parent":1780,"menu_order":0,"comment_status":"closed","ping_status":"closed","template":"","meta":{"footnotes":""},"class_list":["post-1800","page","type-page","status-publish","hentry"],"_links":{"self":[{"href":"https:\/\/passagehi.com\/pt-br\/wp-json\/wp\/v2\/pages\/1800","targetHints":{"allow":["GET"]}}],"collection":[{"href":"https:\/\/passagehi.com\/pt-br\/wp-json\/wp\/v2\/pages"}],"about":[{"href":"https:\/\/passagehi.com\/pt-br\/wp-json\/wp\/v2\/types\/page"}],"author":[{"embeddable":true,"href":"https:\/\/passagehi.com\/pt-br\/wp-json\/wp\/v2\/users\/1"}],"replies":[{"embeddable":true,"href":"https:\/\/passagehi.com\/pt-br\/wp-json\/wp\/v2\/comments?post=1800"}],"version-history":[{"count":2,"href":"https:\/\/passagehi.com\/pt-br\/wp-json\/wp\/v2\/pages\/1800\/revisions"}],"predecessor-version":[{"id":1808,"href":"https:\/\/passagehi.com\/pt-br\/wp-json\/wp\/v2\/pages\/1800\/revisions\/1808"}],"up":[{"embeddable":true,"href":"https:\/\/passagehi.com\/pt-br\/wp-json\/wp\/v2\/pages\/1780"}],"wp:attachment":[{"href":"https:\/\/passagehi.com\/pt-br\/wp-json\/wp\/v2\/media?parent=1800"}],"curies":[{"name":"wp","href":"https:\/\/api.w.org\/{rel}","templated":true}]}}