{"id":1811,"date":"2024-12-16T02:11:12","date_gmt":"2024-12-16T02:11:12","guid":{"rendered":"https:\/\/passagehi.com\/nossa-equipe\/ronald-lizardo\/"},"modified":"2025-05-06T16:56:43","modified_gmt":"2025-05-06T16:56:43","slug":"ronald-lizardo","status":"publish","type":"page","link":"https:\/\/passagehi.com\/pt-br\/nossa-equipe\/ronald-lizardo\/","title":{"rendered":"Ronald Lizardo"},"content":{"rendered":"<div class=\"wpb-content-wrapper\"><p>[vc_row][vc_column][vc_column_text css=&#8221;.vc_custom_1734314987511{margin-bottom: 45px !important;}&#8221;]<\/p>\n<h2>Ronald Lizardo<small> Diretor de Rela\u00e7\u00f5es com Clientes e Desenvolvimento de Neg\u00f3cios<\/small><\/h2>\n<p>[\/vc_column_text][\/vc_column][\/vc_row][vc_row][vc_column width=&#8221;1\/4&#8243;][vc_single_image image=&#8221;1566&#8243; img_size=&#8221;450&#215;450&#8243; css=&#8221;&#8221;][\/vc_column][vc_column width=&#8221;3\/4&#8243;][vc_column_text css=&#8221;&#8221;]<\/p>\n<p style=\"text-align: left;\">Ronald ocupa uma fun\u00e7\u00e3o fundamental como Diretor de Rela\u00e7\u00f5es com Clientes e Desenvolvimento de Neg\u00f3cios na Passage Health International (PHI), onde orquestra a presta\u00e7\u00e3o de servi\u00e7os e suporte excepcionais aos clientes, ao mesmo tempo em que lidera a expans\u00e3o de parcerias estrat\u00e9gicas com partes interessadas em todo o mundo. Com mais de duas d\u00e9cadas de experi\u00eancia diversificada em jornalismo, servi\u00e7o diplom\u00e1tico e gerenciamento de comunica\u00e7\u00f5es, Ronald traz uma riqueza de conhecimentos e uma abordagem din\u00e2mica para sua fun\u00e7\u00e3o na PHI. <\/p>\n<p style=\"text-align: left;\">Na PHI, o foco principal de Ronald \u00e9 garantir que os clientes recebam servi\u00e7os e suporte inigual\u00e1veis, promovendo relacionamentos duradouros baseados em confian\u00e7a e confiabilidade. Por meio de sua lideran\u00e7a h\u00e1bil e vis\u00e3o estrat\u00e9gica, Ronald garante que a PHI permane\u00e7a na vanguarda da satisfa\u00e7\u00e3o do cliente, fornecendo consistentemente solu\u00e7\u00f5es inovadoras adaptadas para atender \u00e0s necessidades exclusivas dos provedores m\u00e9dicos internacionais. <\/p>\n<p style=\"text-align: left;\">Al\u00e9m de suas responsabilidades de relacionamento com os clientes, Ronald \u00e9 respons\u00e1vel por cultivar e nutrir parcerias com as partes interessadas, oferecendo solu\u00e7\u00f5es comerciais eficazes que impulsionam o crescimento e o sucesso m\u00fatuos. Sua capacidade de estabelecer conex\u00f5es significativas e negociar alian\u00e7as estrat\u00e9gicas posiciona a PHI como um parceiro confi\u00e1vel no cen\u00e1rio global da sa\u00fade. <\/p>\n<p style=\"text-align: left;\">A jornada profissional de Ronald \u00e9 caracterizada por um rico conjunto de experi\u00eancias em v\u00e1rios setores. Antes de ingressar na PHI, ele atuou como vice-c\u00f4nsul da Rep\u00fablica Dominicana no Consulado Geral da Calif\u00f3rnia, onde desempenhou um papel fundamental na facilita\u00e7\u00e3o do com\u00e9rcio e das oportunidades comerciais entre a Costa Oeste e o Caribe. Sua perspic\u00e1cia diplom\u00e1tica e seu profundo conhecimento das rela\u00e7\u00f5es internacionais foram fundamentais para fomentar a colabora\u00e7\u00e3o e promover o desenvolvimento econ\u00f4mico.  <\/p>\n<p style=\"text-align: left;\">Antes de seu mandato diplom\u00e1tico, Ronald se destacou como correspondente de not\u00edcias da NBC\/Telemundo News Networks, onde foi aclamado por sua narrativa convincente e reportagens perspicazes. Suas contribui\u00e7\u00f5es ao jornalismo, indicadas ao Emmy, ressaltam seu talento para envolver o p\u00fablico e fornecer conte\u00fado impactante que repercute em escala global. <\/p>\n<p style=\"text-align: left;\">As realiza\u00e7\u00f5es acad\u00eamicas de Ronald ressaltam ainda mais sua dedica\u00e7\u00e3o \u00e0 excel\u00eancia. Ele \u00e9 formado pela Southern Adventist University, onde estabeleceu a base para sua carreira com uma s\u00f3lida forma\u00e7\u00e3o acad\u00eamica. Al\u00e9m disso, fez mestrado na Andrews University, aprimorando ainda mais seus conhecimentos e habilidades em gerenciamento de comunica\u00e7\u00f5es e lideran\u00e7a estrat\u00e9gica.  <\/p>\n<p style=\"text-align: left;\">Por meio de sua lideran\u00e7a din\u00e2mica, compromisso inabal\u00e1vel com a satisfa\u00e7\u00e3o do cliente e hist\u00f3rico comprovado de sucesso, Ronald continua a desempenhar um papel fundamental na condu\u00e7\u00e3o do crescimento e do sucesso da Passage Health International, reafirmando sua posi\u00e7\u00e3o como l\u00edder no setor global de sa\u00fade.<\/p>\n<p>[\/vc_column_text][vc_btn title=&#8221;Retornar \u00e0 nossa equipe&#8221; style=&#8221;flat&#8221; color=&#8221;theme_style_3&#8243; i_icon_fontawesome=&#8221;fas fa-arrow-left&#8221; css=&#8221;&#8221; add_icon=&#8221;true&#8221; link=&#8221;url:https%3A%2F%2Fpassagehi.com%2Four-team%2F|title:Nossa%20equipe|&#8221;][\/vc_column][\/vc_row]<\/p>\n<\/div>","protected":false},"excerpt":{"rendered":"<p>[vc_row][vc_column][vc_column_text css=&#8221;.vc_custom_1734314987511{margin-bottom: 45px !important;}&#8221;] Ronald Lizardo Diretor de Rela\u00e7\u00f5es com Clientes e Desenvolvimento de Neg\u00f3cios [\/vc_column_text][\/vc_column][\/vc_row][vc_row][vc_column width=&#8221;1\/4&#8243;][vc_single_image image=&#8221;1566&#8243; img_size=&#8221;450&#215;450&#8243; css=&#8221;&#8221;][\/vc_column][vc_column width=&#8221;3\/4&#8243;][vc_column_text css=&#8221;&#8221;] Ronald ocupa uma fun\u00e7\u00e3o fundamental como Diretor de Rela\u00e7\u00f5es com Clientes&#8230;<\/p>\n","protected":false},"author":1,"featured_media":0,"parent":1780,"menu_order":0,"comment_status":"closed","ping_status":"closed","template":"","meta":{"footnotes":""},"class_list":["post-1811","page","type-page","status-publish","hentry"],"_links":{"self":[{"href":"https:\/\/passagehi.com\/pt-br\/wp-json\/wp\/v2\/pages\/1811","targetHints":{"allow":["GET"]}}],"collection":[{"href":"https:\/\/passagehi.com\/pt-br\/wp-json\/wp\/v2\/pages"}],"about":[{"href":"https:\/\/passagehi.com\/pt-br\/wp-json\/wp\/v2\/types\/page"}],"author":[{"embeddable":true,"href":"https:\/\/passagehi.com\/pt-br\/wp-json\/wp\/v2\/users\/1"}],"replies":[{"embeddable":true,"href":"https:\/\/passagehi.com\/pt-br\/wp-json\/wp\/v2\/comments?post=1811"}],"version-history":[{"count":2,"href":"https:\/\/passagehi.com\/pt-br\/wp-json\/wp\/v2\/pages\/1811\/revisions"}],"predecessor-version":[{"id":1813,"href":"https:\/\/passagehi.com\/pt-br\/wp-json\/wp\/v2\/pages\/1811\/revisions\/1813"}],"up":[{"embeddable":true,"href":"https:\/\/passagehi.com\/pt-br\/wp-json\/wp\/v2\/pages\/1780"}],"wp:attachment":[{"href":"https:\/\/passagehi.com\/pt-br\/wp-json\/wp\/v2\/media?parent=1811"}],"curies":[{"name":"wp","href":"https:\/\/api.w.org\/{rel}","templated":true}]}}