{"id":1814,"date":"2024-12-16T02:19:41","date_gmt":"2024-12-16T02:19:41","guid":{"rendered":"https:\/\/passagehi.com\/nossa-equipe\/giancarlo-castellanos\/"},"modified":"2025-05-06T16:56:43","modified_gmt":"2025-05-06T16:56:43","slug":"giancarlo-castellanos","status":"publish","type":"page","link":"https:\/\/passagehi.com\/pt-br\/nossa-equipe\/giancarlo-castellanos\/","title":{"rendered":"Giancarlo Castellanos"},"content":{"rendered":"<div class=\"wpb-content-wrapper\"><p>[vc_row][vc_column][vc_column_text css=&#8221;.vc_custom_1734315525836{margin-bottom: 45px !important;}&#8221;]<\/p>\n<h2>Giancarlo Castellanos <small>Analista de Neg\u00f3cios e Controle Interno<\/small><\/h2>\n<p>[\/vc_column_text][\/vc_column][\/vc_row][vc_row][vc_column width=&#8221;1\/4&#8243;][vc_single_image image=&#8221;1569&#8243; img_size=&#8221;450&#215;450&#8243; css=&#8221;&#8221;][\/vc_column][vc_column width=&#8221;3\/4&#8243;][vc_column_text css=&#8221;&#8221;]<\/p>\n<p style=\"text-align: left;\">Giancarlo Castellanos atua como chefe de qualidade e controle interno na Passage Health International LLC, cargo que ocupa desde 2019. Com mais de 15 anos de experi\u00eancia no setor de gerenciamento do ciclo de receita, Giancarlo \u00e9 um profissional voltado para resultados, especializado em reclama\u00e7\u00f5es de seguros m\u00e9dicos, faturamento e excel\u00eancia operacional. Sua lideran\u00e7a tem sido fundamental para otimizar os processos de controle de qualidade e aumentar a satisfa\u00e7\u00e3o do cliente, garantindo que a Passage Health permane\u00e7a na vanguarda dos servi\u00e7os globais de sa\u00fade.<\/p>\n<p style=\"text-align: left;\">Antes de ingressar na Passage Health, Giancarlo foi gerente de rela\u00e7\u00f5es com provedores na Global Medical Management Inc. (2016-2018), onde supervisionou o departamento de negocia\u00e7\u00e3o. Nessa fun\u00e7\u00e3o, ele garantiu o cumprimento dos principais indicadores de desempenho (KPIs), maximizou a conten\u00e7\u00e3o de custos por meio de negocia\u00e7\u00f5es eficazes e gerenciou com sucesso recursos e comunica\u00e7\u00f5es com clientes e prestadores de servi\u00e7os.<\/p>\n<p style=\"text-align: left;\">No in\u00edcio de sua carreira, Giancarlo atuou como supervisor de reclama\u00e7\u00f5es de PPO\/TPA na AXA Assistance USA (2012-2016), liderando uma equipe de mais de 25 funcion\u00e1rios nos EUA e gerenciando mais de 20 funcion\u00e1rios no Panam\u00e1 e na \u00cdndia. Ele liderou o processamento de sinistros, as negocia\u00e7\u00f5es e as resolu\u00e7\u00f5es em tempo h\u00e1bil, ao mesmo tempo em que manteve as pol\u00edticas da empresa. Sua capacidade de colaborar com parceiros e provedores garantiu a resolu\u00e7\u00e3o tranquila dos sinistros e fortaleceu as rela\u00e7\u00f5es entre as partes interessadas.<\/p>\n<p style=\"text-align: left;\">Giancarlo iniciou sua jornada no setor de sa\u00fade como examinador s\u00eanior de sinistros na HAA Preferred Partners\/AXA Assistance USA (2008-2012). Durante esse per\u00edodo, ele se concentrou na obten\u00e7\u00e3o de descontos m\u00e1ximos por meio de redes HMO\/PPO e assegurou o processamento preciso e eficiente de sinistros para seguradoras em todo o mundo.<\/p>\n<p style=\"text-align: left;\">Na Passage Health International, Giancarlo aproveita sua ampla experi\u00eancia para implementar medidas robustas de controle de qualidade e controles internos que aumentam a efici\u00eancia operacional e a conformidade. Seu compromisso com a excel\u00eancia desempenha um papel fundamental na condu\u00e7\u00e3o do crescimento da organiza\u00e7\u00e3o e na manuten\u00e7\u00e3o de sua reputa\u00e7\u00e3o como l\u00edder no setor global de sa\u00fade.<\/p>\n<p>[\/vc_column_text][vc_btn title=&#8221;Retornar \u00e0 nossa equipe&#8221; style=&#8221;flat&#8221; color=&#8221;theme_style_3&#8243; i_icon_fontawesome=&#8221;fas fa-arrow-left&#8221; css=&#8221;&#8221; add_icon=&#8221;true&#8221; link=&#8221;url:https%3A%2F%2Fpassagehi.com%2Four-team%2F|title:Nossa%20equipe|&#8221;][\/vc_column][\/vc_row]<\/p>\n<\/div>","protected":false},"excerpt":{"rendered":"<p>[vc_row][vc_column][vc_column_text css=&#8221;.vc_custom_1734315525836{margin-bottom: 45px !important;}&#8221;] Giancarlo Castellanos Analista de Neg\u00f3cios e Controle Interno [\/vc_column_text][\/vc_column][\/vc_row][vc_row][vc_column width=&#8221;1\/4&#8243;][vc_single_image image=&#8221;1569&#8243; img_size=&#8221;450&#215;450&#8243; css=&#8221;&#8221;][\/vc_column][vc_column width=&#8221;3\/4&#8243;][vc_column_text css=&#8221;&#8221;] Giancarlo Castellanos atua como chefe de qualidade e controle interno na Passage Health International&#8230;<\/p>\n","protected":false},"author":1,"featured_media":0,"parent":1780,"menu_order":0,"comment_status":"closed","ping_status":"closed","template":"","meta":{"footnotes":""},"class_list":["post-1814","page","type-page","status-publish","hentry"],"_links":{"self":[{"href":"https:\/\/passagehi.com\/pt-br\/wp-json\/wp\/v2\/pages\/1814","targetHints":{"allow":["GET"]}}],"collection":[{"href":"https:\/\/passagehi.com\/pt-br\/wp-json\/wp\/v2\/pages"}],"about":[{"href":"https:\/\/passagehi.com\/pt-br\/wp-json\/wp\/v2\/types\/page"}],"author":[{"embeddable":true,"href":"https:\/\/passagehi.com\/pt-br\/wp-json\/wp\/v2\/users\/1"}],"replies":[{"embeddable":true,"href":"https:\/\/passagehi.com\/pt-br\/wp-json\/wp\/v2\/comments?post=1814"}],"version-history":[{"count":2,"href":"https:\/\/passagehi.com\/pt-br\/wp-json\/wp\/v2\/pages\/1814\/revisions"}],"predecessor-version":[{"id":1816,"href":"https:\/\/passagehi.com\/pt-br\/wp-json\/wp\/v2\/pages\/1814\/revisions\/1816"}],"up":[{"embeddable":true,"href":"https:\/\/passagehi.com\/pt-br\/wp-json\/wp\/v2\/pages\/1780"}],"wp:attachment":[{"href":"https:\/\/passagehi.com\/pt-br\/wp-json\/wp\/v2\/media?parent=1814"}],"curies":[{"name":"wp","href":"https:\/\/api.w.org\/{rel}","templated":true}]}}