{"id":1818,"date":"2024-12-16T02:17:15","date_gmt":"2024-12-16T02:17:15","guid":{"rendered":"https:\/\/passagehi.com\/nossa-equipe\/martha-p-ruiz-duenas\/"},"modified":"2025-05-06T16:56:45","modified_gmt":"2025-05-06T16:56:45","slug":"martha-p-ruiz-duenas","status":"publish","type":"page","link":"https:\/\/passagehi.com\/pt-br\/nossa-equipe\/martha-p-ruiz-duenas\/","title":{"rendered":"Martha P. Ruiz-Duenas"},"content":{"rendered":"<div class=\"wpb-content-wrapper\"><p>[vc_row][vc_column][vc_column_text css=&#8221;.vc_custom_1734315334907{margin-bottom: 45px !important;}&#8221;]<\/p>\n<h2>Martha P. Ruiz-Duenas, RN, BSN<small> Diretora, Auditoria de Revis\u00e3o de Contas M\u00e9dicas e Educa\u00e7\u00e3o<\/small><\/h2>\n<p>[\/vc_column_text][\/vc_column][\/vc_row][vc_row][vc_column width=&#8221;1\/4&#8243;][vc_single_image image=&#8221;1510&#8243; img_size=&#8221;450&#215;450&#8243; css=&#8221;&#8221;][\/vc_column][vc_column width=&#8221;3\/4&#8243;][vc_column_text css=&#8221;&#8221;]Martha \u00e9 uma profissional altamente qualificada, conhecida por sua experi\u00eancia em cuidados com pacientes agudos e pelo desempenho meticuloso de auditorias simult\u00e2neas e retrospectivas de prontu\u00e1rios. Com uma rica experi\u00eancia em revis\u00e3o de auditorias m\u00e9dicas, adquirida em sua passagem por uma das principais operadoras de seguros e sistemas de sa\u00fade do pa\u00eds, Martha desempenha um papel fundamental na manuten\u00e7\u00e3o do padr\u00e3o exemplar de servi\u00e7os da PHI. <\/p>\n<p>Com base em sua ampla experi\u00eancia e conhecimento especializado, Martha traz uma combina\u00e7\u00e3o \u00fanica de percep\u00e7\u00e3o e precis\u00e3o para sua fun\u00e7\u00e3o na PHI. Sua profici\u00eancia na condu\u00e7\u00e3o de auditorias abrangentes de prontu\u00e1rios garante a ades\u00e3o aos padr\u00f5es regulat\u00f3rios e a otimiza\u00e7\u00e3o dos protocolos de atendimento ao paciente. A dedica\u00e7\u00e3o de Martha \u00e0 excel\u00eancia \u00e9 evidente em sua capacidade de identificar \u00e1reas de melhoria e implementar estrat\u00e9gias para aprimorar a efici\u00eancia operacional e a qualidade do atendimento.  <\/p>\n<p>A jornada acad\u00eamica de Martha estabeleceu uma base s\u00f3lida para sua ilustre carreira na \u00e1rea da sa\u00fade. Ela obteve seu bacharelado em enfermagem na prestigiada Universidade Nacional de Bogot\u00e1, Col\u00f4mbia, onde demonstrou uma dedica\u00e7\u00e3o excepcional aos estudos e uma paix\u00e3o pelo avan\u00e7o no atendimento ao paciente. Posteriormente, Martha obteve sua licen\u00e7a de enfermeira registrada na Fl\u00f3rida em 2005, solidificando seu compromisso com a presta\u00e7\u00e3o de servi\u00e7os de sa\u00fade compassivos e de alta qualidade.  <\/p>\n<p>Os clientes da PHI se beneficiam imensamente da combina\u00e7\u00e3o \u00fanica da experi\u00eancia de Martha em trabalhar nos setores m\u00e9dico e de seguros. Sua compreens\u00e3o diferenciada das complexidades dos processos de faturamento de pacientes permite que ela realize auditorias completas, comparando meticulosamente as faturas dos pacientes com registros m\u00e9dicos, documentos auxiliares e protocolos hospitalares para garantir a precis\u00e3o e a adequa\u00e7\u00e3o das cobran\u00e7as. A grande aten\u00e7\u00e3o de Martha aos detalhes e o compromisso inabal\u00e1vel com a precis\u00e3o inspiram confian\u00e7a nos clientes, garantindo transpar\u00eancia e integridade em todos os aspectos do faturamento e do reembolso.  <\/p>\n<p>As contribui\u00e7\u00f5es de Martha para a PHI exemplificam sua dedica\u00e7\u00e3o ao avan\u00e7o do atendimento centrado no paciente e \u00e0 otimiza\u00e7\u00e3o dos processos operacionais no setor de sa\u00fade. Sua experi\u00eancia inestim\u00e1vel e seu compromisso inabal\u00e1vel com a excel\u00eancia continuam a elevar a reputa\u00e7\u00e3o da PHI como l\u00edder confi\u00e1vel em servi\u00e7os de sa\u00fade.[\/vc_column_text][vc_btn title=&#8221;Retornar \u00e0 nossa equipe&#8221; style=&#8221;flat&#8221; color=&#8221;theme_style_3&#8243; i_icon_fontawesome=&#8221;fas fa-arrow-left&#8221; css=&#8221;&#8221; add_icon=&#8221;true&#8221; link=&#8221;url:https%3A%2F%2Fpassagehi.com%2Four-team%2F|title:Nossa%20equipe|&#8221;][\/vc_column][\/vc_row]<\/p>\n<\/div>","protected":false},"excerpt":{"rendered":"<p>[vc_row][vc_column][vc_column_text css=&#8221;.vc_custom_1734315334907{margin-bottom: 45px !important;}&#8221;] Martha P. Ruiz-Duenas, RN, BSN Diretora, Auditoria de Revis\u00e3o de Contas M\u00e9dicas e Educa\u00e7\u00e3o [\/vc_column_text][\/vc_column][\/vc_row][vc_row][vc_column width=&#8221;1\/4&#8243;][vc_single_image image=&#8221;1510&#8243; img_size=&#8221;450&#215;450&#8243; css=&#8221;&#8221;][\/vc_column][vc_column width=&#8221;3\/4&#8243;][vc_column_text css=&#8221;&#8221;]Martha \u00e9 uma profissional altamente qualificada, conhecida por sua&#8230;<\/p>\n","protected":false},"author":1,"featured_media":0,"parent":1780,"menu_order":0,"comment_status":"closed","ping_status":"closed","template":"","meta":{"footnotes":""},"class_list":["post-1818","page","type-page","status-publish","hentry"],"_links":{"self":[{"href":"https:\/\/passagehi.com\/pt-br\/wp-json\/wp\/v2\/pages\/1818","targetHints":{"allow":["GET"]}}],"collection":[{"href":"https:\/\/passagehi.com\/pt-br\/wp-json\/wp\/v2\/pages"}],"about":[{"href":"https:\/\/passagehi.com\/pt-br\/wp-json\/wp\/v2\/types\/page"}],"author":[{"embeddable":true,"href":"https:\/\/passagehi.com\/pt-br\/wp-json\/wp\/v2\/users\/1"}],"replies":[{"embeddable":true,"href":"https:\/\/passagehi.com\/pt-br\/wp-json\/wp\/v2\/comments?post=1818"}],"version-history":[{"count":2,"href":"https:\/\/passagehi.com\/pt-br\/wp-json\/wp\/v2\/pages\/1818\/revisions"}],"predecessor-version":[{"id":1822,"href":"https:\/\/passagehi.com\/pt-br\/wp-json\/wp\/v2\/pages\/1818\/revisions\/1822"}],"up":[{"embeddable":true,"href":"https:\/\/passagehi.com\/pt-br\/wp-json\/wp\/v2\/pages\/1780"}],"wp:attachment":[{"href":"https:\/\/passagehi.com\/pt-br\/wp-json\/wp\/v2\/media?parent=1818"}],"curies":[{"name":"wp","href":"https:\/\/api.w.org\/{rel}","templated":true}]}}