{"id":1823,"date":"2024-12-16T02:23:09","date_gmt":"2024-12-16T02:23:09","guid":{"rendered":"https:\/\/passagehi.com\/nossa-equipe\/joanne-sierra\/"},"modified":"2025-05-06T16:56:45","modified_gmt":"2025-05-06T16:56:45","slug":"joanne-sierra","status":"publish","type":"page","link":"https:\/\/passagehi.com\/pt-br\/nossa-equipe\/joanne-sierra\/","title":{"rendered":"Joanne Sierra"},"content":{"rendered":"<div class=\"wpb-content-wrapper\"><p>[vc_row][vc_column][vc_column_text css=&#8221;.vc_custom_1734364185263{margin-bottom: 45px !important;}&#8221;]<\/p>\n<h2>Joanne Sierra <small>Chefe de Reclama\u00e7\u00f5es<\/small><\/h2>\n<p>[\/vc_column_text][\/vc_column][\/vc_row][vc_row][vc_column width=&#8221;1\/4&#8243;][vc_single_image image=&#8221;1573&#8243; img_size=&#8221;450&#215;450&#8243; css=&#8221;&#8221;][\/vc_column][vc_column width=&#8221;3\/4&#8243;][vc_column_text css=&#8221;&#8221;]Joanne Sierra \u00e9 a diretora de sinistros da Passage Health International, liderando os esfor\u00e7os da empresa para oferecer uma gest\u00e3o de sinistros perfeita para prestadores de servi\u00e7os de sa\u00fade internacionais. Ela ingressou na Passage em 2023 como Especialista S\u00eanior em Sinistros Internacionais e foi promovida a Chefe de Sinistros em 2024, gra\u00e7as \u00e0 sua excepcional experi\u00eancia e habilidades de lideran\u00e7a. <\/p>\n<p>Com mais de oito anos de experi\u00eancia em reclama\u00e7\u00f5es e faturamento de seguros m\u00e9dicos, Joanne desenvolveu um profundo conhecimento do setor de sa\u00fade. Sua carreira tamb\u00e9m inclui cinco anos em vendas e gerenciamento de projetos, demonstrando sua capacidade de liderar em v\u00e1rios setores e gerenciar diversas equipes. <\/p>\n<p>Antes de ingressar na Passage, Joanne ocupou cargos de lideran\u00e7a em atendimento ao cliente e gerenciamento de reclama\u00e7\u00f5es, supervisionando equipes que davam suporte a prestadores de servi\u00e7os de sa\u00fade sediados nos EUA. Ela tamb\u00e9m gerenciou com sucesso opera\u00e7\u00f5es de vendas e projetos no setor de constru\u00e7\u00e3o, onde construiu s\u00f3lidos relacionamentos com clientes e negociou contratos nos mercados comercial e residencial. <\/p>\n<p>O compromisso de Joanne com a excel\u00eancia e seu hist\u00f3rico profissional diversificado fazem dela uma parte importante da equipe da Passage Health International, garantindo que os clientes recebam suporte de primeira linha na navega\u00e7\u00e3o de processos complexos de sinistros.[\/vc_column_text][vc_btn title=&#8221;Retornar \u00e0 nossa equipe&#8221; style=&#8221;flat&#8221; color=&#8221;theme_style_3&#8243; i_icon_fontawesome=&#8221;fas fa-arrow-left&#8221; css=&#8221;&#8221; add_icon=&#8221;true&#8221; link=&#8221;url:https%3A%2F%2Fpassagehi.com%2Four-team%2F|title:Nossa%20equipe|&#8221;][\/vc_column][\/vc_row]<\/p>\n<\/div>","protected":false},"excerpt":{"rendered":"<p>[vc_row][vc_column][vc_column_text css=&#8221;.vc_custom_1734364185263{margin-bottom: 45px !important;}&#8221;] Joanne Sierra Chefe de Reclama\u00e7\u00f5es [\/vc_column_text][\/vc_column][\/vc_row][vc_row][vc_column width=&#8221;1\/4&#8243;][vc_single_image image=&#8221;1573&#8243; img_size=&#8221;450&#215;450&#8243; css=&#8221;&#8221;][\/vc_column][vc_column width=&#8221;3\/4&#8243;][vc_column_text css=&#8221;&#8221;]Joanne Sierra \u00e9 a diretora de sinistros da Passage Health International, liderando os esfor\u00e7os da empresa para oferecer&#8230;<\/p>\n","protected":false},"author":1,"featured_media":0,"parent":1780,"menu_order":0,"comment_status":"closed","ping_status":"closed","template":"","meta":{"footnotes":""},"class_list":["post-1823","page","type-page","status-publish","hentry"],"_links":{"self":[{"href":"https:\/\/passagehi.com\/pt-br\/wp-json\/wp\/v2\/pages\/1823","targetHints":{"allow":["GET"]}}],"collection":[{"href":"https:\/\/passagehi.com\/pt-br\/wp-json\/wp\/v2\/pages"}],"about":[{"href":"https:\/\/passagehi.com\/pt-br\/wp-json\/wp\/v2\/types\/page"}],"author":[{"embeddable":true,"href":"https:\/\/passagehi.com\/pt-br\/wp-json\/wp\/v2\/users\/1"}],"replies":[{"embeddable":true,"href":"https:\/\/passagehi.com\/pt-br\/wp-json\/wp\/v2\/comments?post=1823"}],"version-history":[{"count":2,"href":"https:\/\/passagehi.com\/pt-br\/wp-json\/wp\/v2\/pages\/1823\/revisions"}],"predecessor-version":[{"id":1828,"href":"https:\/\/passagehi.com\/pt-br\/wp-json\/wp\/v2\/pages\/1823\/revisions\/1828"}],"up":[{"embeddable":true,"href":"https:\/\/passagehi.com\/pt-br\/wp-json\/wp\/v2\/pages\/1780"}],"wp:attachment":[{"href":"https:\/\/passagehi.com\/pt-br\/wp-json\/wp\/v2\/media?parent=1823"}],"curies":[{"name":"wp","href":"https:\/\/api.w.org\/{rel}","templated":true}]}}