{"id":1836,"date":"2015-11-17T05:09:58","date_gmt":"2015-11-17T05:09:58","guid":{"rendered":"https:\/\/passagehi.com\/entre-em-contato-conosco\/"},"modified":"2025-05-06T17:16:48","modified_gmt":"2025-05-06T17:16:48","slug":"entre-em-contato-conosco","status":"publish","type":"page","link":"https:\/\/passagehi.com\/pt-br\/entre-em-contato-conosco\/","title":{"rendered":"Entre em contato conosco"},"content":{"rendered":"<div class=\"wpb-content-wrapper\"><p>[vc_row css=&#8221;.vc_custom_1449207080478{margin-bottom: 60px !important;}&#8221;][vc_column offset=&#8221;vc_col-lg-4 vc_col-md-4&#8243; css=&#8221;.vc_custom_1449207085340{margin-bottom: 30px !important;}&#8221;][vc_single_image image=&#8221;1412&#8243; img_size=&#8221;medium&#8221; css=&#8221;&#8221;][\/vc_column][vc_column offset=&#8221;vc_col-lg-8 vc_col-md-8&#8243; css=&#8221;.vc_custom_1449207088828{margin-bottom: 30px !important;}&#8221;][vc_column_text css=&#8221;&#8221;]<\/p>\n<h2>Entre em contato<\/h2>\n<p>Na Passage Health International, estamos prontos para ajudar o seu hospital a aprimorar os recursos de processamento de reclama\u00e7\u00f5es. Se voc\u00ea deseja melhorar seu ciclo de receita e otimizar as opera\u00e7\u00f5es, entre em contato conosco hoje mesmo.[\/vc_column_text][vc_column_text css=&#8221;&#8221;]<span style=\"font-size: 14pt;\"><strong>Escrit\u00f3rios principais<\/strong><\/span><\/p>\n<p>5900 N Andrews Ave Suite 802<br \/>\nFort Lauderdale, FL 33309<br \/>\n<a href=\"tel:\/\/+19545269751\">(954) 526-9751<\/a><br \/>\n<a href=\"mailto:info@passagehi.com\">info@passagehi.com<\/a>[\/vc_column_text][\/vc_column][\/vc_row]<\/p>\n<\/div>","protected":false},"excerpt":{"rendered":"<p>[vc_row css=&#8221;.vc_custom_1449207080478{margin-bottom: 60px !important;}&#8221;][vc_column offset=&#8221;vc_col-lg-4 vc_col-md-4&#8243; css=&#8221;.vc_custom_1449207085340{margin-bottom: 30px !important;}&#8221;][vc_single_image image=&#8221;1412&#8243; img_size=&#8221;medium&#8221; css=&#8221;&#8221;][\/vc_column][vc_column offset=&#8221;vc_col-lg-8 vc_col-md-8&#8243; css=&#8221;.vc_custom_1449207088828{margin-bottom: 30px !important;}&#8221;][vc_column_text css=&#8221;&#8221;] Entre em contato Na Passage Health International, estamos prontos para ajudar o seu hospital a&#8230;<\/p>\n","protected":false},"author":1,"featured_media":0,"parent":0,"menu_order":0,"comment_status":"closed","ping_status":"closed","template":"","meta":{"footnotes":""},"class_list":["post-1836","page","type-page","status-publish","hentry"],"_links":{"self":[{"href":"https:\/\/passagehi.com\/pt-br\/wp-json\/wp\/v2\/pages\/1836","targetHints":{"allow":["GET"]}}],"collection":[{"href":"https:\/\/passagehi.com\/pt-br\/wp-json\/wp\/v2\/pages"}],"about":[{"href":"https:\/\/passagehi.com\/pt-br\/wp-json\/wp\/v2\/types\/page"}],"author":[{"embeddable":true,"href":"https:\/\/passagehi.com\/pt-br\/wp-json\/wp\/v2\/users\/1"}],"replies":[{"embeddable":true,"href":"https:\/\/passagehi.com\/pt-br\/wp-json\/wp\/v2\/comments?post=1836"}],"version-history":[{"count":2,"href":"https:\/\/passagehi.com\/pt-br\/wp-json\/wp\/v2\/pages\/1836\/revisions"}],"predecessor-version":[{"id":1841,"href":"https:\/\/passagehi.com\/pt-br\/wp-json\/wp\/v2\/pages\/1836\/revisions\/1841"}],"wp:attachment":[{"href":"https:\/\/passagehi.com\/pt-br\/wp-json\/wp\/v2\/media?parent=1836"}],"curies":[{"name":"wp","href":"https:\/\/api.w.org\/{rel}","templated":true}]}}