{"id":1839,"date":"2015-11-17T04:19:36","date_gmt":"2015-11-17T04:19:36","guid":{"rendered":"https:\/\/passagehi.com\/sobre-nos\/"},"modified":"2025-05-06T17:16:48","modified_gmt":"2025-05-06T17:16:48","slug":"sobre-nos","status":"publish","type":"page","link":"https:\/\/passagehi.com\/pt-br\/sobre-nos\/","title":{"rendered":"Sobre n\u00f3s"},"content":{"rendered":"<div class=\"wpb-content-wrapper\"><p>[vc_row][vc_column width=&#8221;1\/4&#8243;][vc_single_image image=&#8221;1412&#8243; img_size=&#8221;large&#8221; css=&#8221;&#8221;][\/vc_column][vc_column width=&#8221;3\/4&#8243;][vc_column_text css=&#8221;&#8221;]A Passage Health International, L.L.C. \u00e9 uma parceira l\u00edder em faturamento m\u00e9dico que oferece suporte a cl\u00ednicas e hospitais que atendem pacientes internacionais. Nossos servi\u00e7os abrangentes incluem verifica\u00e7\u00e3o de benef\u00edcios e elegibilidade, auditorias m\u00e9dicas, coordena\u00e7\u00e3o de atendimento e muito mais, permitindo que os prestadores de servi\u00e7os de sa\u00fade se concentrem em oferecer atendimento excepcional aos pacientes. <\/p>\n<p>Com sede em Fort Lauderdale, Fl\u00f3rida, operamos com uma rede global de parceiros confi\u00e1veis, reconhecidos por nosso compromisso com a excel\u00eancia, profundo conhecimento do setor e profissionalismo. Descubra como nossa equipe pode aprimorar a experi\u00eancia de atendimento ao paciente e simplificar seus processos de faturamento. <\/p>\n<p>&nbsp;<\/p>\n<p>[\/vc_column_text][\/vc_column][\/vc_row][vc_row full_width=&#8221;stretch_row&#8221; el_class=&#8221;secondary_bg_color&#8221; css=&#8221;.vc_custom_1447734480631{margin-bottom: 0px !important;}&#8221;][vc_column][vc_cta h2=&#8221;Voc\u00ea quer saber como nossas solu\u00e7\u00f5es atendem \u00e0s necessidades de sua empresa?&#8221; shape=&#8221;square&#8221; add_button=&#8221;right&#8221; btn_title=&#8221;Entre em contato conosco agora&#8221; btn_style=&#8221;outline&#8221; btn_shape=&#8221;round&#8221; btn_color=&#8221;white&#8221; btn_i_align=&#8221;right&#8221; btn_i_icon_fontawesome=&#8221;stm-arrow-next&#8221; css=&#8221;&#8221; btn_add_icon=&#8221;true&#8221; el_class=&#8221;secondary_bg_color&#8221; btn_link=&#8221;url:https%3A%2F%2Fphi.vantivsystems.io%2Fcontact%2F|title:Entre%20em%20contato%20conosco|&#8221;][\/vc_cta][\/vc_column][\/vc_row]<\/p>\n<\/div>","protected":false},"excerpt":{"rendered":"<p>[vc_row][vc_column width=&#8221;1\/4&#8243;][vc_single_image image=&#8221;1412&#8243; img_size=&#8221;large&#8221; css=&#8221;&#8221;][\/vc_column][vc_column width=&#8221;3\/4&#8243;][vc_column_text css=&#8221;&#8221;]A Passage Health International, L.L.C. \u00e9 uma parceira l\u00edder em faturamento m\u00e9dico que oferece suporte a cl\u00ednicas e hospitais que atendem pacientes internacionais. Nossos servi\u00e7os abrangentes incluem&#8230;<\/p>\n","protected":false},"author":1,"featured_media":0,"parent":0,"menu_order":0,"comment_status":"closed","ping_status":"closed","template":"","meta":{"footnotes":""},"class_list":["post-1839","page","type-page","status-publish","hentry"],"_links":{"self":[{"href":"https:\/\/passagehi.com\/pt-br\/wp-json\/wp\/v2\/pages\/1839","targetHints":{"allow":["GET"]}}],"collection":[{"href":"https:\/\/passagehi.com\/pt-br\/wp-json\/wp\/v2\/pages"}],"about":[{"href":"https:\/\/passagehi.com\/pt-br\/wp-json\/wp\/v2\/types\/page"}],"author":[{"embeddable":true,"href":"https:\/\/passagehi.com\/pt-br\/wp-json\/wp\/v2\/users\/1"}],"replies":[{"embeddable":true,"href":"https:\/\/passagehi.com\/pt-br\/wp-json\/wp\/v2\/comments?post=1839"}],"version-history":[{"count":2,"href":"https:\/\/passagehi.com\/pt-br\/wp-json\/wp\/v2\/pages\/1839\/revisions"}],"predecessor-version":[{"id":1843,"href":"https:\/\/passagehi.com\/pt-br\/wp-json\/wp\/v2\/pages\/1839\/revisions\/1843"}],"wp:attachment":[{"href":"https:\/\/passagehi.com\/pt-br\/wp-json\/wp\/v2\/media?parent=1839"}],"curies":[{"name":"wp","href":"https:\/\/api.w.org\/{rel}","templated":true}]}}