{"id":1847,"date":"2015-11-24T05:41:19","date_gmt":"2015-11-24T05:41:19","guid":{"rendered":"https:\/\/passagehi.com\/nossos-servicos\/"},"modified":"2025-05-14T13:19:38","modified_gmt":"2025-05-14T13:19:38","slug":"nossos-servicos","status":"publish","type":"page","link":"https:\/\/passagehi.com\/pt-br\/nossos-servicos\/","title":{"rendered":"Nossos servi\u00e7os"},"content":{"rendered":"<div class=\"wpb-content-wrapper\"><p>[vc_row css=&#8221;.vc_custom_1448347192284{margin-bottom: 70px !important;}&#8221;][vc_column offset=&#8221;vc_col-lg-4 vc_col-md-4&#8243;][vc_column_text css=&#8221;.vc_custom_1729473541924{margin-bottom: 40px !important;}&#8221;]<\/p>\n<h2>Qualidade e excel\u00eancia em cada etapa<\/h2>\n<p>[\/vc_column_text][\/vc_column][vc_column width=&#8221;1\/2&#8243; offset=&#8221;vc_col-lg-4 vc_col-md-4&#8243;][vc_column_text css=&#8221;&#8221;]Na Passage Health International, transformamos as complexidades do faturamento m\u00e9dico internacional em processos cont\u00ednuos que melhoram o desempenho financeiro do seu hospital. Nosso conjunto abrangente de servi\u00e7os, incluindo verifica\u00e7\u00e3o de benef\u00edcios, revis\u00e3o de contas m\u00e9dicas e gerenciamento do ciclo de receita, garante que voc\u00ea receba pagamentos pontuais e precisos.[\/vc_column_text][\/vc_column][vc_column width=&#8221;1\/2&#8243; offset=&#8221;vc_col-lg-4 vc_col-md-4&#8243;][vc_column_text css=&#8221;&#8221;]Com uma rede global e uma equipe de profissionais dedicados, estamos preparados para lidar com os desafios exclusivos dos sinistros internacionais, permitindo que voc\u00ea se concentre em oferecer um atendimento excepcional aos pacientes. Explore como nossas solu\u00e7\u00f5es especializadas podem apoiar o sucesso de seu hospital.[\/vc_column_text][\/vc_column][\/vc_row][vc_row full_width=&#8221;stretch_row&#8221; css=&#8221;.vc_custom_1448346440762{margin-bottom: 0px !important;padding-top: 80px !important;padding-bottom: 60px !important;background-color: #1b4562 !important;}&#8221;][vc_column][vc_row_inner css=&#8221;.vc_custom_1449136946410{margin-bottom: 0px !important;}&#8221;][vc_column_inner width=&#8221;1\/2&#8243; css=&#8221;.vc_custom_1449136957585{margin-bottom: 35px !important;}&#8221;][stm_icon icon_size=&#8221;73&#8243; icon_height=&#8221;100&#8243; title_font_size=&#8221;24&#8243; title_font_weight=&#8221;700&#8243; icon=&#8221;fas fa-user-friends&#8221; title=&#8221;Verifica\u00e7\u00e3o de elegibilidade e benef\u00edcios&#8221; text=&#8221;Ajudamos a verificar prontamente os detalhes da cobertura, garantindo que voc\u00ea tenha as informa\u00e7\u00f5es essenciais antes do in\u00edcio do tratamento. Esse servi\u00e7o reduz os riscos associados a erros de faturamento e cobran\u00e7as inesperadas dos pacientes.&#8221; title_color=&#8221;#ffffff&#8221; text_color=&#8221;#ffffff&#8221;][\/vc_column_inner][vc_column_inner width=&#8221;1\/2&#8243; css=&#8221;.vc_custom_1449136961602{margin-bottom: 35px !important;}&#8221;][stm_icon icon_size=&#8221;89&#8243; icon_height=&#8221;100&#8243; title_font_size=&#8221;24&#8243; title_font_weight=&#8221;700&#8243; icon=&#8221;fas fa-user-md&#8221; title=&#8221;Auditorias de faturamento m\u00e9dico&#8221; text=&#8221;Nosso processo completo de auditoria identifica erros e otimiza as faturas, facilitando cobran\u00e7as mais r\u00e1pidas e minimizando disputas com as seguradoras.&#8221; title_color=&#8221;#ffffff&#8221; text_color=&#8221;#ffffff&#8221;][\/vc_column_inner][\/vc_row_inner][vc_row_inner css=&#8221;.vc_custom_1449136951770{margin-bottom: 0px !important;}&#8221;][vc_column_inner width=&#8221;1\/2&#8243; css=&#8221;.vc_custom_1449136966415{margin-bottom: 35px !important;}&#8221;][stm_icon icon_size=&#8221;89&#8243; icon_height=&#8221;100&#8243; title_font_size=&#8221;24&#8243; title_font_weight=&#8221;700&#8243; icon=&#8221;fas fa-headset&#8221; title=&#8221;Acompanhamento e cobran\u00e7a de sinistros&#8221; text=&#8221;Nossa equipe dedicada gerencia os pedidos de reembolso desde o envio at\u00e9 o pagamento, garantindo que voc\u00ea receba o reembolso em tempo h\u00e1bil e mantendo uma comunica\u00e7\u00e3o clara com os pacientes.&#8221; title_color=&#8221;#ffffff&#8221; text_color=&#8221;#ffffff&#8221;][\/vc_column_inner][vc_column_inner width=&#8221;1\/2&#8243; css=&#8221;.vc_custom_1449136971250{margin-bottom: 35px !important;}&#8221;][stm_icon icon_size=&#8221;89&#8243; icon_height=&#8221;100&#8243; title_font_size=&#8221;24&#8243; title_font_weight=&#8221;700&#8243; icon=&#8221;fas fa-balance-scale&#8221; title=&#8221;Suporte e orienta\u00e7\u00e3o jur\u00eddica&#8221; text=&#8221;Ajudamos a navegar pelas complexidades das disputas de sinistros, fornecendo estrat\u00e9gias jur\u00eddicas para aprimorar seus esfor\u00e7os de cobran\u00e7a e, ao mesmo tempo, proteger seus interesses.&#8221; title_color=&#8221;#ffffff&#8221; text_color=&#8221;#ffffff&#8221;][\/vc_column_inner][\/vc_row_inner][\/vc_column][\/vc_row][vc_row full_width=&#8221;stretch_row&#8221; el_class=&#8221;secondary_bg_color&#8221; css=&#8221;.vc_custom_1448346766847{margin-bottom: 80px !important;}&#8221;][vc_column][vc_cta h2=&#8221;Explore nossas solu\u00e7\u00f5es&#8221; shape=&#8221;square&#8221; add_button=&#8221;right&#8221; btn_title=&#8221;Entre em contato conosco agora&#8221; btn_style=&#8221;outline&#8221; btn_shape=&#8221;round&#8221; btn_color=&#8221;white&#8221; btn_i_align=&#8221;right&#8221; btn_i_icon_fontawesome=&#8221;stm-arrow-next&#8221; css=&#8221;&#8221; btn_add_icon=&#8221;true&#8221; el_class=&#8221;secondary_bg_color&#8221; btn_link=&#8221;url:https%3A%2F%2Fpassagehi.com%2Fcontact%2F|title:Entre%20em%20contato%20conosco|&#8221;][\/vc_cta][\/vc_column][\/vc_row][vc_row css=&#8221;.vc_custom_1449137019491{margin-bottom: 40px !important;}&#8221;][vc_column width=&#8221;1\/2&#8243;][vc_column_text css=&#8221;.vc_custom_1729463022236{margin-bottom: 30px !important;}&#8221;]<\/p>\n<h3>Solu\u00e7\u00f5es eficazes<\/h3>\n<p>A Passage Health International (PHI) \u00e9 uma parceira global para provedores m\u00e9dicos que tratam regularmente de pacientes internacionais.<\/p>\n<p><strong>Nossa fun\u00e7\u00e3o diferenciada \u00e9 converter os riscos e desafios de nossos clientes em oportunidades de gera\u00e7\u00e3o de receita.<\/strong><\/p>\n<p>Conseguimos isso fornecendo o mais alto padr\u00e3o de servi\u00e7os de faturamento m\u00e9dico para seus sinistros internacionais.<\/p>\n<p>Isso permite que eles se concentrem no que fazem de melhor: oferecer excelentes servi\u00e7os de sa\u00fade.[\/vc_column_text][\/vc_column][vc_column width=&#8221;1\/2&#8243;][vc_single_image image=&#8221;1424&#8243; img_size=&#8221;full&#8221; alignment=&#8221;right&#8221; css=&#8221;&#8221;][\/vc_column][\/vc_row][vc_row full_width=&#8221;stretch_row_content_no_spaces&#8221; equal_height=&#8221;yes&#8221; content_placement=&#8221;top&#8221; el_class=&#8221;secondary_bg_color services_icons reset-sm-paddings&#8221; css=&#8221;.vc_custom_1450671531930{margin-bottom: 0px !important;}&#8221;][vc_column css=&#8221;.vc_custom_1449204255225{padding-top: 75px !important;padding-right: 115px !important;padding-bottom: 75px !important;padding-left: 115px !important;}&#8221; offset=&#8221;vc_col-lg-4 vc_col-md-4&#8243;][stm_icon icon_size=&#8221;67&#8243; icon_height=&#8221;90&#8243; title_font_size=&#8221;24&#8243; title_font_weight=&#8221;700&#8243; align=&#8221;center&#8221; icon=&#8221;stm-security&#8221; title=&#8221;Conhecimento abrangente&#8221; text=&#8221;Voc\u00ea se beneficia de nossa ampla experi\u00eancia no gerenciamento de sinistros m\u00e9dicos internacionais, garantindo solu\u00e7\u00f5es precisas e eficientes, adaptadas \u00e0s complexas necessidades dos prestadores de servi\u00e7os de sa\u00fade globais.&#8221; icon_color=&#8221;#ffffff&#8221; title_color=&#8221;#ffffff&#8221; text_color=&#8221;#ffffff&#8221;][\/vc_column][vc_column css=&#8221;.vc_custom_1449204260881{padding-top: 75px !important;padding-right: 115px !important;padding-bottom: 75px !important;padding-left: 115px !important;background-color: rgba(0,0,0,0.1) !important;*background-color: rgb(0,0,0) !important;}&#8221; offset=&#8221;vc_col-lg-4 vc_col-md-4&#8243;][stm_icon icon_size=&#8221;67&#8243; icon_height=&#8221;90&#8243; title_font_size=&#8221;24&#8243; title_font_weight=&#8221;700&#8243; align=&#8221;center&#8221; icon=&#8221;stm-fast-delivery&#8221; title=&#8221;Processos simplificados&#8221; text=&#8221;Nossa abordagem inovadora de faturamento e cobran\u00e7a simplifica o seu ciclo de receita, minimizando atrasos e maximizando os reembolsos, para que voc\u00ea possa se concentrar em oferecer um atendimento excepcional ao paciente.&#8221; icon_color=&#8221;#ffffff&#8221; title_color=&#8221;#ffffff&#8221; text_color=&#8221;#ffffff&#8221;][\/vc_column][vc_column css=&#8221;.vc_custom_1449204266169{padding-top: 75px !important;padding-right: 115px !important;padding-bottom: 75px !important;padding-left: 115px !important;background-color: rgba(0,0,0,0.2) !important;*background-color: rgb(0,0,0) !important;}&#8221; offset=&#8221;vc_col-lg-4 vc_col-md-4&#8243;][stm_icon icon_size=&#8221;67&#8243; icon_height=&#8221;90&#8243; title_font_size=&#8221;24&#8243; title_font_weight=&#8221;700&#8243; align=&#8221;center&#8221; icon=&#8221;stm-support&#8221; title=&#8221;Suporte dedicado&#8221; text=&#8221;Nossa equipe dedicada est\u00e1 dispon\u00edvel 24 horas por dia, 7 dias por semana, oferecendo assist\u00eancia personalizada e conhecimento para enfrentar os desafios dos sinistros de seguros internacionais, proporcionando a voc\u00ea tranquilidade e resultados confi\u00e1veis.&#8221; icon_color=&#8221;#ffffff&#8221; title_color=&#8221;#ffffff&#8221; text_color=&#8221;#ffffff&#8221;][\/vc_column][\/vc_row]<\/p>\n<\/div>","protected":false},"excerpt":{"rendered":"<p>[vc_row css=&#8221;.vc_custom_1448347192284{margin-bottom: 70px !important;}&#8221;][vc_column offset=&#8221;vc_col-lg-4 vc_col-md-4&#8243;][vc_column_text css=&#8221;.vc_custom_1729473541924{margin-bottom: 40px !important;}&#8221;] Qualidade e excel\u00eancia em cada etapa [\/vc_column_text][\/vc_column][vc_column width=&#8221;1\/2&#8243; offset=&#8221;vc_col-lg-4 vc_col-md-4&#8243;][vc_column_text css=&#8221;&#8221;]Na Passage Health International, transformamos as complexidades do faturamento m\u00e9dico internacional em processos cont\u00ednuos&#8230;<\/p>\n","protected":false},"author":1,"featured_media":0,"parent":0,"menu_order":0,"comment_status":"closed","ping_status":"closed","template":"","meta":{"footnotes":""},"class_list":["post-1847","page","type-page","status-publish","hentry"],"_links":{"self":[{"href":"https:\/\/passagehi.com\/pt-br\/wp-json\/wp\/v2\/pages\/1847","targetHints":{"allow":["GET"]}}],"collection":[{"href":"https:\/\/passagehi.com\/pt-br\/wp-json\/wp\/v2\/pages"}],"about":[{"href":"https:\/\/passagehi.com\/pt-br\/wp-json\/wp\/v2\/types\/page"}],"author":[{"embeddable":true,"href":"https:\/\/passagehi.com\/pt-br\/wp-json\/wp\/v2\/users\/1"}],"replies":[{"embeddable":true,"href":"https:\/\/passagehi.com\/pt-br\/wp-json\/wp\/v2\/comments?post=1847"}],"version-history":[{"count":8,"href":"https:\/\/passagehi.com\/pt-br\/wp-json\/wp\/v2\/pages\/1847\/revisions"}],"predecessor-version":[{"id":1970,"href":"https:\/\/passagehi.com\/pt-br\/wp-json\/wp\/v2\/pages\/1847\/revisions\/1970"}],"wp:attachment":[{"href":"https:\/\/passagehi.com\/pt-br\/wp-json\/wp\/v2\/media?parent=1847"}],"curies":[{"name":"wp","href":"https:\/\/api.w.org\/{rel}","templated":true}]}}