{"id":1858,"date":"2015-10-21T07:42:32","date_gmt":"2015-10-21T07:42:32","guid":{"rendered":"https:\/\/passagehi.com\/inicio\/"},"modified":"2025-07-10T14:30:37","modified_gmt":"2025-07-10T14:30:37","slug":"inicio","status":"publish","type":"page","link":"https:\/\/passagehi.com\/pt-br\/","title":{"rendered":"In\u00edcio"},"content":{"rendered":"<div class=\"wpb-content-wrapper\"><p>[vc_row][vc_column]\n\t\t\t\t<p class=\"rs-p-wp-fix\"><\/p>\n\t\t\t\t<sr7-module data-alias=\"main_slider\" data-id=\"1\" id=\"SR7_1_1\" class=\"rs-ov-hidden\" data-version=\"6.7.16\">\n\t\t\t\t\t<sr7-adjuster><\/sr7-adjuster>\n\t\t\t\t\t<sr7-content>\n\t\t\t\t\t\t<sr7-slide id=\"SR7_1_1-13\" data-key=\"13\">\n\t\t\t\t\t\t\t<sr7-bg id=\"SR7_1_1-13-10\" class=\"sr7-layer\"><noscript><img decoding=\"async\" src=\"https:\/\/phi.vantivsystems.io\/wp-content\/uploads\/2024\/10\/medical-staff-in-white-coat-and-scrubs-discussing-2023-11-27-04-49-44-utc-1-scaled.jpg\" alt=\"\" title=\"In\u00edcio\"><\/noscript><\/sr7-bg>\n\t\t\t\t\t\t\t<sr7-txt id=\"SR7_1_1-13-2\" class=\"sr7-layer\">EXPERI\u00caNCIA <br \/>\nGLOBAL<\/sr7-txt>\n\t\t\t\t\t\t\t<sr7-txt id=\"SR7_1_1-13-6\" class=\"sr7-layer\">Somos seus parceiros internacionais. \nAjudamos voc\u00ea a se <br \/>concentrar em oferecer um atendimento excepcional.<br \/>\nConfie em nossa experi\u00eancia e hist\u00f3rico comprovado.<\/sr7-txt>\n\t\t\t\t\t\t<\/sr7-slide>\n\t\t\t\t\t\t<sr7-slide class=\"overlay\" id=\"SR7_1_1-14\" data-key=\"14\">\n\t\t\t\t\t\t\t<sr7-bg id=\"SR7_1_1-14-10\" class=\"sr7-layer\"><noscript><img decoding=\"async\" src=\"https:\/\/phi.vantivsystems.io\/wp-content\/uploads\/2024\/10\/business-team-talking-planning-analyze-investment-2024-05-02-15-10-21-utc-scaled.jpg\" alt=\"\" title=\"In\u00edcio\"><\/noscript><\/sr7-bg>\n\t\t\t\t\t\t\t<sr7-txt id=\"SR7_1_1-14-2\" class=\"sr7-layer\">APOIO <br\/>\nINCOMPAR\u00c1VEL<\/sr7-txt>\n\t\t\t\t\t\t\t<p id=\"SR7_1_1-14-6\" class=\"sr7-layer\">Com foco em profissionalismo e capacidade de resposta,<br \/>N\u00f3s garantimos que suas necessidades ser\u00e3o atendidas de <br \/>forma r\u00e1pida e eficiente. <br \/>Experimente o suporte que nos diferencia.<\/p>\n\t\t\t\t\t\t<\/sr7-slide>\n\t\t\t\t\t\t<sr7-slide class=\"overlay\" id=\"SR7_1_1-15\" data-key=\"15\">\n\t\t\t\t\t\t\t<sr7-bg id=\"SR7_1_1-15-10\" class=\"sr7-layer\"><noscript><img decoding=\"async\" src=\"https:\/\/phi.vantivsystems.io\/wp-content\/uploads\/2024\/10\/high-speed-ambulance-on-a-new-york-city-street-2023-11-27-05-21-24-utc.jpg\" alt=\"\" title=\"In\u00edcio\"><\/noscript><\/sr7-bg>\n\t\t\t\t\t\t\t<sr7-txt id=\"SR7_1_1-15-2\" class=\"sr7-layer\">TRANQUILIDADE <br\/>TOTAL<\/sr7-txt>\n\t\t\t\t\t\t\t<p id=\"SR7_1_1-15-6\" class=\"sr7-layer\">Da gest\u00e3o de avalia\u00e7\u00f5es de benef\u00edcios \u00e0 coordena\u00e7\u00e3o de <br \/>cuidados transfronteiri\u00e7os, n\u00f3s eliminamos todas as <br \/>complica\u00e7\u00f5es.\nConfie em n\u00f3s para dar suporte aos seus <br \/>pacientes onde quer que eles estejam.<\/p>\n\t\t\t\t\t\t<\/sr7-slide>\n\t\t\t\t\t\t<sr7-slide class=\"overlay\" id=\"SR7_1_1-16\" data-key=\"16\">\n\t\t\t\t\t\t\t<sr7-bg id=\"SR7_1_1-16-10\" class=\"sr7-layer\"><noscript><img decoding=\"async\" src=\"https:\/\/phi.vantivsystems.io\/wp-content\/uploads\/2024\/10\/high-speed-ambulance-on-a-new-york-city-street-2023-11-27-05-21-24-utc.jpg\" alt=\"\" title=\"In\u00edcio\"><\/noscript><\/sr7-bg>\n\t\t\t\t\t\t\t<sr7-txt id=\"SR7_1_1-16-2\" class=\"sr7-layer\">TRANQUILIDAD<br\/>TOTAL<\/sr7-txt>\n\t\t\t\t\t\t\t<p id=\"SR7_1_1-16-6\" class=\"sr7-layer\">Desde la gesti\u00f3n de la evaluaci\u00f3n de beneficios hasta la <br \/>coordinaci\u00f3n de la atenci\u00f3n transfronteriza, eliminamos <br \/>las complicaciones.\nConf\u00ede en nosotros para apoyar a sus <br \/>pacientes dondequiera que est\u00e9n.<\/p>\n\t\t\t\t\t\t<\/sr7-slide>\n\t\t\t\t\t\t<sr7-slide id=\"SR7_1_1-5\" data-key=\"5\">\n\t\t\t\t\t\t<\/sr7-slide>\n\t\t\t\t\t<\/sr7-content>\n\t\t\t\t\t<image_lists style=\"display:none\">\n\t\t\t\t\t\t<img data-src=\"\/\/phi.vantivsystems.io\/wp-content\/uploads\/2024\/10\/medical-staff-in-white-coat-and-scrubs-discussing-2023-11-27-04-49-44-utc-1-scaled.jpg\" data-lib=\"medialibrary\" width=\"0\" height=\"0\" data-dbsrc=\"Ly9waGkudmFudGl2c3lzdGVtcy5pby93cC1jb250ZW50L3VwbG9hZHMvMjAyNC8xMC9tZWRpY2FsLXN0YWZmLWluLXdoaXRlLWNvYXQtYW5kLXNjcnVicy1kaXNjdXNzaW5nLTIwMjMtMTEtMjctMDQtNDktNDQtdXRjLTEtc2NhbGVkLmpwZw==\"\/>\n\t\t\t\t\t\t<img data-src=\"\/\/phi.vantivsystems.io\/wp-content\/uploads\/2024\/10\/business-team-talking-planning-analyze-investment-2024-05-02-15-10-21-utc-scaled.jpg\" data-lib=\"medialibrary\" width=\"0\" height=\"0\" data-dbsrc=\"Ly9waGkudmFudGl2c3lzdGVtcy5pby93cC1jb250ZW50L3VwbG9hZHMvMjAyNC8xMC9idXNpbmVzcy10ZWFtLXRhbGtpbmctcGxhbm5pbmctYW5hbHl6ZS1pbnZlc3RtZW50LTIwMjQtMDUtMDItMTUtMTAtMjEtdXRjLXNjYWxlZC5qcGc=\"\/>\n\t\t\t\t\t\t<img data-src=\"\/\/phi.vantivsystems.io\/wp-content\/uploads\/2024\/10\/high-speed-ambulance-on-a-new-york-city-street-2023-11-27-05-21-24-utc.jpg\" data-lib=\"medialibrary\" width=\"0\" height=\"0\" data-dbsrc=\"Ly9waGkudmFudGl2c3lzdGVtcy5pby93cC1jb250ZW50L3VwbG9hZHMvMjAyNC8xMC9oaWdoLXNwZWVkLWFtYnVsYW5jZS1vbi1hLW5ldy15b3JrLWNpdHktc3RyZWV0LTIwMjMtMTEtMjctMDUtMjEtMjQtdXRjLmpwZw==\"\/>\n\t\t\t\t\t\t<img data-src=\"\/\/phi.vantivsystems.io\/wp-content\/uploads\/2024\/10\/medical-staff-walking-through-busy-hospital-with-m-2023-11-27-05-17-42-utc-scaled.jpg\" data-lib=\"medialibrary\" width=\"0\" height=\"0\" data-dbsrc=\"Ly9waGkudmFudGl2c3lzdGVtcy5pby93cC1jb250ZW50L3VwbG9hZHMvMjAyNC8xMC9tZWRpY2FsLXN0YWZmLXdhbGtpbmctdGhyb3VnaC1idXN5LWhvc3BpdGFsLXdpdGgtbS0yMDIzLTExLTI3LTA1LTE3LTQyLXV0Yy1zY2FsZWQuanBn\"\/>\n\t\t\t\t\t<\/image_lists>\n\t\t\t\t<\/sr7-module>\n\t\t\t\t<script>\n\t\t\t\t\tSR7.PMH ??={}; SR7.PMH[\"SR7_1_1\"] = {cn:0,state:false,fn: function() { if (_tpt!==undefined && _tpt.prepareModuleHeight !== undefined) {  _tpt.prepareModuleHeight({id:\"SR7_1_1\",el:[900,900,768,960,720],type:'standard',shdw:'0',gh:[900,900,808,614,379],gw:[1140,1140,1024,778,480],vpt:['100px'],size:{fullWidth:true, fullHeight:false},mh:'0',onh:0,onw:0,bg:{color:'{\"type\":\"solid\",\"orig\":\"#ffffff\",\"string\":\"rgba(255, 255, 255, 1)\"}'},plType:'2',plColor:'#34ccff'});   SR7.PMH[\"SR7_1_1\"].state=true;} else if((SR7.PMH[\"SR7_1_1\"].cn++)<100)\tsetTimeout( SR7.PMH[\"SR7_1_1\"].fn,19);}};SR7.PMH[\"SR7_1_1\" ].fn();\n\t\t\t\t<\/script>\n[\/vc_column][\/vc_row][vc_row full_width=&#8221;stretch_row&#8221; el_class=&#8221;base_bg_color no_overflow_hidden&#8221; css=&#8221;.vc_custom_1448432556856{margin-bottom: 80px !important;}&#8221;][vc_column width=&#8221;1\/4&#8243; offset=&#8221;vc_hidden-xs&#8221;][stm_rev_slider_nav title=&#8221;Experi\u00eancia global&#8221; icon=&#8221;stm-clients-worldwide&#8221; slide_number=&#8221;1&#8243;][\/vc_column][vc_column width=&#8221;1\/4&#8243; offset=&#8221;vc_hidden-xs&#8221;][stm_rev_slider_nav title=&#8221;Suporte inigual\u00e1vel&#8221; icon=&#8221;stm-support&#8221; slide_number=&#8221;2&#8243;][\/vc_column][vc_column width=&#8221;1\/4&#8243; offset=&#8221;vc_hidden-xs&#8221;][stm_rev_slider_nav title=&#8221;Paz de esp\u00edrito&#8221; icon=&#8221;stm-transport839&#8243; slide_number=&#8221;3&#8243;][\/vc_column][vc_column width=&#8221;1\/4&#8243; offset=&#8221;vc_hidden-xs&#8221;][stm_rev_slider_nav title=&#8221;Rede mundial&#8221; icon=&#8221;stm-people-in-team&#8221; slide_number=&#8221;4&#8243;][\/vc_column][\/vc_row][vc_row full_height=&#8221;yes&#8221; css=&#8221;.vc_custom_1449213766351{margin-bottom: 60px !important;background-image: url(https:\/\/phi.vantivsystems.io\/wp-content\/uploads\/2015\/11\/placeholder.gif) !important;background-position: center !important;background-repeat: no-repeat !important;background-size: cover !important;}&#8221; el_class=&#8221;vc_hidden-lg vc_hidden-md vc_hidden-sm&#8221;][vc_column offset=&#8221;vc_hidden-lg vc_hidden-md vc_hidden-sm&#8221; css=&#8221;.vc_custom_1449213666600{padding-top: 40px !important;padding-bottom: 40px !important;}&#8221;][vc_custom_heading text=&#8221;A partir de agora, voc\u00ea pode continuar&#8221; font_container=&#8221;tag:h1|text_align:left|color:%23ffffff&#8221; use_theme_fonts=&#8221;yes&#8221; css=&#8221;&#8221; el_class=&#8221;white_stripe&#8221;][vc_column_text css=&#8221;&#8221;]<span style=\"color: #ffffff;\">Cuidamos da triagem de benef\u00edcios e elegibilidade, auditorias m\u00e9dicas, coordena\u00e7\u00e3o de atendimento e muito mais.<\/span>[\/vc_column_text][vc_btn title=&#8221;Saiba mais&#8221; style=&#8221;outline&#8221; shape=&#8221;round&#8221; color=&#8221;theme_style_3&#8243; i_align=&#8221;right&#8221; i_icon_fontawesome=&#8221;stm-arrow-next&#8221; css=&#8221;&#8221; add_icon=&#8221;true&#8221; link=&#8221;url:https%3A%2F%2Fphi.vantivsystems.io%2Fabout-us%2F|title:Sobre%20n%C3%B3s|&#8221;][\/vc_column][\/vc_row][vc_row css=&#8221;.vc_custom_1450264294682{margin-bottom: 80px !important;}&#8221;][vc_column offset=&#8221;vc_col-lg-6 vc_col-md-6&#8243;][vc_column_text css=&#8221;&#8221;]<\/p>\n<h2><span style=\"font-weight: 300;\">BEM-VINDO AO PASSAGE HEALTH INTERNATIONAL<\/span><\/h2>\n<p>A Passage Health International faz os neg\u00f3cios flu\u00edrem. Como uma das principais empresas de faturamento m\u00e9dico do mundo, projetamos e implementamos solu\u00e7\u00f5es l\u00edderes do setor para processamento de reclama\u00e7\u00f5es e otimiza\u00e7\u00e3o de receitas.<\/p>\n<p>Nossos funcion\u00e1rios dedicados, trabalhando 24 horas por dia, oferecem excel\u00eancia operacional para fornecer solu\u00e7\u00f5es e servi\u00e7os vi\u00e1veis para as necessidades do seu ciclo de receita.[\/vc_column_text][vc_row_inner][vc_column_inner width=&#8221;1\/2&#8243;][vc_column_text css=&#8221;&#8221;]<strong>EINDAR KHANT<br \/>\n<\/strong><small>Presidente e diretor executivo<\/small>[\/vc_column_text][\/vc_column_inner][\/vc_row_inner][\/vc_column][vc_column offset=&#8221;vc_col-lg-6 vc_col-md-6 vc_hidden-sm vc_hidden-xs&#8221;][stm_video_popup image=&#8221;1352&#8243; video=&#8221;https:\/\/phi.vantivsystems.io\/wp-content\/uploads\/2024\/10\/PHiX-720p.mp4&#8243;][\/vc_column][\/vc_row][vc_row full_width=&#8221;stretch_row&#8221; equal_height=&#8221;yes&#8221; parallax=&#8221;content-moving&#8221; parallax_image=&#8221;258&#8243; el_class=&#8221;convert_to_table overlay&#8221; css=&#8221;.vc_custom_1450765517736{margin-bottom: 80px !important;}&#8221;][vc_column width=&#8221;2\/3&#8243; css=&#8221;.vc_custom_1450330273622{padding-top: 60px !important;padding-right: 0px !important;padding-bottom: 60px !important;}&#8221;][vc_custom_heading text=&#8221;Garanta que seus pedidos de indeniza\u00e7\u00e3o sejam tratados de forma 100% segura e eficiente&#8221; use_theme_fonts=&#8221;yes&#8221; css=&#8221;&#8221; el_class=&#8221;base_font_color heading_without_line&#8221;][vc_column_text css=&#8221;&#8221;]Projetamos nossos servi\u00e7os para atender \u00e0s necessidades de qualquer prestador de servi\u00e7os de sa\u00fade internacional, garantindo que seus pedidos de reembolso sejam processados com precis\u00e3o e rapidez, proporcionando a voc\u00ea tranquilidade e reembolsos em tempo h\u00e1bil.[\/vc_column_text][\/vc_column][vc_column width=&#8221;1\/3&#8243;][vc_btn title=&#8221;Entre em contato agora&#8221; style=&#8221;flat&#8221; shape=&#8221;round&#8221; color=&#8221;theme_style_3&#8243; align=&#8221;center&#8221; i_align=&#8221;right&#8221; i_icon_fontawesome=&#8221;stm-arrow-next&#8221; css=&#8221;.vc_custom_1734300104264{margin-top: 55px !important;}&#8221; add_icon=&#8221;true&#8221; link=&#8221;url:https%3A%2F%2Fpassagehi.com%2Fcontact%2F|title:Entre%20em%20contato%20conosco|&#8221;][\/vc_column][\/vc_row][vc_row][vc_column][vc_custom_heading text=&#8221;O que nos torna \u00fanicos?&#8221; use_theme_fonts=&#8221;yes&#8221; css=&#8221;&#8221;][vc_column_text css=&#8221;&#8221;]Com uma equipe dedicada de especialistas do setor, a Passage Health International opera perfeitamente em v\u00e1rias regi\u00f5es, garantindo o gerenciamento eficaz de sinistros m\u00e9dicos internacionais.[\/vc_column_text][\/vc_column][\/vc_row][vc_row css=&#8221;.vc_custom_1734301664885{margin-bottom: 20px !important;}&#8221;][vc_column width=&#8221;1\/4&#8243;][stm_icon icon_position=&#8221;icon_position_left&#8221; icon_size=&#8221;50&#8243; icon_width=&#8221;95&#8243; title_font_size=&#8221;14&#8243; title_font_weight=&#8221;600&#8243; title=&#8221;Solu\u00e7\u00f5es abrangentes de faturamento&#8221; icon=&#8221;fas fa-money-check-alt&#8221;][\/vc_column][vc_column width=&#8221;1\/4&#8243;][stm_icon icon_position=&#8221;icon_position_left&#8221; icon_size=&#8221;50&#8243; icon_width=&#8221;95&#8243; title_font_size=&#8221;14&#8243; title_font_weight=&#8221;600&#8243; title=&#8221;Verifica\u00e7\u00e3o de benef\u00edcios&#8221; icon=&#8221;fas fa-user-check&#8221;][\/vc_column][vc_column width=&#8221;1\/4&#8243;][stm_icon icon_position=&#8221;icon_position_left&#8221; icon_size=&#8221;51&#8243; icon_width=&#8221;95&#8243; title_font_size=&#8221;14&#8243; title_font_weight=&#8221;600&#8243; title=&#8221;Suporte jur\u00eddico&#8221; icon=&#8221;fas fa-balance-scale&#8221;][\/vc_column][vc_column width=&#8221;1\/4&#8243;][stm_icon icon_position=&#8221;icon_position_left&#8221; icon_size=&#8221;50&#8243; icon_width=&#8221;95&#8243; title_font_size=&#8221;14&#8243; title_font_weight=&#8221;600&#8243; title=&#8221;Rede global&#8221; icon=&#8221;fas fa-globe&#8221;][\/vc_column][\/vc_row][vc_row full_width=&#8221;stretch_row&#8221; css=&#8221;.vc_custom_1734370304830{margin-top: 75px !important;margin-bottom: 75px !important;}&#8221;][vc_column][vc_column_text css=&#8221;&#8221;]<\/p>\n<h2>Depoimentos de clientes<\/h2>\n<p>[\/vc_column_text][stm_testimonials posts_per_page=&#8221;4&#8243; autoplay=&#8221;yes&#8221;][\/vc_column][\/vc_row][vc_row][vc_column][vc_gmaps link=&#8221;#E-8_JTNDaWZyYW1lJTIwc3JjJTNEJTIyaHR0cHMlM0ElMkYlMkZ3d3cuZ29vZ2xlLmNvbSUyRm1hcHMlMkZlbWJlZCUzRnBiJTNEJTIxMW0xOCUyMTFtMTIlMjExbTMlMjExZDI4NjM5LjAxMzk5NjE0Njk3MiUyMTJkLTgwLjE3MDg2MzE1NjYwODQ4JTIxM2QyNi4yMDA2ODczMzEyNDA3OTMlMjEybTMlMjExZjAlMjEyZjAlMjEzZjAlMjEzbTIlMjExaTEwMjQlMjEyaTc2OCUyMTRmMTMuMSUyMTNtMyUyMTFtMiUyMTFzMHg4OGQ5MDNiNWRiYTgwOWY1JTI1M0EweGJjMjU2M2UzMzQyMzFlZiUyMTJzNTkwMCUyNTIwTiUyNTIwQW5kcmV3cyUyNTIwQXZlJTI1MkMlMjUyMEZvcnQlMjUyMExhdWRlcmRhbGUlMjUyQyUyNTIwRkwlMjUyMDMzMzA5JTIxNWUwJTIxM20yJTIxMXNlbiUyMTJzdXMlMjE0djE3NTIwOTkxNjA1MzklMjE1bTIlMjExc2VuJTIxMnN1cyUyMiUyMHdpZHRoJTNEJTIyNjAwJTIyJTIwaGVpZ2h0JTNEJTIyNDUwJTIyJTIwc3R5bGUlM0QlMjJib3JkZXIlM0EwJTNCJTIyJTIwYWxsb3dmdWxsc2NyZWVuJTNEJTIyJTIyJTIwbG9hZGluZyUzRCUyMmxhenklMjIlMjByZWZlcnJlcnBvbGljeSUzRCUyMm5vLXJlZmVycmVyLXdoZW4tZG93bmdyYWRlJTIyJTNFJTNDJTJGaWZyYW1lJTNF&#8221; size=&#8221;325px&#8221; css=&#8221;&#8221;][\/vc_column][\/vc_row]<\/p>\n<\/div>","protected":false},"excerpt":{"rendered":"<p>[vc_row][vc_column][\/vc_column][\/vc_row][vc_row full_width=&#8221;stretch_row&#8221; el_class=&#8221;base_bg_color no_overflow_hidden&#8221; css=&#8221;.vc_custom_1448432556856{margin-bottom: 80px !important;}&#8221;][vc_column width=&#8221;1\/4&#8243; offset=&#8221;vc_hidden-xs&#8221;][stm_rev_slider_nav title=&#8221;Experi\u00eancia global&#8221; icon=&#8221;stm-clients-worldwide&#8221; slide_number=&#8221;1&#8243;][\/vc_column][vc_column width=&#8221;1\/4&#8243; offset=&#8221;vc_hidden-xs&#8221;][stm_rev_slider_nav title=&#8221;Suporte inigual\u00e1vel&#8221; icon=&#8221;stm-support&#8221; slide_number=&#8221;2&#8243;][\/vc_column][vc_column width=&#8221;1\/4&#8243; offset=&#8221;vc_hidden-xs&#8221;][stm_rev_slider_nav title=&#8221;Paz de esp\u00edrito&#8221; icon=&#8221;stm-transport839&#8243; slide_number=&#8221;3&#8243;][\/vc_column][vc_column width=&#8221;1\/4&#8243; offset=&#8221;vc_hidden-xs&#8221;][stm_rev_slider_nav title=&#8221;Rede mundial&#8221; icon=&#8221;stm-people-in-team&#8221; slide_number=&#8221;4&#8243;][\/vc_column][\/vc_row][vc_row full_height=&#8221;yes&#8221;&#8230;<\/p>\n","protected":false},"author":1,"featured_media":0,"parent":0,"menu_order":0,"comment_status":"closed","ping_status":"open","template":"","meta":{"footnotes":""},"class_list":["post-1858","page","type-page","status-publish","hentry"],"_links":{"self":[{"href":"https:\/\/passagehi.com\/pt-br\/wp-json\/wp\/v2\/pages\/1858","targetHints":{"allow":["GET"]}}],"collection":[{"href":"https:\/\/passagehi.com\/pt-br\/wp-json\/wp\/v2\/pages"}],"about":[{"href":"https:\/\/passagehi.com\/pt-br\/wp-json\/wp\/v2\/types\/page"}],"author":[{"embeddable":true,"href":"https:\/\/passagehi.com\/pt-br\/wp-json\/wp\/v2\/users\/1"}],"replies":[{"embeddable":true,"href":"https:\/\/passagehi.com\/pt-br\/wp-json\/wp\/v2\/comments?post=1858"}],"version-history":[{"count":15,"href":"https:\/\/passagehi.com\/pt-br\/wp-json\/wp\/v2\/pages\/1858\/revisions"}],"predecessor-version":[{"id":2018,"href":"https:\/\/passagehi.com\/pt-br\/wp-json\/wp\/v2\/pages\/1858\/revisions\/2018"}],"wp:attachment":[{"href":"https:\/\/passagehi.com\/pt-br\/wp-json\/wp\/v2\/media?parent=1858"}],"curies":[{"name":"wp","href":"https:\/\/api.w.org\/{rel}","templated":true}]}}