{"id":2031,"date":"2025-09-23T18:07:53","date_gmt":"2025-09-23T18:07:53","guid":{"rendered":"https:\/\/passagehi.com\/jose-campins\/"},"modified":"2025-10-07T15:00:03","modified_gmt":"2025-10-07T15:00:03","slug":"jose-campins","status":"publish","type":"page","link":"https:\/\/passagehi.com\/pt-br\/nossa-equipe\/jose-campins\/","title":{"rendered":"Jose Campins"},"content":{"rendered":"<div class=\"wpb-content-wrapper\"><p>[vc_row][vc_column][vc_column_text css=&#8221;.vc_custom_1758650690841{margin-bottom: 45px !important;}&#8221;]<\/p>\n<h2><strong>Jos\u00e9 Campins<\/strong>, A<small>dvogado Geral<\/small><\/h2>\n<p>[\/vc_column_text][\/vc_column][\/vc_row][vc_row][vc_column width=&#8221;1\/4&#8243;][vc_single_image image=&#8221;2019&#8243; img_size=&#8221;450&#215;450&#8243; css=&#8221;&#8221;][\/vc_column][vc_column width=&#8221;3\/4&#8243;][vc_column_text css=&#8221;&#8221;]Jose Campins atua como Conselheiro Geral da Passage Health International, trazendo conhecimento jur\u00eddico e quase uma d\u00e9cada de experi\u00eancia pr\u00e1tica no setor de sa\u00fade. Ele obteve seu t\u00edtulo de doutor em direito pela FIU College of Law, onde recebeu a prestigiosa bolsa de estudos C.A.M.P. 4 Justice Human Rights Scholarship em reconhecimento ao seu compromisso com a justi\u00e7a e a defesa dos direitos humanos. <\/p>\n<p>Antes de ingressar na Passage, Jose trabalhou extensivamente no setor de sa\u00fade, adquirindo profundo conhecimento de sua estrutura regulat\u00f3ria e dos complexos desafios enfrentados por pacientes e provedores para garantir resolu\u00e7\u00f5es justas de reclama\u00e7\u00f5es. Sua experi\u00eancia combinada em direito e sa\u00fade permite que ele navegue por quest\u00f5es jur\u00eddicas e de conformidade complexas, protegendo os interesses dos provedores e garantindo a integridade no gerenciamento de reclama\u00e7\u00f5es. <\/p>\n<p>Na Passage Health International, Jose desempenha um papel fundamental no avan\u00e7o da miss\u00e3o da empresa de oferecer solu\u00e7\u00f5es de gerenciamento de sinistros internacionais transparentes, \u00e9ticas e eficazes.[\/vc_column_text][vc_btn title=&#8221;Retornar \u00e0 nossa equipe&#8221; style=&#8221;flat&#8221; color=&#8221;theme_style_3&#8243; i_icon_fontawesome=&#8221;fas fa-arrow-left&#8221; css=&#8221;&#8221; add_icon=&#8221;true&#8221; link=&#8221;url:https%3A%2F%2Fpassagehi.com%2Four-team%2F|title:Nossa%20equipe|&#8221;][\/vc_column][\/vc_row]<\/p>\n<\/div>","protected":false},"excerpt":{"rendered":"<p>[vc_row][vc_column][vc_column_text css=&#8221;.vc_custom_1758650690841{margin-bottom: 45px !important;}&#8221;] Jos\u00e9 Campins, Advogado Geral [\/vc_column_text][\/vc_column][\/vc_row][vc_row][vc_column width=&#8221;1\/4&#8243;][vc_single_image image=&#8221;2019&#8243; img_size=&#8221;450&#215;450&#8243; css=&#8221;&#8221;][\/vc_column][vc_column width=&#8221;3\/4&#8243;][vc_column_text css=&#8221;&#8221;]Jose Campins atua como Conselheiro Geral da Passage Health International, trazendo conhecimento jur\u00eddico e quase uma d\u00e9cada de experi\u00eancia&#8230;<\/p>\n","protected":false},"author":2,"featured_media":0,"parent":1780,"menu_order":0,"comment_status":"closed","ping_status":"closed","template":"","meta":{"footnotes":""},"class_list":["post-2031","page","type-page","status-publish","hentry"],"_links":{"self":[{"href":"https:\/\/passagehi.com\/pt-br\/wp-json\/wp\/v2\/pages\/2031","targetHints":{"allow":["GET"]}}],"collection":[{"href":"https:\/\/passagehi.com\/pt-br\/wp-json\/wp\/v2\/pages"}],"about":[{"href":"https:\/\/passagehi.com\/pt-br\/wp-json\/wp\/v2\/types\/page"}],"author":[{"embeddable":true,"href":"https:\/\/passagehi.com\/pt-br\/wp-json\/wp\/v2\/users\/2"}],"replies":[{"embeddable":true,"href":"https:\/\/passagehi.com\/pt-br\/wp-json\/wp\/v2\/comments?post=2031"}],"version-history":[{"count":6,"href":"https:\/\/passagehi.com\/pt-br\/wp-json\/wp\/v2\/pages\/2031\/revisions"}],"predecessor-version":[{"id":2043,"href":"https:\/\/passagehi.com\/pt-br\/wp-json\/wp\/v2\/pages\/2031\/revisions\/2043"}],"up":[{"embeddable":true,"href":"https:\/\/passagehi.com\/pt-br\/wp-json\/wp\/v2\/pages\/1780"}],"wp:attachment":[{"href":"https:\/\/passagehi.com\/pt-br\/wp-json\/wp\/v2\/media?parent=2031"}],"curies":[{"name":"wp","href":"https:\/\/api.w.org\/{rel}","templated":true}]}}